{"id":5031,"date":"2014-07-01T12:59:04","date_gmt":"2014-07-01T12:59:04","guid":{"rendered":"https:\/\/jacques-canetti.com\/en\/les-editions-majestic\/"},"modified":"2016-08-16T11:59:53","modified_gmt":"2016-08-16T09:59:53","slug":"the-majestic-editions","status":"publish","type":"page","link":"https:\/\/jacques-canetti.com\/en\/the-majestic-editions\/","title":{"rendered":"The Majestic Editions"},"content":{"rendered":"<div class=\"wpb-content-wrapper\"><p>[vc_row][vc_column][vc_single_image image=&#8221;837&#8243; img_size=&#8221;medium&#8221; alignment=&#8221;center&#8221;]<div class=\"gap\" style=\"line-height: 40px; height: 40px;\"><\/div>[vc_column_text]As well as <em>Les Productions Jacques Canetti<\/em>, the <em>Editions Majestic-Jacques Canetti<\/em> offers an impressive catalogue of great songs such as the works of <strong>Boris Vian, Jacques Pr\u00e9vert, Jean Cocteau, Elsa Triolet, Louis Aragon, Jean Tardieu, Raymond Queneau, Ren\u00e9 Fallet, Felix Leclerc, Serge Rezvani, Marguerite Duras, Jean-Louis Dabadie, Brigitte Fontaine, Fran\u00e7ois Billetdoux, Michel Rivgauche, Jacques Higelin, Jacques Datin, Lucienne Vernay, Esther Prestia\u2026<\/strong><\/p>\n<p><em>Majestic<\/em> includes some 850 works, most of which are digitalised and provided in the form of sheet music. In 2010, <em>Majestic<\/em> published the first ever <strong>Song-Book Boris<\/strong> with <em>Mage Music\u2026<\/em><\/p>\n<p>Furthermore, Fran\u00e7oise manages the third party and sync licensing of the titles published by <em>Majestic<\/em>. From the film \u201cSkylab\u201d by <strong>Julie Delpy<\/strong> with <em>Tomorose<\/em> sung by <strong>Jeanne Moreau<\/strong>, to <strong>Bertrand Tavernier\u2019s<\/strong> last film \u201c<em>Le bruit des gla\u00e7ons<\/em>\u201d including Felix Leclerc\u2019s <em>Variation sur le verbe aimer,<\/em> to the film of the American film director <strong>Alejandro Itkins<\/strong> \u201cSoBe Real\u201d including Boris Vian\u2019s <em>Je suis un monstre de perversit\u00e9<\/em>, all the way to school textbooks\u2026 the rights are managed and controlled by Majestic Editions with the help of the <em>SACEM<\/em> (Society of authors, composers and publishers of music).[\/vc_column_text]<div class=\"gap\" style=\"line-height: 30px; height: 30px;\"><\/div>[vc_column_text]<\/p>\n<h4 style=\"text-align: center;\">PROFESSIONALS : YOU WISH TO HAVE RIGHTS TO DISTRIBUTE\u00a0OUR WORKS? CONTACT US !<\/h4>\n<p>[\/vc_column_text][contact-form-7 id=&#8221;4&#8243;]<div class=\"gap\" style=\"line-height: 30px; height: 30px;\"><\/div>[vc_column_text]<\/p>\n<h4 style=\"text-align: center;\">More<\/h4>\n<p>[\/vc_column_text]<span id=\"creative-link-wrap-1446\" class=\"ult_main_cl ult-adjust-bottom-margin  \" >\n\t \t\t\t<span class=\"ult_cl_link_1  ult_crlink\" >\n\t\t\t\t\t<a  data-ultimate-target='#creative-link-wrap-1446 .ult_colorlink'  data-responsive-json-new='{\"font-size\":\"\",\"line-height\":\"\"}'  href=\"javascript:void(0);\"  class=\"ult_colorlink ult-responsive \" style=\"font-weight:normal;color:#333333; \"  data-textcolor=\"#333333\" data-texthover=\"#dd3333\"data-style=\"Style_1\">\n\t\t\t\t\t\t\n\t\t\t\t\t\t<span data-hover=\"Song book\" style=\"color:#333333;;;\" class=\"ult_btn10_span   \">Song book<\/span>\n\t\t\t\t\t\t\n\t\t\t\t\t<\/a>\n\t\t\t\t<\/span>\n\t\t\t<\/span><span id=\"creative-link-wrap-6899\" class=\"ult_main_cl ult-adjust-bottom-margin  \" >\n\t \t\t\t<span class=\"ult_cl_link_1  ult_crlink\" >\n\t\t\t\t\t<a  data-ultimate-target='#creative-link-wrap-6899 .ult_colorlink'  data-responsive-json-new='{\"font-size\":\"\",\"line-height\":\"\"}'  href=\"javascript:void(0);\"  class=\"ult_colorlink ult-responsive \" style=\"font-weight:normal;color:#333333; \"  data-textcolor=\"#333333\" data-texthover=\"#dd3333\"data-style=\"Style_1\">\n\t\t\t\t\t\t\n\t\t\t\t\t\t<span data-hover=\"Editorial catalogue by artist\" style=\"color:#333333;;;\" class=\"ult_btn10_span   \">Editorial catalogue by artist<\/span>\n\t\t\t\t\t\t\n\t\t\t\t\t<\/a>\n\t\t\t\t<\/span>\n\t\t\t<\/span><div class=\"gap\" style=\"line-height: 30px; height: 30px;\"><\/div><div class=\"hr-thin style-line\" style=\"width: 100%;border-top-width: 1px;\"><\/div>[\/vc_column][\/vc_row][vc_row][vc_column][vc_video link=&#8221;https:\/\/www.youtube.com\/watch?v=T6n2pATSyOU&#8221; title=&#8221;Find out more&#8221;][\/vc_column][\/vc_row]<\/p>\n<\/div>","protected":false},"excerpt":{"rendered":"<p>[vc_row][vc_column][vc_single_image image=&#8221;837&#8243; img_size=&#8221;medium&#8221; alignment=&#8221;center&#8221;][vc_column_text]As well as Les Productions Jacques Canetti, the Editions Majestic-Jacques Canetti offers an impressive catalogue of great songs such as the works of Boris Vian, Jacques Pr\u00e9vert, Jean Cocteau, Elsa Triolet, Louis Aragon, Jean Tardieu, Raymond Queneau, Ren\u00e9 Fallet, Felix Leclerc, Serge Rezvani, Marguerite Duras, Jean-Louis Dabadie, Brigitte Fontaine, Fran\u00e7ois Billetdoux, Michel&hellip;<\/p>\n","protected":false},"author":1,"featured_media":0,"parent":0,"menu_order":0,"comment_status":"closed","ping_status":"closed","template":"","meta":{"_seopress_robots_primary_cat":"","_seopress_titles_title":"Majestic Editions | %%sitetitle%%","_seopress_titles_desc":"Founded in 1964, the Majestic-Jacques Canetti Editions offers an impressive catalog of great songs such works by Boris Vian, Jacques Pr\u00e9vert","_seopress_robots_index":"","footnotes":""},"class_list":["post-5031","page","type-page","status-publish","hentry","description-off"],"_links":{"self":[{"href":"https:\/\/jacques-canetti.com\/en\/wp-json\/wp\/v2\/pages\/5031","targetHints":{"allow":["GET"]}}],"collection":[{"href":"https:\/\/jacques-canetti.com\/en\/wp-json\/wp\/v2\/pages"}],"about":[{"href":"https:\/\/jacques-canetti.com\/en\/wp-json\/wp\/v2\/types\/page"}],"author":[{"embeddable":true,"href":"https:\/\/jacques-canetti.com\/en\/wp-json\/wp\/v2\/users\/1"}],"replies":[{"embeddable":true,"href":"https:\/\/jacques-canetti.com\/en\/wp-json\/wp\/v2\/comments?post=5031"}],"version-history":[{"count":0,"href":"https:\/\/jacques-canetti.com\/en\/wp-json\/wp\/v2\/pages\/5031\/revisions"}],"wp:attachment":[{"href":"https:\/\/jacques-canetti.com\/en\/wp-json\/wp\/v2\/media?parent=5031"}],"curies":[{"name":"wp","href":"https:\/\/api.w.org\/{rel}","templated":true}]}}