{"id":5062,"date":"2014-04-11T12:44:01","date_gmt":"2014-04-11T12:44:01","guid":{"rendered":"https:\/\/jacques-canetti.com\/en\/mentions-legales\/"},"modified":"2014-04-11T12:44:01","modified_gmt":"2014-04-11T12:44:01","slug":"mentions-legales","status":"publish","type":"page","link":"https:\/\/jacques-canetti.com\/en\/mentions-legales\/","title":{"rendered":"Mentions L\u00e9gales"},"content":{"rendered":"<div class=\"wpb-content-wrapper\"><p>[vc_row][vc_column width=&#8221;1\/1&#8243;][vc_column_text]<strong>Informations l\u00e9gales<\/strong><\/p>\n<p>&nbsp;<\/p>\n<p>La conception, la forme, le titre et l&#8217;ensemble des \u00e9l\u00e9ments contenus sur le site www.jacques-canetti.com sont prot\u00e9g\u00e9s \u00e0 l&#8217;\u00e9chelle mondiale au titre du droit d&#8217;auteur.<\/p>\n<p>&nbsp;<\/p>\n<p><strong>Droits d&#8217;auteur<\/strong><\/p>\n<p>&nbsp;<\/p>\n<p>Le titre, la conception, la forme du site www.jacques-canetti.com mais aussi son contenu tels que le contenu \u00e9ditorial, illustrations et images originales et leur organisation, et autres \u00e9l\u00e9ments contenus sur le site www.jacques-canetti.com sont la propri\u00e9t\u00e9 des Productions Jacques Canetti et Editions Majestic, except\u00e9 le contenu libre de droit sp\u00e9cifi\u00e9.<\/p>\n<p>Les Productions Jacques Canetti et Editions Majestic n&#8217;autorisent leurs visiteurs \u00e0 copier \u00e9lectroniquement et \u00e0 imprimer sur support papier ces \u00e9l\u00e9ments que dans le seul but de pr\u00e9parer leurs achats et pour passer une commande \u00e0 www.jacques-canetti.com. Toute autre utilisation d&#8217;\u00e9l\u00e9ments du site www.jacques-canetti.com, y compris la reproduction dans des buts autres que ceux susmentionn\u00e9s, la modification, la diffusion ou la re-publication, sans l&#8217;autorisation \u00e9crite pr\u00e9alable des Productions Jacques Canetti et Editions Majestic, est strictement interdite et constitutive d&#8217;une contrefa\u00e7on sanctionn\u00e9e p\u00e9nalement.<\/p>\n<p>[\/vc_column_text][\/vc_column][\/vc_row]<\/p>\n<\/div>","protected":false},"excerpt":{"rendered":"<p>[vc_row][vc_column width=&#8221;1\/1&#8243;][vc_column_text]Informations l\u00e9gales &nbsp; La conception, la forme, le titre et l&#8217;ensemble des \u00e9l\u00e9ments contenus sur le site www.jacques-canetti.com sont prot\u00e9g\u00e9s \u00e0 l&#8217;\u00e9chelle mondiale au titre du droit d&#8217;auteur. &nbsp; Droits d&#8217;auteur &nbsp; Le titre, la conception, la forme du site www.jacques-canetti.com mais aussi son contenu tels que le contenu \u00e9ditorial, illustrations et images originales&hellip;<\/p>\n","protected":false},"author":1,"featured_media":0,"parent":0,"menu_order":0,"comment_status":"closed","ping_status":"closed","template":"","meta":{"_seopress_robots_primary_cat":"","_seopress_titles_title":"Mentions l\u00e9gales | %%sitetitle%%","_seopress_titles_desc":"","_seopress_robots_index":"yes","footnotes":""},"class_list":["post-5062","page","type-page","status-publish","hentry","description-off"],"_links":{"self":[{"href":"https:\/\/jacques-canetti.com\/en\/wp-json\/wp\/v2\/pages\/5062","targetHints":{"allow":["GET"]}}],"collection":[{"href":"https:\/\/jacques-canetti.com\/en\/wp-json\/wp\/v2\/pages"}],"about":[{"href":"https:\/\/jacques-canetti.com\/en\/wp-json\/wp\/v2\/types\/page"}],"author":[{"embeddable":true,"href":"https:\/\/jacques-canetti.com\/en\/wp-json\/wp\/v2\/users\/1"}],"replies":[{"embeddable":true,"href":"https:\/\/jacques-canetti.com\/en\/wp-json\/wp\/v2\/comments?post=5062"}],"version-history":[{"count":0,"href":"https:\/\/jacques-canetti.com\/en\/wp-json\/wp\/v2\/pages\/5062\/revisions"}],"wp:attachment":[{"href":"https:\/\/jacques-canetti.com\/en\/wp-json\/wp\/v2\/media?parent=5062"}],"curies":[{"name":"wp","href":"https:\/\/api.w.org\/{rel}","templated":true}]}}