{"id":5063,"date":"2014-04-11T12:43:32","date_gmt":"2014-04-11T12:43:32","guid":{"rendered":"https:\/\/jacques-canetti.com\/en\/conditions-generales-de-vente\/"},"modified":"2014-04-11T12:43:32","modified_gmt":"2014-04-11T12:43:32","slug":"conditions-generales-de-vente","status":"publish","type":"page","link":"https:\/\/jacques-canetti.com\/en\/conditions-generales-de-vente\/","title":{"rendered":"Conditions G\u00e9n\u00e9rales de Vente"},"content":{"rendered":"<div class=\"wpb-content-wrapper\"><p>[vc_row][vc_column width=&#8221;1\/1&#8243;][vc_column_text]<\/p>\n<p style=\"text-align: center;\"><strong>Conditions g\u00e9n\u00e9rales de vente et d\u2019utilisation<\/strong><\/p>\n<p>&nbsp;<\/p>\n<p><strong>ARTICLE 1.\u00a0\u00a0\u00a0\u00a0\u00a0\u00a0\u00a0\u00a0 <\/strong><strong>GENERALITES<\/strong><\/p>\n<p><strong>\u00a0<\/strong><\/p>\n<p><strong>1.1.\u00a0\u00a0\u00a0\u00a0\u00a0 <\/strong>Les pr\u00e9sentes conditions g\u00e9n\u00e9rales de vente et d\u2019utilisation de la soci\u00e9t\u00e9 <strong>Productions Jacques Canetti <\/strong>d\u00e9finissent les droits et obligations des parties dans le cadre de la vente de produits par cette derni\u00e8re au <strong>Client<\/strong> et de l\u2019utilisation du site Internet <a href=\"http:\/\/www.jacques-canetti.com\/\">www.jacques-canetti.com<\/a> (ci-apr\u00e8s, le \u00ab\u00a0<strong>Site<\/strong>\u00a0\u00bb). Le Client d\u00e9clare en avoir pris connaissance et accept\u00e9 les droits et obligations y aff\u00e9rents.<\/p>\n<p>&nbsp;<\/p>\n<p><strong>1.2.\u00a0\u00a0\u00a0\u00a0\u00a0 <\/strong>La soci\u00e9t\u00e9 Productions Jacques Canetti est une SA de droit fran\u00e7ais au capital de 75\u00a0000 \u20ac dont le si\u00e8ge social est situ\u00e9 19, rue de la Cerisaie \u2013 92150 Suresnes, et enregistr\u00e9e au Registre du Commerce et des Soci\u00e9t\u00e9s de Nanterre sous le num\u00e9ro 552\u00a0035\u00a0578.<\/p>\n<p>&nbsp;<\/p>\n<p><strong>ARTICLE 2.\u00a0\u00a0\u00a0\u00a0\u00a0\u00a0\u00a0\u00a0 <\/strong><strong>PRIX <\/strong><\/p>\n<p>&nbsp;<\/p>\n<p><strong>2.1.\u00a0\u00a0\u00a0\u00a0\u00a0 <\/strong>Les prix affich\u00e9s sur le site <a href=\"http:\/\/www.jacques-canetti.com\/\">www.jacques-canetti.com<\/a> sont indiqu\u00e9s en euros toutes taxes fran\u00e7aises comprises (TVA + autres taxes et notamment taxe sur les vid\u00e9ogrammes), hors participation aux frais de traitement et d&#8217;exp\u00e9dition. Le prix des livres et des partitions est \u00e9tabli dans le strict respect de la loi Lang n\u00b0 81-766 du 10 ao\u00fbt 1981.<\/p>\n<p>&nbsp;<\/p>\n<p><strong>2.2.\u00a0\u00a0\u00a0\u00a0\u00a0 <\/strong>En cas de commande \u00e0 destination d\u2019un pays autre que la France m\u00e9tropolitaine, le Client est consid\u00e9r\u00e9 comme l&#8217;importateur du ou des produits concern\u00e9s. Pour tous les produits exp\u00e9di\u00e9s hors Union europ\u00e9enne et DOM-TOM, le prix sera calcul\u00e9 hors taxes automatiquement sur la facture. Des droits de douane, autres taxes locales, droits d&#8217;importation ou taxes d&#8217;\u00c9tat sont susceptibles d&#8217;\u00eatre exigibles. Ces droits et taxes ne rel\u00e8vent pas du ressort de la soci\u00e9t\u00e9 Productions Jacques Canetti. Ils seront \u00e0 la charge du Client et rel\u00e8vent de son enti\u00e8re responsabilit\u00e9, tant en termes de d\u00e9clarations que de paiements aux autorit\u00e9s et organismes comp\u00e9tents. Il est conseill\u00e9 aux Clients de se renseigner sur ces aspects aupr\u00e8s de ses autorit\u00e9s locales.<\/p>\n<p>&nbsp;<\/p>\n<p><strong>2.3.\u00a0\u00a0\u00a0\u00a0\u00a0 <\/strong>La soci\u00e9t\u00e9 Productions Jacques Canetti se r\u00e9serve le droit de modifier ses prix \u00e0 tout moment. Les produits seront toutefois factur\u00e9s sur la base des tarifs en vigueur au moment de l&#8217;enregistrement des commandes.<\/p>\n<p>&nbsp;<\/p>\n<p><strong>2.4.\u00a0\u00a0\u00a0\u00a0\u00a0 <\/strong>Les produits demeurent la propri\u00e9t\u00e9 de la soci\u00e9t\u00e9 Productions Jacques Canetti jusqu&#8217;au complet paiement du prix.<\/p>\n<p>&nbsp;<\/p>\n<p><strong>ARTICLE 3.\u00a0\u00a0\u00a0\u00a0\u00a0\u00a0\u00a0\u00a0 <\/strong><strong>COMMANDE <\/strong><\/p>\n<p>&nbsp;<\/p>\n<p>Les commandes pourront \u00eatre pass\u00e9es\u00a0:<\/p>\n<p>&nbsp;<\/p>\n<p>&#8211;\u00a0\u00a0\u00a0\u00a0\u00a0\u00a0\u00a0 par Internet : <a href=\"http:\/\/www.jacques-canetti.com\/\">www.jacques-canetti.com<\/a><\/p>\n<p>&#8211;\u00a0\u00a0\u00a0\u00a0\u00a0\u00a0\u00a0 par t\u00e9l\u00e9phone, au 01 42 04 97 05 depuis la France m\u00e9tropolitaine, ou au +33.1.42 04 97 05 depuis les DOM TOM et l&#8217;\u00e9tranger, du lundi au vendredi de 9h30 \u00e0 18h00.<\/p>\n<p>&nbsp;<\/p>\n<p><strong>ARTICLE 4.\u00a0\u00a0\u00a0\u00a0\u00a0\u00a0\u00a0\u00a0 <\/strong><strong>VALIDATION <\/strong><\/p>\n<p>&nbsp;<\/p>\n<p><strong>4.1.\u00a0\u00a0\u00a0\u00a0\u00a0 <\/strong>Le Client d\u00e9clare avoir pris connaissance et accept\u00e9 les pr\u00e9sentes conditions g\u00e9n\u00e9rales de vente avant la passation de sa commande. La validation de la commande vaut acceptation de ces conditions g\u00e9n\u00e9rales de vente.<\/p>\n<p>&nbsp;<\/p>\n<p><strong>4.2.\u00a0\u00a0\u00a0\u00a0\u00a0 <\/strong>Sauf preuve contraire, les donn\u00e9es enregistr\u00e9es par la soci\u00e9t\u00e9 Productions Jacques Canetti, telles qu\u2019elles sont renseign\u00e9es sur le Site, constituent la preuve des transactions pass\u00e9es avec le Client.<\/p>\n<p>&nbsp;<\/p>\n<p>&nbsp;<\/p>\n<p><strong>ARTICLE 5.\u00a0\u00a0\u00a0\u00a0\u00a0\u00a0\u00a0\u00a0 <\/strong><strong>DISPONIBILIT\u00c9 <\/strong><\/p>\n<p>&nbsp;<\/p>\n<p><strong>5.1.\u00a0\u00a0\u00a0\u00a0\u00a0 <\/strong>Les offres de produits et prix mentionn\u00e9s sur le Site sont valables tant qu\u2019ils sont visibles sur le Site, dans la limite des stocks disponibles.<\/p>\n<p>&nbsp;<\/p>\n<p><strong>5.2.\u00a0\u00a0\u00a0\u00a0\u00a0 <\/strong>Pour les produits non stock\u00e9s dans les entrep\u00f4ts de la soci\u00e9t\u00e9 Productions Jacques Canetti, les offres sont valables sous r\u00e9serve de disponibilit\u00e9 chez les fournisseurs concern\u00e9s.<\/p>\n<p>&nbsp;<\/p>\n<p><strong>5.3.\u00a0\u00a0\u00a0\u00a0\u00a0 <\/strong>Dans l&#8217;\u00e9ventualit\u00e9 d&#8217;une indisponibilit\u00e9 de produit apr\u00e8s passation de la commande, le Client en sera inform\u00e9 par e-mail ou par courrier d\u00e8s r\u00e9ception des informations re\u00e7ues par les fournisseurs concern\u00e9s. La commande sera automatiquement annul\u00e9e.<\/p>\n<p>&nbsp;<\/p>\n<p><strong>ARTICLE 6.\u00a0\u00a0\u00a0\u00a0\u00a0\u00a0\u00a0\u00a0 <\/strong><strong>LIVRAISON <\/strong><\/p>\n<p>&nbsp;<\/p>\n<p><strong>6.1.\u00a0\u00a0\u00a0\u00a0\u00a0 <\/strong>Les produits sont livr\u00e9s \u00e0 l&#8217;adresse de livraison que indiqu\u00e9e par le Client au cours du processus de commande. Les d\u00e9lais indiqu\u00e9s sur le Site sont des d\u00e9lais moyens habituels et correspondent aux d\u00e9lais de traitement d\u2019exp\u00e9dition auxquels s\u2019ajoute le d\u00e9lai d\u2019acheminement. En cas de paiement par ch\u00e8que, le point de d\u00e9part des d\u00e9lais applicables est le jour de r\u00e9ception du ch\u00e8que.<\/p>\n<p>&nbsp;<\/p>\n<p><strong>6.2.\u00a0\u00a0\u00a0\u00a0\u00a0 <\/strong>En cas de difficult\u00e9, les Clients sont invit\u00e9s \u00e0 prendre contact avec la soci\u00e9t\u00e9 Productions Jacques Canetti, par e-mail (<a href=\"mailto:commandes@canetti.com\">productions@canetti.com<\/a>) ou par t\u00e9l\u00e9phone au (01 42 04 97 05).<\/p>\n<p>&nbsp;<\/p>\n<p><strong>6.3.\u00a0\u00a0\u00a0\u00a0\u00a0 <\/strong>En cas de retard d\u2019exp\u00e9dition, un e-mail sera adress\u00e9 au Client. Dans ce cas, et tant que le produit n\u2019aura pas \u00e9t\u00e9 exp\u00e9di\u00e9, le Client disposera de la facult\u00e9 d\u2019annuler sa commande<\/p>\n<p>&nbsp;<\/p>\n<p><strong>6.4.\u00a0\u00a0\u00a0\u00a0\u00a0 <\/strong>Post\u00e9rieurement \u00e0 l\u2019exp\u00e9dition, la soci\u00e9t\u00e9 Productions Jacques Canetti ne pourra \u00eatre tenue responsable des cons\u00e9quences d\u2019un retard d&#8217;acheminement. Le Client pourra toutefois annuler sa commande et demander le remboursement du produit ainsi que les frais de retour, \u00e0 condition de r\u00e9exp\u00e9dier imm\u00e9diatement le produit complet et dans son \u00e9tat et son emballage d\u2019origine.<\/p>\n<p>&nbsp;<\/p>\n<p><strong>ARTICLE 7.\u00a0\u00a0\u00a0\u00a0\u00a0\u00a0\u00a0\u00a0 <\/strong><strong>D\u00e9lais et co\u00fbts de livraison<\/strong><\/p>\n<p>&nbsp;<\/p>\n<p><strong>7.1.\u00a0\u00a0\u00a0\u00a0\u00a0 <\/strong><strong>Envoi en France m\u00e9tropolitaine et Union Europ\u00e9enne<\/strong><\/p>\n<p>&nbsp;<\/p>\n<p>Tous les colis sont envoy\u00e9s en lettre prioritaire (except\u00e9 pour l\u2019envoi de partitions). Le d\u00e9lai de livraison (d\u00e9lai d\u2019exp\u00e9dition + d\u00e9lai d\u2019acheminement) est estim\u00e9 \u00e0 72h pour la France et 6 jours environ pour l\u2019Union Europ\u00e9enne. Les frais de port sont automatiquement calcul\u00e9s lors de la validation finale de l\u2019achat en fonction du poids global et de la destination du colis.<\/p>\n<p>&nbsp;<\/p>\n<table style=\"height: 328px;\" width=\"372\">\n<tbody>\n<tr>\n<td colspan=\"2\" width=\"163\"><strong>Tarifs France* en Euros<\/strong><\/td>\n<td width=\"60\"><strong>\u00a0<\/strong><\/td>\n<td colspan=\"2\" width=\"149\"><\/td>\n<\/tr>\n<tr>\n<td width=\"100\"><\/td>\n<td width=\"63\"><\/td>\n<td width=\"60\"><\/td>\n<td colspan=\"2\" width=\"149\"><\/td>\n<\/tr>\n<tr>\n<td width=\"100\"><strong>Poids jusqu&#8217;\u00e0<\/strong><\/td>\n<td width=\"63\"><strong>Tarifs<\/strong><\/td>\n<td width=\"60\"><\/td>\n<td width=\"103\"><\/td>\n<td width=\"46\"><\/td>\n<\/tr>\n<tr>\n<td width=\"100\">50g<\/td>\n<td width=\"63\">2,30 \u20ac<\/td>\n<td width=\"60\"><\/td>\n<td width=\"103\"><\/td>\n<td width=\"46\"><\/td>\n<\/tr>\n<tr>\n<td width=\"100\">100g<\/td>\n<td width=\"63\">2,85 \u20ac<\/td>\n<td width=\"60\"><\/td>\n<td width=\"103\"><\/td>\n<td width=\"46\"><\/td>\n<\/tr>\n<tr>\n<td width=\"100\">250g<\/td>\n<td width=\"63\">3,85 \u20ac<\/td>\n<td width=\"60\"><\/td>\n<td width=\"103\"><\/td>\n<td width=\"46\"><\/td>\n<\/tr>\n<tr>\n<td width=\"100\">500g<\/td>\n<td width=\"63\">4,75 \u20ac<\/td>\n<td width=\"60\"><\/td>\n<td width=\"103\"><\/td>\n<td width=\"46\"><\/td>\n<\/tr>\n<tr>\n<td width=\"100\">1000g<\/td>\n<td width=\"63\">5,85 \u20ac<\/td>\n<td width=\"60\"><\/td>\n<td width=\"103\"><\/td>\n<td width=\"46\"><\/td>\n<\/tr>\n<tr>\n<td width=\"100\">2000g<\/td>\n<td width=\"63\">7,2 \u20ac<\/td>\n<td width=\"60\"><\/td>\n<td width=\"103\"><\/td>\n<td width=\"46\"><\/td>\n<\/tr>\n<tr>\n<td colspan=\"2\" width=\"163\">* Y compris Monaco et Andorre<\/td>\n<td width=\"60\"><\/td>\n<td width=\"103\"><\/td>\n<td width=\"46\"><\/td>\n<\/tr>\n<\/tbody>\n<\/table>\n<p>&nbsp;<\/p>\n<p>&nbsp;<\/p>\n<p>&nbsp;<\/p>\n<p>&nbsp;<\/p>\n<p>&nbsp;<\/p>\n<table width=\"231\">\n<tbody>\n<tr>\n<td colspan=\"2\" width=\"231\"><strong>Tarifs Zone A** en Euros<\/strong><\/td>\n<\/tr>\n<tr>\n<td width=\"114\"><\/td>\n<td width=\"117\"><\/td>\n<\/tr>\n<tr>\n<td width=\"114\"><strong>Poids jusqu&#8217;\u00e0<\/strong><\/td>\n<td width=\"117\"><strong>Tarifs<\/strong><\/td>\n<\/tr>\n<tr>\n<td width=\"114\">50g<\/td>\n<td width=\"117\">2,58 \u20ac<\/td>\n<\/tr>\n<tr>\n<td width=\"114\">100g<\/td>\n<td width=\"117\">3,05 \u20ac<\/td>\n<\/tr>\n<tr>\n<td width=\"114\">250g<\/td>\n<td width=\"117\">5,35 \u20ac<\/td>\n<\/tr>\n<tr>\n<td width=\"114\">500g<\/td>\n<td width=\"117\">7,35 \u20ac<\/td>\n<\/tr>\n<tr>\n<td width=\"114\">1000g<\/td>\n<td width=\"117\">10\u00a0\u20ac<\/td>\n<\/tr>\n<tr>\n<td width=\"114\">2000g<\/td>\n<td width=\"117\">13,85 \u20ac<\/td>\n<\/tr>\n<tr>\n<td width=\"114\"><\/td>\n<td width=\"117\"><\/td>\n<\/tr>\n<tr>\n<td colspan=\"2\" width=\"231\"><strong>** Zone A (Union Europ\u00e9enne et Suisse)\u00a0: <\/strong>Allemagne, Autriche, Belgique, Chypre, Danemark, Espagne, Estonie, Finlande, Gr\u00e8ce, Hongrie, Irlande, Italie, Lettonie, Lituanie, Luxembourg, Liechtenstein, Malte, Pays-Bas, Pologne, Portugal, R\u00e9p.Tch\u00e8que, Royaume-Uni, Saint-Marin, Slovaquie, Slov\u00e9nie, Su\u00e8de, Vatican<\/td>\n<\/tr>\n<\/tbody>\n<\/table>\n<p>&nbsp;<\/p>\n<p><strong>7.2.\u00a0\u00a0\u00a0\u00a0\u00a0 <\/strong><strong>Envois DOM-TOM ou international<\/strong><\/p>\n<p>&nbsp;<\/p>\n<p>Apr\u00e8s validation de la commande, la soci\u00e9t\u00e9 Productions Jacques Canetti enverra un mail \u00a0au Client pour lui donner avec exactitude le montant \u00e0 r\u00e9gler, frais de port inclus. Ces frais de port sont \u00e9galement calcul\u00e9s en fonction du poids et de la destination du colis.<\/p>\n<p>&nbsp;<\/p>\n<p>Les d\u00e9lais de livraison sont estim\u00e9s \u00e0 une semaine environ. Afin d&#8217;assurer les livraisons dans les meilleurs d\u00e9lais, il est obligatoire d&#8217;indiquer, lors de la commande, les noms et coordonn\u00e9es t\u00e9l\u00e9phoniques du destinataire. Il est \u00e9galement vivement recommand\u00e9 de ne pas adresser de colis \u00e0 des bo\u00eetes postales (possibles uniquement dans les DOM et collectivit\u00e9s territoriales sous certaines conditions) ou \u00e0 une poste restante \u00e0 l&#8217;international (hors DOM).<\/p>\n<p>&nbsp;<\/p>\n<p><strong>ARTICLE 8.\u00a0\u00a0\u00a0\u00a0\u00a0\u00a0\u00a0\u00a0 <\/strong><strong>PAIEMENT <\/strong><\/p>\n<p>&nbsp;<\/p>\n<p>Le r\u00e8glement des achats s&#8217;effectue :<\/p>\n<p>&nbsp;<\/p>\n<p>&#8211; \u00a0 \u00a0 \u00a0 par carte bancaire (Visa, MasterCard et autres cartes bleues)\u00a0; le d\u00e9bit de la carte n&#8217;est effectu\u00e9 qu&#8217;au moment de l&#8217;exp\u00e9dition de la commande\u00a0;<\/p>\n<p>&nbsp;<\/p>\n<p>&nbsp;<\/p>\n<p><strong>ARTICLE 9.\u00a0\u00a0\u00a0\u00a0\u00a0\u00a0\u00a0\u00a0 <\/strong><strong>SECURISATION <\/strong><\/p>\n<p>&nbsp;<\/p>\n<p>Le Site fait l&#8217;objet d&#8217;un syst\u00e8me de s\u00e9curisation (<a href=\"http:\/\/www.paiementcic.com\/\">http:\/\/www.paiementcic.com\/<\/a>). Le proc\u00e9d\u00e9 de cryptage SSL est applicable et l&#8217;ensemble des proc\u00e9d\u00e9s de brouillage et de cryptage sont renforc\u00e9s pour prot\u00e9ger le plus efficacement possible toutes les donn\u00e9es sensibles li\u00e9es aux moyens de paiement.<\/p>\n<p>&nbsp;<\/p>\n<p>&nbsp;<\/p>\n<p>&nbsp;<\/p>\n<p><strong>ARTICLE 10.\u00a0\u00a0\u00a0\u00a0\u00a0\u00a0 <\/strong><strong>SATISFAIT OU REMBOURS\u00c9<\/strong><\/p>\n<p>&nbsp;<\/p>\n<p><strong>10.1.\u00a0\u00a0 <\/strong>Le Client dispose d&#8217;un d\u00e9lai de 15 jours \u00e0 compter de la r\u00e9ception pour retourner le produit qui ne le satisferait pas. Les frais d&#8217;envoi et de retour seront alors \u00e0 sa charge\u00a0; seul le prix du ou des produits achet\u00e9s sera rembours\u00e9.<\/p>\n<p>&nbsp;<\/p>\n<p><strong>10.2.\u00a0\u00a0 <\/strong>Les retours sont \u00e0 effectuer \u00e0 PRODUCTIONS JACQUES CANETTI \u2013 Service des ventes \u2013 19, rue de la Cerisaie \u2013 92150\u00a0 Suresnes, dans leur \u00e9tat d&#8217;origine et complets, accompagn\u00e9s d\u2019une copie de la facture. Les articles retourn\u00e9s d\u00e9celophann\u00e9s et\/ou incomplets et\/ou ab\u00eem\u00e9s et\/ou endommag\u00e9s et\/ou salis ne sont pas repris.<\/p>\n<p>&nbsp;<\/p>\n<p><strong>10.3.\u00a0\u00a0 <\/strong>Seuls les articles d\u00e9fectueux seront \u00e9chang\u00e9s par des articles identiques.<\/p>\n<p>&nbsp;<\/p>\n<p><strong>ARTICLE 11.\u00a0\u00a0\u00a0\u00a0\u00a0\u00a0 <\/strong><strong>CONFORMIT\u00c9 DES PRODUITS<\/strong><\/p>\n<p>&nbsp;<\/p>\n<p><strong>11.1.\u00a0\u00a0 <\/strong>La soci\u00e9t\u00e9 Productions Jacques Canetti s\u2019engage \u00e0 rembourser le Client ou \u00e0 \u00e9changer les produits d\u00e9fectueux, ab\u00eem\u00e9s ou endommag\u00e9s ou ne correspondant pas \u00e0 la commande du Client. Le Client devra en faire la demande par \u00e9crit, en indiquant avec pr\u00e9cision les raisons de sa demande, et retourner le ou les produits \u00e0 la soci\u00e9t\u00e9 Productions Jacques Canetti qui proc\u00e9dera \u00e0 l&#8217;\u00e9change ou au remboursement du ou des produits concern\u00e9s. La demande devra imp\u00e9rativement \u00eatre effectu\u00e9e dans les quinze jours suivant la livraison. Toute r\u00e9clamation formul\u00e9e hors de ce d\u00e9lai ne pourra \u00eatre accept\u00e9e.<\/p>\n<p>&nbsp;<\/p>\n<p><strong>11.2.\u00a0\u00a0 <\/strong>Les frais d&#8217;envoi et de retour seront rembours\u00e9s au Client.<\/p>\n<p>&nbsp;<\/p>\n<p><strong>11.3.\u00a0\u00a0 <\/strong>En tout \u00e9tat de cause, le Client b\u00e9n\u00e9ficie des dispositions de la garantie l\u00e9gale, notamment celles relatives \u00e0 la garantie des vices cach\u00e9s.<\/p>\n<p>&nbsp;<\/p>\n<p><strong>ARTICLE 12.\u00a0\u00a0\u00a0\u00a0\u00a0\u00a0 <\/strong><strong>REMBOURSEMENT <\/strong><\/p>\n<p>&nbsp;<\/p>\n<p><strong>12.1.\u00a0\u00a0 <\/strong>Les remboursements des produits dans les hypoth\u00e8ses vis\u00e9es \u00e0 l\u2019ARTICLE 10 et l\u2019ARTICLE 11 ci-dessus seront effectu\u00e9s dans un d\u00e9lai de 15 jours environ apr\u00e8s le retour des produits.<\/p>\n<p>&nbsp;<\/p>\n<p><strong>12.2.\u00a0\u00a0 <\/strong>Le remboursement s&#8217;effectuera au choix de la soci\u00e9t\u00e9 Productions Jacques Canetti par cr\u00e9dit sur le compte bancaire du Client ou par ch\u00e8que bancaire libell\u00e9 au nom du Client et adress\u00e9 \u00e0 l&#8217;adresse de facturation renseign\u00e9e lors de la commande. Aucun envoi en contre-remboursement ne sera accept\u00e9, quel qu&#8217;en soit le motif.<\/p>\n<p>&nbsp;<\/p>\n<p><strong>ARTICLE 13.\u00a0\u00a0\u00a0\u00a0\u00a0\u00a0 <\/strong><strong>SERVICE CLIENT\u00c8LE <\/strong><\/p>\n<p>&nbsp;<\/p>\n<p>Le service client\u00e8le de la soci\u00e9t\u00e9 Productions Jacques Canetti est ouvert du lundi au vendredi, de 9h30 \u00e0 18h00\u00a0:<\/p>\n<p>&nbsp;<\/p>\n<p>PRODUCTIONS JACQUES CANETTI \u2013 Service de ventes<\/p>\n<p>19, rue de la Cerisaie \u2013 92150\u00a0 Suresnes<\/p>\n<p>T\u00e9l.: 01 42 04 97 05 \u2013 Fax\u00a0: 01.42 04 21 21<\/p>\n<p>&nbsp;<\/p>\n<p><strong>ARTICLE 14.\u00a0\u00a0\u00a0\u00a0\u00a0\u00a0 <\/strong><strong>PROPRI\u00c9T\u00c9 INTELLECTUELLE <\/strong><\/p>\n<p>&nbsp;<\/p>\n<p>Toute reproduction totale ou partielle du Site ou de son contenu est strictement interdite.<\/p>\n<p>&nbsp;<\/p>\n<p><strong>ARTICLE 15.\u00a0\u00a0\u00a0\u00a0\u00a0\u00a0 <\/strong><strong>RESPONSABILIT\u00c9 <\/strong><\/p>\n<p>&nbsp;<\/p>\n<p><strong>15.1.\u00a0\u00a0 <\/strong>Les produits propos\u00e9s \u00e0 la vente sur le Site sont conformes \u00e0 la l\u00e9gislation fran\u00e7aise en vigueur. La responsabilit\u00e9 de la soci\u00e9t\u00e9 Productions Jacques Canetti ne saurait \u00eatre engag\u00e9e en cas de non-respect de la l\u00e9gislation du pays o\u00f9 les produits sont livr\u00e9s (par exemple en cas d&#8217;interdiction d&#8217;un titre&#8230;). Il appartient au Client de v\u00e9rifier aupr\u00e8s des autorit\u00e9s locales les possibilit\u00e9s d&#8217;importation ou d&#8217;utilisation des produits ou services qu\u2019il envisage de commander.<\/p>\n<p>&nbsp;<\/p>\n<p><strong>15.2.\u00a0\u00a0 <\/strong>La soci\u00e9t\u00e9 Productions Jacques Canetti ne pourra \u00eatre tenue responsable des dommages de toute nature, tant mat\u00e9riels qu&#8217;immat\u00e9riels ou corporels, qui pourraient r\u00e9sulter d&#8217;un mauvais fonctionnement ou de la mauvaise utilisation des produits commercialis\u00e9s. Il en est de m\u00eame pour les \u00e9ventuelles modifications des produits r\u00e9sultant des fournisseurs.<\/p>\n<p>&nbsp;<\/p>\n<p><strong>15.3.\u00a0\u00a0 <\/strong>La responsabilit\u00e9 de la soci\u00e9t\u00e9 Productions Jacques Canetti sera, en tout \u00e9tat de cause, limit\u00e9e au montant de la commande et ne saurait \u00eatre mise en cause pour de simples erreurs ou omissions qui auraient pu subsister malgr\u00e9 toutes les pr\u00e9cautions prises dans la pr\u00e9sentation des produits.<\/p>\n<p>&nbsp;<\/p>\n<p><strong>15.4.\u00a0\u00a0 <\/strong>La soci\u00e9t\u00e9 Productions Jacques Canetti ne pourra \u00eatre tenue responsable, envers un Client ou un tiers, d&#8217;aucun dommage indirect, d&#8217;aucune perte d&#8217;exploitation, de profit ou de chiffre d&#8217;affaires, survenus de quelque mani\u00e8re que ce soit, m\u00eame si ce dommage ou cette perte ou ce pr\u00e9judice \u00e9tait pr\u00e9visible par la soci\u00e9t\u00e9 Productions Jacques Canetti, ou si son \u00e9ventualit\u00e9 avait \u00e9t\u00e9 port\u00e9e \u00e0 son attention.<\/p>\n<p>&nbsp;<\/p>\n<p><strong>15.5.\u00a0\u00a0 <\/strong>Sans limiter les paragraphes pr\u00e9c\u00e9dents, la responsabilit\u00e9 de la soci\u00e9t\u00e9 Productions Jacques Canetti aux termes des pr\u00e9sentes conditions g\u00e9n\u00e9rales ne peut exc\u00e9der une somme \u00e9gale aux sommes pay\u00e9es ou payables lors de la transaction \u00e0 l&#8217;origine de ladite responsabilit\u00e9, quelle que soit la cause ou la forme de l&#8217;action concern\u00e9e.<\/p>\n<p>&nbsp;<\/p>\n<p><strong>15.6.\u00a0\u00a0 <\/strong>La soci\u00e9t\u00e9 Productions Jacques Canetti ne saurait \u00eatre tenue pour responsable de l&#8217;inex\u00e9cution du contrat conclu en cas de rupture de stock ou indisponibilit\u00e9 du produit, de force majeure, de perturbation ou gr\u00e8ve totale ou partielle notamment des services postaux et moyens de transport et\/ou communications, inondation, incendie.<\/p>\n<p>&nbsp;<\/p>\n<p><strong>15.7.\u00a0\u00a0 <\/strong>Les photographies des produits sont communiqu\u00e9es \u00e0 titre illustratif et non contractuel. Les Clients sont invit\u00e9s \u00e0 se reporter au descriptif de chaque produit pour en conna\u00eetre les caract\u00e9ristiques pr\u00e9cises. En cas de doute ou pour tout renseignement compl\u00e9mentaire, contacter le service client\u00e8le.<\/p>\n<p>&nbsp;<\/p>\n<p><strong>ARTICLE 16.\u00a0\u00a0\u00a0\u00a0\u00a0\u00a0 <\/strong><strong>DROIT APPLICABLE &#8211; LITIGES <\/strong><\/p>\n<p>&nbsp;<\/p>\n<p>Le pr\u00e9sent contrat est soumis \u00e0 la loi fran\u00e7aise. En cas de litige, les tribunaux fran\u00e7ais seront seuls comp\u00e9tents.<\/p>\n<p>&nbsp;<\/p>\n<p><strong>ARTICLE 17.\u00a0\u00a0\u00a0\u00a0\u00a0\u00a0 <\/strong><strong>INFORMATIONS NOMINATIVES <\/strong><\/p>\n<p>&nbsp;<\/p>\n<p>Les informations et donn\u00e9es concernant les Clients, telles que r\u00e9colt\u00e9es sur le Site, sont n\u00e9cessaires \u00e0 la gestion des commandes et aux relations commerciales entre les Clients et la soci\u00e9t\u00e9 Productions Jacques Canetti. Elles peuvent \u00eatre transmises aux soci\u00e9t\u00e9s qui contribuent \u00e0 ces relations, telles que celles charg\u00e9es de l\u2019ex\u00e9cution des services et commandes pour leur gestion, ex\u00e9cution, traitement et paiement. Ces informations et donn\u00e9es sont \u00e9galement conserv\u00e9es \u00e0 des fins de s\u00e9curit\u00e9, afin de respecter les obligations l\u00e9gales et r\u00e9glementaires et les informations adress\u00e9es aux Clients.<\/p>\n<p>&nbsp;<\/p>\n<p>Conform\u00e9ment \u00e0 la loi informatique et libert\u00e9s du 6 janvier 1978, les Clients disposent d&#8217;un droit d&#8217;acc\u00e8s et de rectification aux donn\u00e9es personnelles les concernant, qu\u2019ils peuvent exercer en adressant un e-mail \u00e0 <a href=\"mailto:commandes@canetti.com\">productions@canetti.com<\/a> ou en \u00e9crivant \u00e0 PRODUCTIONS JACQUES CANETTI \u2013 Service des ventes \u2013 19, rue de la Cerisaie 92150\u00a0 Suresnes, en indiquant leurs nom, pr\u00e9nom, e-mail et adresse postale.<\/p>\n<p>[\/vc_column_text][\/vc_column][\/vc_row]<\/p>\n<\/div>","protected":false},"excerpt":{"rendered":"<p>[vc_row][vc_column width=&#8221;1\/1&#8243;][vc_column_text] Conditions g\u00e9n\u00e9rales de vente et d\u2019utilisation &nbsp; ARTICLE 1.\u00a0\u00a0\u00a0\u00a0\u00a0\u00a0\u00a0\u00a0 GENERALITES \u00a0 1.1.\u00a0\u00a0\u00a0\u00a0\u00a0 Les pr\u00e9sentes conditions g\u00e9n\u00e9rales de vente et d\u2019utilisation de la soci\u00e9t\u00e9 Productions Jacques Canetti d\u00e9finissent les droits et obligations des parties dans le cadre de la vente de produits par cette derni\u00e8re au Client et de l\u2019utilisation du site Internet www.jacques-canetti.com&hellip;<\/p>\n","protected":false},"author":1,"featured_media":0,"parent":0,"menu_order":0,"comment_status":"closed","ping_status":"closed","template":"","meta":{"_seopress_robots_primary_cat":"","_seopress_titles_title":"","_seopress_titles_desc":"","_seopress_robots_index":"","footnotes":""},"class_list":["post-5063","page","type-page","status-publish","hentry","description-off"],"_links":{"self":[{"href":"https:\/\/jacques-canetti.com\/en\/wp-json\/wp\/v2\/pages\/5063","targetHints":{"allow":["GET"]}}],"collection":[{"href":"https:\/\/jacques-canetti.com\/en\/wp-json\/wp\/v2\/pages"}],"about":[{"href":"https:\/\/jacques-canetti.com\/en\/wp-json\/wp\/v2\/types\/page"}],"author":[{"embeddable":true,"href":"https:\/\/jacques-canetti.com\/en\/wp-json\/wp\/v2\/users\/1"}],"replies":[{"embeddable":true,"href":"https:\/\/jacques-canetti.com\/en\/wp-json\/wp\/v2\/comments?post=5063"}],"version-history":[{"count":0,"href":"https:\/\/jacques-canetti.com\/en\/wp-json\/wp\/v2\/pages\/5063\/revisions"}],"wp:attachment":[{"href":"https:\/\/jacques-canetti.com\/en\/wp-json\/wp\/v2\/media?parent=5063"}],"curies":[{"name":"wp","href":"https:\/\/api.w.org\/{rel}","templated":true}]}}