{"id":5140,"date":"2014-04-22T15:25:21","date_gmt":"2014-04-22T13:25:21","guid":{"rendered":"https:\/\/jacques-canetti.com\/produit\/non%20class\u00e9\/juliette-greco-si-tu-timagines-cd\/"},"modified":"2016-08-02T11:02:33","modified_gmt":"2016-08-02T09:02:33","slug":"juliette-greco-si-tu-timagines","status":"publish","type":"product","link":"https:\/\/jacques-canetti.com\/en\/produit\/cd-dvd-en\/juliette-greco-si-tu-timagines\/","title":{"rendered":"Juliette Greco &#8211; Si tu t&#8217;imagines (CD)"},"content":{"rendered":"<div class=\"wpb-content-wrapper\"><hr \/>\n<h2><strong><img loading=\"lazy\" decoding=\"async\" class=\"alignleft wp-image-2388\" src=\"https:\/\/jacques-canetti.com\/wp-content\/uploads\/2014\/06\/play43.png\" alt=\"\" width=\"73\" height=\"71\" \/><\/strong><\/h2>\n<p>[vc_row][vc_column width=&#8221;5\/6&#8243;]<div class=\"gap\" style=\"line-height: 10px; height: 10px;\"><\/div>[vc_accordion collapsible=&#8221;yes&#8221; active_tab=&#8221;false&#8221;][vc_accordion_tab title=&#8221;<b>CLICK TO LISTEN TO SONGS EXTRACTS<\/b>&#8220;]<\/p>\n<div class=\"wp-playlist wp-audio-playlist wp-playlist-light\">\n\t\t\t<div class=\"wp-playlist-current-item\"><\/div>\n\t\t<audio controls=\"controls\" preload=\"none\" width=\"1178\"\n\t\t\t><\/audio>\n\t<div class=\"wp-playlist-next\"><\/div>\n\t<div class=\"wp-playlist-prev\"><\/div>\n\t<noscript>\n\t<ol>\n\t\t<li><a href='https:\/\/jacques-canetti.com\/wp-content\/uploads\/2014\/04\/01-Si-Tu-TImagines.mp3'>Si Tu T'Imagines<\/a><\/li><li><a href='https:\/\/jacques-canetti.com\/wp-content\/uploads\/2014\/04\/02-Sous-le-Ciel-de-Paris.mp3'>Sous le Ciel de Paris<\/a><\/li><li><a href='https:\/\/jacques-canetti.com\/wp-content\/uploads\/2014\/04\/03-Les-Feuilles-Mortes.mp3'>Les Feuilles Mortes<\/a><\/li><li><a href='https:\/\/jacques-canetti.com\/wp-content\/uploads\/2014\/04\/04-Rue-des-Blancs-Mateaux.mp3'>Rue des Blancs-Mateaux<\/a><\/li><li><a href='https:\/\/jacques-canetti.com\/wp-content\/uploads\/2014\/04\/05-La-Chanson-de-Barbara-Barbara-Song.mp3'>La Chanson de Barbara [Barbara Song]<\/a><\/li><li><a href='https:\/\/jacques-canetti.com\/wp-content\/uploads\/2014\/04\/06-La-Belle-\u00c9toile.mp3'>La Belle \u00c9toile<\/a><\/li><li><a href='https:\/\/jacques-canetti.com\/wp-content\/uploads\/2014\/04\/07-Embrasse-Moi.mp3'>Embrasse-Moi<\/a><\/li><li><a href='https:\/\/jacques-canetti.com\/wp-content\/uploads\/2014\/04\/08-Comme-un-Enfant-Puni.mp3'>Comme un Enfant Puni<\/a><\/li><li><a href='https:\/\/jacques-canetti.com\/wp-content\/uploads\/2014\/04\/09-La-Fianc\u00e9e-du-Pirate.mp3'>La Fianc\u00e9e du Pirate<\/a><\/li><li><a href='https:\/\/jacques-canetti.com\/wp-content\/uploads\/2014\/04\/10-Et-Puis-Apr\u00e8s-Je-Suis-Comme-Je-Suis.mp3'>Et Puis Apr\u00e8s (Je Suis Comme Je Suis)<\/a><\/li><li><a href='https:\/\/jacques-canetti.com\/wp-content\/uploads\/2014\/04\/11-Coin-de-Rue.mp3'>Coin de Rue<\/a><\/li><li><a href='https:\/\/jacques-canetti.com\/wp-content\/uploads\/2014\/04\/12-La-Fourmi.mp3'>La Fourmi<\/a><\/li><li><a href='https:\/\/jacques-canetti.com\/wp-content\/uploads\/2014\/04\/13-Je-Mens.mp3'>Je Mens<\/a><\/li><li><a href='https:\/\/jacques-canetti.com\/wp-content\/uploads\/2014\/04\/14-Il-y-Avait.mp3'>Il y Avait<\/a><\/li><li><a href='https:\/\/jacques-canetti.com\/wp-content\/uploads\/2014\/04\/15-La-Belle-Vie.mp3'>La Belle Vie<\/a><\/li><li><a href='https:\/\/jacques-canetti.com\/wp-content\/uploads\/2014\/04\/16-Je-Hais-Les-Dimanchez.mp3'>Je Hais Les Dimanchez<\/a><\/li><li><a href='https:\/\/jacques-canetti.com\/wp-content\/uploads\/2014\/04\/17-Romance.mp3'>Romance<\/a><\/li><li><a href='https:\/\/jacques-canetti.com\/wp-content\/uploads\/2014\/04\/18-Les-Enfants-Qui-SAiment.mp3'>Les Enfants Qui S'Aiment<\/a><\/li><li><a href='https:\/\/jacques-canetti.com\/wp-content\/uploads\/2014\/04\/19-Ca-Va-Le-Diable.mp3'>Ca Va (Le Diable)<\/a><\/li><li><a href='https:\/\/jacques-canetti.com\/wp-content\/uploads\/2014\/04\/20-Juliette-Raconte-Sa-D\u00e9couvertre-de-Saint-Germain-Des-Pr\u00e9s-Du-Tabou-C.mp3'>Juliette Raconte- Sa D\u00e9couvertre de Saint-Germain-Des-Pr\u00e9s, Du Tabou, C<\/a><\/li><li><a href='https:\/\/jacques-canetti.com\/wp-content\/uploads\/2014\/04\/21-Juliette-Raconte-Le-Milieu-et-La-Jeunesse-de-Saint-Germain-Des-Pr\u00e9s.mp3'>Juliette Raconte- Le Milieu et La Jeunesse de Saint-Germain-Des-Pr\u00e9s<\/a><\/li><li><a href='https:\/\/jacques-canetti.com\/wp-content\/uploads\/2014\/04\/22-Juliette-Raconte-Ses-D\u00e9buts-\u00e0-La-Chanson-Sa-Rencountre-Avec-Jean-Paul.mp3'>Juliette Raconte- Ses D\u00e9buts \u00e0 La Chanson, Sa Rencountre Avec Jean-Paul<\/a><\/li>\t<\/ol>\n\t<\/noscript>\n\t<script type=\"application\/json\" class=\"wp-playlist-script\">{\"type\":\"audio\",\"tracklist\":true,\"tracknumbers\":true,\"images\":true,\"artists\":false,\"tracks\":[{\"src\":\"https:\/\/jacques-canetti.com\/wp-content\/uploads\/2014\/04\/01-Si-Tu-TImagines.mp3\",\"type\":\"audio\/mpeg\",\"title\":\"Si Tu T'Imagines\",\"caption\":\"\",\"description\":\"\\u003Ci\\u003ESi Tu T'Imagines\\u003C\/i\\u003E tir\\u00e9 de \\u003Ci\\u003ESi Tu T'Imagines [Because]\\u003C\/i\\u003E Piste 1. Genre&nbsp;: Vocal\",\"meta\":{\"album\":\"Si Tu T'Imagines [Because]\",\"genre\":\"Vocal\",\"length_formatted\":\"0:25\"},\"image\":{\"src\":\"https:\/\/jacques-canetti.com\/wp-includes\/images\/media\/audio.svg\",\"width\":48,\"height\":64},\"thumb\":{\"src\":\"https:\/\/jacques-canetti.com\/wp-includes\/images\/media\/audio.svg\",\"width\":48,\"height\":64}},{\"src\":\"https:\/\/jacques-canetti.com\/wp-content\/uploads\/2014\/04\/02-Sous-le-Ciel-de-Paris.mp3\",\"type\":\"audio\/mpeg\",\"title\":\"Sous le Ciel de Paris\",\"caption\":\"\",\"description\":\"\\u003Ci\\u003ESous le Ciel de Paris\\u003C\/i\\u003E tir\\u00e9 de \\u003Ci\\u003ESi Tu T'Imagines [Because]\\u003C\/i\\u003E Piste 2. Genre&nbsp;: Vocal\",\"meta\":{\"album\":\"Si Tu T'Imagines [Because]\",\"genre\":\"Vocal\",\"length_formatted\":\"0:25\"},\"image\":{\"src\":\"https:\/\/jacques-canetti.com\/wp-includes\/images\/media\/audio.svg\",\"width\":48,\"height\":64},\"thumb\":{\"src\":\"https:\/\/jacques-canetti.com\/wp-includes\/images\/media\/audio.svg\",\"width\":48,\"height\":64}},{\"src\":\"https:\/\/jacques-canetti.com\/wp-content\/uploads\/2014\/04\/03-Les-Feuilles-Mortes.mp3\",\"type\":\"audio\/mpeg\",\"title\":\"Les Feuilles Mortes\",\"caption\":\"\",\"description\":\"\\u003Ci\\u003ELes Feuilles Mortes\\u003C\/i\\u003E tir\\u00e9 de \\u003Ci\\u003ESi Tu T'Imagines [Because]\\u003C\/i\\u003E Piste 3. Genre&nbsp;: Vocal\",\"meta\":{\"album\":\"Si Tu T'Imagines [Because]\",\"genre\":\"Vocal\",\"length_formatted\":\"0:25\"},\"image\":{\"src\":\"https:\/\/jacques-canetti.com\/wp-includes\/images\/media\/audio.svg\",\"width\":48,\"height\":64},\"thumb\":{\"src\":\"https:\/\/jacques-canetti.com\/wp-includes\/images\/media\/audio.svg\",\"width\":48,\"height\":64}},{\"src\":\"https:\/\/jacques-canetti.com\/wp-content\/uploads\/2014\/04\/04-Rue-des-Blancs-Mateaux.mp3\",\"type\":\"audio\/mpeg\",\"title\":\"Rue des Blancs-Mateaux\",\"caption\":\"\",\"description\":\"\\u003Ci\\u003ERue des Blancs-Mateaux\\u003C\/i\\u003E tir\\u00e9 de \\u003Ci\\u003ESi Tu T'Imagines [Because]\\u003C\/i\\u003E Piste 4. Genre&nbsp;: Vocal\",\"meta\":{\"album\":\"Si Tu T'Imagines [Because]\",\"genre\":\"Vocal\",\"length_formatted\":\"0:25\"},\"image\":{\"src\":\"https:\/\/jacques-canetti.com\/wp-includes\/images\/media\/audio.svg\",\"width\":48,\"height\":64},\"thumb\":{\"src\":\"https:\/\/jacques-canetti.com\/wp-includes\/images\/media\/audio.svg\",\"width\":48,\"height\":64}},{\"src\":\"https:\/\/jacques-canetti.com\/wp-content\/uploads\/2014\/04\/05-La-Chanson-de-Barbara-Barbara-Song.mp3\",\"type\":\"audio\/mpeg\",\"title\":\"La Chanson de Barbara [Barbara Song]\",\"caption\":\"\",\"description\":\"\\u003Ci\\u003ELa Chanson de Barbara [Barbara Song]\\u003C\/i\\u003E tir\\u00e9 de \\u003Ci\\u003ESi Tu T'Imagines [Because]\\u003C\/i\\u003E Piste 5. Genre&nbsp;: Vocal\",\"meta\":{\"album\":\"Si Tu T'Imagines [Because]\",\"genre\":\"Vocal\",\"length_formatted\":\"0:25\"},\"image\":{\"src\":\"https:\/\/jacques-canetti.com\/wp-includes\/images\/media\/audio.svg\",\"width\":48,\"height\":64},\"thumb\":{\"src\":\"https:\/\/jacques-canetti.com\/wp-includes\/images\/media\/audio.svg\",\"width\":48,\"height\":64}},{\"src\":\"https:\/\/jacques-canetti.com\/wp-content\/uploads\/2014\/04\/06-La-Belle-\\u00c9toile.mp3\",\"type\":\"audio\/mpeg\",\"title\":\"La Belle \\u00c9toile\",\"caption\":\"\",\"description\":\"\\u003Ci\\u003E06 La Belle \\u00c9toile\\u003C\/i\\u003E tir\\u00e9 de \\u003Ci\\u003ESi Tu T'Imagines [Because]\\u003C\/i\\u003E Piste 6. Genre&nbsp;: Vocal\",\"meta\":{\"album\":\"Si Tu T'Imagines [Because]\",\"genre\":\"Vocal\",\"length_formatted\":\"0:25\"},\"image\":{\"src\":\"https:\/\/jacques-canetti.com\/wp-includes\/images\/media\/audio.svg\",\"width\":48,\"height\":64},\"thumb\":{\"src\":\"https:\/\/jacques-canetti.com\/wp-includes\/images\/media\/audio.svg\",\"width\":48,\"height\":64}},{\"src\":\"https:\/\/jacques-canetti.com\/wp-content\/uploads\/2014\/04\/07-Embrasse-Moi.mp3\",\"type\":\"audio\/mpeg\",\"title\":\"Embrasse-Moi\",\"caption\":\"\",\"description\":\"\\u003Ci\\u003EEmbrasse-Moi\\u003C\/i\\u003E tir\\u00e9 de \\u003Ci\\u003ESi Tu T'Imagines [Because]\\u003C\/i\\u003E Piste 7. Genre&nbsp;: Vocal\",\"meta\":{\"album\":\"Si Tu T'Imagines [Because]\",\"genre\":\"Vocal\",\"length_formatted\":\"0:25\"},\"image\":{\"src\":\"https:\/\/jacques-canetti.com\/wp-includes\/images\/media\/audio.svg\",\"width\":48,\"height\":64},\"thumb\":{\"src\":\"https:\/\/jacques-canetti.com\/wp-includes\/images\/media\/audio.svg\",\"width\":48,\"height\":64}},{\"src\":\"https:\/\/jacques-canetti.com\/wp-content\/uploads\/2014\/04\/08-Comme-un-Enfant-Puni.mp3\",\"type\":\"audio\/mpeg\",\"title\":\"Comme un Enfant Puni\",\"caption\":\"\",\"description\":\"\\u003Ci\\u003EComme un Enfant Puni\\u003C\/i\\u003E tir\\u00e9 de \\u003Ci\\u003ESi Tu T'Imagines [Because]\\u003C\/i\\u003E Piste 8. Genre&nbsp;: Vocal\",\"meta\":{\"album\":\"Si Tu T'Imagines [Because]\",\"genre\":\"Vocal\",\"length_formatted\":\"0:25\"},\"image\":{\"src\":\"https:\/\/jacques-canetti.com\/wp-includes\/images\/media\/audio.svg\",\"width\":48,\"height\":64},\"thumb\":{\"src\":\"https:\/\/jacques-canetti.com\/wp-includes\/images\/media\/audio.svg\",\"width\":48,\"height\":64}},{\"src\":\"https:\/\/jacques-canetti.com\/wp-content\/uploads\/2014\/04\/09-La-Fianc\\u00e9e-du-Pirate.mp3\",\"type\":\"audio\/mpeg\",\"title\":\"La Fianc\\u00e9e du Pirate\",\"caption\":\"\",\"description\":\"\\u003Ci\\u003E09 La Fianc\\u00e9e du Pirate\\u003C\/i\\u003E tir\\u00e9 de \\u003Ci\\u003ESi Tu T'Imagines [Because]\\u003C\/i\\u003E Piste 9. Genre&nbsp;: Vocal\",\"meta\":{\"album\":\"Si Tu T'Imagines [Because]\",\"genre\":\"Vocal\",\"length_formatted\":\"0:25\"},\"image\":{\"src\":\"https:\/\/jacques-canetti.com\/wp-includes\/images\/media\/audio.svg\",\"width\":48,\"height\":64},\"thumb\":{\"src\":\"https:\/\/jacques-canetti.com\/wp-includes\/images\/media\/audio.svg\",\"width\":48,\"height\":64}},{\"src\":\"https:\/\/jacques-canetti.com\/wp-content\/uploads\/2014\/04\/10-Et-Puis-Apr\\u00e8s-Je-Suis-Comme-Je-Suis.mp3\",\"type\":\"audio\/mpeg\",\"title\":\"Et Puis Apr\\u00e8s (Je Suis Comme Je Suis)\",\"caption\":\"\",\"description\":\"\\u003Ci\\u003E10 Et Puis Apr\\u00e8s (Je Suis Comme Je Suis)\\u003C\/i\\u003E tir\\u00e9 de \\u003Ci\\u003ESi Tu T'Imagines [Because]\\u003C\/i\\u003E Piste 10. Genre&nbsp;: Vocal\",\"meta\":{\"album\":\"Si Tu T'Imagines [Because]\",\"genre\":\"Vocal\",\"length_formatted\":\"0:25\"},\"image\":{\"src\":\"https:\/\/jacques-canetti.com\/wp-includes\/images\/media\/audio.svg\",\"width\":48,\"height\":64},\"thumb\":{\"src\":\"https:\/\/jacques-canetti.com\/wp-includes\/images\/media\/audio.svg\",\"width\":48,\"height\":64}},{\"src\":\"https:\/\/jacques-canetti.com\/wp-content\/uploads\/2014\/04\/11-Coin-de-Rue.mp3\",\"type\":\"audio\/mpeg\",\"title\":\"Coin de Rue\",\"caption\":\"\",\"description\":\"\\u003Ci\\u003ECoin de Rue\\u003C\/i\\u003E tir\\u00e9 de \\u003Ci\\u003ESi Tu T'Imagines [Because]\\u003C\/i\\u003E Piste 11. Genre&nbsp;: Vocal\",\"meta\":{\"album\":\"Si Tu T'Imagines [Because]\",\"genre\":\"Vocal\",\"length_formatted\":\"0:25\"},\"image\":{\"src\":\"https:\/\/jacques-canetti.com\/wp-includes\/images\/media\/audio.svg\",\"width\":48,\"height\":64},\"thumb\":{\"src\":\"https:\/\/jacques-canetti.com\/wp-includes\/images\/media\/audio.svg\",\"width\":48,\"height\":64}},{\"src\":\"https:\/\/jacques-canetti.com\/wp-content\/uploads\/2014\/04\/12-La-Fourmi.mp3\",\"type\":\"audio\/mpeg\",\"title\":\"La Fourmi\",\"caption\":\"\",\"description\":\"\\u003Ci\\u003ELa Fourmi\\u003C\/i\\u003E tir\\u00e9 de \\u003Ci\\u003ESi Tu T'Imagines [Because]\\u003C\/i\\u003E Piste 12. Genre&nbsp;: Vocal\",\"meta\":{\"album\":\"Si Tu T'Imagines [Because]\",\"genre\":\"Vocal\",\"length_formatted\":\"0:25\"},\"image\":{\"src\":\"https:\/\/jacques-canetti.com\/wp-includes\/images\/media\/audio.svg\",\"width\":48,\"height\":64},\"thumb\":{\"src\":\"https:\/\/jacques-canetti.com\/wp-includes\/images\/media\/audio.svg\",\"width\":48,\"height\":64}},{\"src\":\"https:\/\/jacques-canetti.com\/wp-content\/uploads\/2014\/04\/13-Je-Mens.mp3\",\"type\":\"audio\/mpeg\",\"title\":\"Je Mens\",\"caption\":\"\",\"description\":\"\\u003Ci\\u003EJe Mens\\u003C\/i\\u003E tir\\u00e9 de \\u003Ci\\u003ESi Tu T'Imagines [Because]\\u003C\/i\\u003E Piste 13. Genre&nbsp;: Vocal\",\"meta\":{\"album\":\"Si Tu T'Imagines [Because]\",\"genre\":\"Vocal\",\"length_formatted\":\"0:25\"},\"image\":{\"src\":\"https:\/\/jacques-canetti.com\/wp-includes\/images\/media\/audio.svg\",\"width\":48,\"height\":64},\"thumb\":{\"src\":\"https:\/\/jacques-canetti.com\/wp-includes\/images\/media\/audio.svg\",\"width\":48,\"height\":64}},{\"src\":\"https:\/\/jacques-canetti.com\/wp-content\/uploads\/2014\/04\/14-Il-y-Avait.mp3\",\"type\":\"audio\/mpeg\",\"title\":\"Il y Avait\",\"caption\":\"\",\"description\":\"\\u003Ci\\u003EIl y Avait\\u003C\/i\\u003E tir\\u00e9 de \\u003Ci\\u003ESi Tu T'Imagines [Because]\\u003C\/i\\u003E Piste 14. Genre&nbsp;: Vocal\",\"meta\":{\"album\":\"Si Tu T'Imagines [Because]\",\"genre\":\"Vocal\",\"length_formatted\":\"0:25\"},\"image\":{\"src\":\"https:\/\/jacques-canetti.com\/wp-includes\/images\/media\/audio.svg\",\"width\":48,\"height\":64},\"thumb\":{\"src\":\"https:\/\/jacques-canetti.com\/wp-includes\/images\/media\/audio.svg\",\"width\":48,\"height\":64}},{\"src\":\"https:\/\/jacques-canetti.com\/wp-content\/uploads\/2014\/04\/15-La-Belle-Vie.mp3\",\"type\":\"audio\/mpeg\",\"title\":\"La Belle Vie\",\"caption\":\"\",\"description\":\"\\u003Ci\\u003ELa Belle Vie\\u003C\/i\\u003E tir\\u00e9 de \\u003Ci\\u003ESi Tu T'Imagines [Because]\\u003C\/i\\u003E Piste 15. Genre&nbsp;: Vocal\",\"meta\":{\"album\":\"Si Tu T'Imagines [Because]\",\"genre\":\"Vocal\",\"length_formatted\":\"0:25\"},\"image\":{\"src\":\"https:\/\/jacques-canetti.com\/wp-includes\/images\/media\/audio.svg\",\"width\":48,\"height\":64},\"thumb\":{\"src\":\"https:\/\/jacques-canetti.com\/wp-includes\/images\/media\/audio.svg\",\"width\":48,\"height\":64}},{\"src\":\"https:\/\/jacques-canetti.com\/wp-content\/uploads\/2014\/04\/16-Je-Hais-Les-Dimanchez.mp3\",\"type\":\"audio\/mpeg\",\"title\":\"Je Hais Les Dimanchez\",\"caption\":\"\",\"description\":\"\\u003Ci\\u003EJe Hais Les Dimanchez\\u003C\/i\\u003E tir\\u00e9 de \\u003Ci\\u003ESi Tu T'Imagines [Because]\\u003C\/i\\u003E Piste 16. Genre&nbsp;: Vocal\",\"meta\":{\"album\":\"Si Tu T'Imagines [Because]\",\"genre\":\"Vocal\",\"length_formatted\":\"0:25\"},\"image\":{\"src\":\"https:\/\/jacques-canetti.com\/wp-includes\/images\/media\/audio.svg\",\"width\":48,\"height\":64},\"thumb\":{\"src\":\"https:\/\/jacques-canetti.com\/wp-includes\/images\/media\/audio.svg\",\"width\":48,\"height\":64}},{\"src\":\"https:\/\/jacques-canetti.com\/wp-content\/uploads\/2014\/04\/17-Romance.mp3\",\"type\":\"audio\/mpeg\",\"title\":\"Romance\",\"caption\":\"\",\"description\":\"\\u003Ci\\u003ERomance\\u003C\/i\\u003E tir\\u00e9 de \\u003Ci\\u003ESi Tu T'Imagines [Because]\\u003C\/i\\u003E Piste 17. Genre&nbsp;: Vocal\",\"meta\":{\"album\":\"Si Tu T'Imagines [Because]\",\"genre\":\"Vocal\",\"length_formatted\":\"0:25\"},\"image\":{\"src\":\"https:\/\/jacques-canetti.com\/wp-includes\/images\/media\/audio.svg\",\"width\":48,\"height\":64},\"thumb\":{\"src\":\"https:\/\/jacques-canetti.com\/wp-includes\/images\/media\/audio.svg\",\"width\":48,\"height\":64}},{\"src\":\"https:\/\/jacques-canetti.com\/wp-content\/uploads\/2014\/04\/18-Les-Enfants-Qui-SAiment.mp3\",\"type\":\"audio\/mpeg\",\"title\":\"Les Enfants Qui S'Aiment\",\"caption\":\"\",\"description\":\"\\u003Ci\\u003ELes Enfants Qui S'Aiment\\u003C\/i\\u003E tir\\u00e9 de \\u003Ci\\u003ESi Tu T'Imagines [Because]\\u003C\/i\\u003E Piste 18. Genre&nbsp;: Vocal\",\"meta\":{\"album\":\"Si Tu T'Imagines [Because]\",\"genre\":\"Vocal\",\"length_formatted\":\"0:25\"},\"image\":{\"src\":\"https:\/\/jacques-canetti.com\/wp-includes\/images\/media\/audio.svg\",\"width\":48,\"height\":64},\"thumb\":{\"src\":\"https:\/\/jacques-canetti.com\/wp-includes\/images\/media\/audio.svg\",\"width\":48,\"height\":64}},{\"src\":\"https:\/\/jacques-canetti.com\/wp-content\/uploads\/2014\/04\/19-Ca-Va-Le-Diable.mp3\",\"type\":\"audio\/mpeg\",\"title\":\"Ca Va (Le Diable)\",\"caption\":\"\",\"description\":\"\\u003Ci\\u003ECa Va (Le Diable)\\u003C\/i\\u003E tir\\u00e9 de \\u003Ci\\u003ESi Tu T'Imagines [Because]\\u003C\/i\\u003E Piste 19. Genre&nbsp;: Vocal\",\"meta\":{\"album\":\"Si Tu T'Imagines [Because]\",\"genre\":\"Vocal\",\"length_formatted\":\"0:25\"},\"image\":{\"src\":\"https:\/\/jacques-canetti.com\/wp-includes\/images\/media\/audio.svg\",\"width\":48,\"height\":64},\"thumb\":{\"src\":\"https:\/\/jacques-canetti.com\/wp-includes\/images\/media\/audio.svg\",\"width\":48,\"height\":64}},{\"src\":\"https:\/\/jacques-canetti.com\/wp-content\/uploads\/2014\/04\/20-Juliette-Raconte-Sa-D\\u00e9couvertre-de-Saint-Germain-Des-Pr\\u00e9s-Du-Tabou-C.mp3\",\"type\":\"audio\/mpeg\",\"title\":\"Juliette Raconte- Sa D\\u00e9couvertre de Saint-Germain-Des-Pr\\u00e9s, Du Tabou, C\",\"caption\":\"\",\"description\":\"\\u003Ci\\u003E20 Juliette Raconte- Sa D\\u00e9couvertre de Saint-Germain-Des-Pr\\u00e9s, Du Tabou, C\\u003C\/i\\u003E tir\\u00e9 de \\u003Ci\\u003ESi Tu T'Imagines [Because]\\u003C\/i\\u003E Piste 20. Genre&nbsp;: Vocal\",\"meta\":{\"album\":\"Si Tu T'Imagines [Because]\",\"genre\":\"Vocal\",\"length_formatted\":\"0:25\"},\"image\":{\"src\":\"https:\/\/jacques-canetti.com\/wp-includes\/images\/media\/audio.svg\",\"width\":48,\"height\":64},\"thumb\":{\"src\":\"https:\/\/jacques-canetti.com\/wp-includes\/images\/media\/audio.svg\",\"width\":48,\"height\":64}},{\"src\":\"https:\/\/jacques-canetti.com\/wp-content\/uploads\/2014\/04\/21-Juliette-Raconte-Le-Milieu-et-La-Jeunesse-de-Saint-Germain-Des-Pr\\u00e9s.mp3\",\"type\":\"audio\/mpeg\",\"title\":\"Juliette Raconte- Le Milieu et La Jeunesse de Saint-Germain-Des-Pr\\u00e9s\",\"caption\":\"\",\"description\":\"\\u003Ci\\u003E21 Juliette Raconte- Le Milieu et La Jeunesse de Saint-Germain-Des-Pr\\u00e9s\\u003C\/i\\u003E tir\\u00e9 de \\u003Ci\\u003ESi Tu T'Imagines [Because]\\u003C\/i\\u003E Piste 21. Genre&nbsp;: Vocal\",\"meta\":{\"album\":\"Si Tu T'Imagines [Because]\",\"genre\":\"Vocal\",\"length_formatted\":\"0:25\"},\"image\":{\"src\":\"https:\/\/jacques-canetti.com\/wp-includes\/images\/media\/audio.svg\",\"width\":48,\"height\":64},\"thumb\":{\"src\":\"https:\/\/jacques-canetti.com\/wp-includes\/images\/media\/audio.svg\",\"width\":48,\"height\":64}},{\"src\":\"https:\/\/jacques-canetti.com\/wp-content\/uploads\/2014\/04\/22-Juliette-Raconte-Ses-D\\u00e9buts-\\u00e0-La-Chanson-Sa-Rencountre-Avec-Jean-Paul.mp3\",\"type\":\"audio\/mpeg\",\"title\":\"Juliette Raconte- Ses D\\u00e9buts \\u00e0 La Chanson, Sa Rencountre Avec Jean-Paul\",\"caption\":\"\",\"description\":\"\\u003Ci\\u003E22 Juliette Raconte- Ses D\\u00e9buts \\u00e0 La Chanson, Sa Rencountre Avec Jean-Paul\\u003C\/i\\u003E tir\\u00e9 de \\u003Ci\\u003ESi Tu T'Imagines [Because]\\u003C\/i\\u003E Piste 22. Genre&nbsp;: Vocal\",\"meta\":{\"album\":\"Si Tu T'Imagines [Because]\",\"genre\":\"Vocal\",\"length_formatted\":\"0:25\"},\"image\":{\"src\":\"https:\/\/jacques-canetti.com\/wp-includes\/images\/media\/audio.svg\",\"width\":48,\"height\":64},\"thumb\":{\"src\":\"https:\/\/jacques-canetti.com\/wp-includes\/images\/media\/audio.svg\",\"width\":48,\"height\":64}}]}<\/script>\n<\/div>\n\t\n<h2><span style=\"font-weight: normal;\">[\/vc_accordion_tab][\/vc_accordion][\/vc_column][\/vc_row]<\/span><\/h2>\n<hr \/>\n<p>&nbsp;<\/p>\n<h2><strong>Artists Story<\/strong><\/h2>\n<p>Born in 1927, Juliette Greco frequent the artists&#8217; quarter in Saint-Germain-des-Pr\u00e9s where she worked alongside Sartre, Simone, Boris Vian and Miles Davis and others. Her dark beauty and impudence seduce the circle of intellectuels. In 1950, Jacques Canetti produced her first record and makes her do concerts around the world. Through a very demanding looking for good songs, Juliette Greco has often been the first performer of young songwriters. Even today, she still go on stage and recently released a CD devoted to Jacques Brel.<\/p>\n<\/div>","protected":false},"excerpt":{"rendered":"<p>Rediscover 19 successful songs by the \u201c<em>Muse de Saint Germain<\/em>\u201d, partly recorded by Jacques Canetti: <em>Si tu t&#8217;imagines, Sous le ciel de Paris, Les feuilles mortes, Rue des Blancs-Manteaux&#8230;<\/em><\/p>\n<p>And for the first time an exclusive bonus: interviews with Juliette Gr\u00e9co in which she describes how she discovered <em>Saint Germain des Pr\u00e9s<\/em> and the <em>Tabou<\/em>, how she became the \u201cmuse\u201d of <em>Saint Germain<\/em>, her beginnings in music, her decisive encounter with Jean-Paul Sartre\u2026<\/p>\n","protected":false},"featured_media":3654,"comment_status":"closed","ping_status":"closed","template":"","meta":{"_seopress_robots_primary_cat":"","_seopress_titles_title":"","_seopress_titles_desc":"","_seopress_robots_index":""},"product_brand":[],"product_cat":[130],"product_tag":[186],"class_list":{"0":"post-5140","1":"product","2":"type-product","3":"status-publish","4":"has-post-thumbnail","6":"product_cat-cd-dvd-en","7":"product_tag-juliette-greco-en","8":"description-off","10":"first","11":"instock","12":"purchasable","13":"product-type-simple"},"_links":{"self":[{"href":"https:\/\/jacques-canetti.com\/en\/wp-json\/wp\/v2\/product\/5140","targetHints":{"allow":["GET"]}}],"collection":[{"href":"https:\/\/jacques-canetti.com\/en\/wp-json\/wp\/v2\/product"}],"about":[{"href":"https:\/\/jacques-canetti.com\/en\/wp-json\/wp\/v2\/types\/product"}],"replies":[{"embeddable":true,"href":"https:\/\/jacques-canetti.com\/en\/wp-json\/wp\/v2\/comments?post=5140"}],"wp:featuredmedia":[{"embeddable":true,"href":"https:\/\/jacques-canetti.com\/en\/wp-json\/wp\/v2\/media\/3654"}],"wp:attachment":[{"href":"https:\/\/jacques-canetti.com\/en\/wp-json\/wp\/v2\/media?parent=5140"}],"wp:term":[{"taxonomy":"product_brand","embeddable":true,"href":"https:\/\/jacques-canetti.com\/en\/wp-json\/wp\/v2\/product_brand?post=5140"},{"taxonomy":"product_cat","embeddable":true,"href":"https:\/\/jacques-canetti.com\/en\/wp-json\/wp\/v2\/product_cat?post=5140"},{"taxonomy":"product_tag","embeddable":true,"href":"https:\/\/jacques-canetti.com\/en\/wp-json\/wp\/v2\/product_tag?post=5140"}],"curies":[{"name":"wp","href":"https:\/\/api.w.org\/{rel}","templated":true}]}}