{"id":5142,"date":"2014-10-01T10:09:04","date_gmt":"2014-10-01T08:09:04","guid":{"rendered":"https:\/\/jacques-canetti.com\/produit\/non class\u00e9\/vinyl-jacques-higelin-et-brigitte-fontaine-chansons-davant-le-deluge\/"},"modified":"2025-12-17T18:31:29","modified_gmt":"2025-12-17T17:31:29","slug":"vinyl-jacques-higelin-et-brigitte-fontaine-chansons-davant-le-deluge","status":"publish","type":"product","link":"https:\/\/jacques-canetti.com\/en\/produit\/vinyls-en\/vinyl-jacques-higelin-et-brigitte-fontaine-chansons-davant-le-deluge\/","title":{"rendered":"Vinyl Jacques Higelin et Brigitte Fontaine &#8211; Chansons d&#8217;avant le d\u00e9luge"},"content":{"rendered":"<div class=\"wpb-content-wrapper\"><hr \/>\n<h2><strong><img loading=\"lazy\" decoding=\"async\" class=\"alignleft wp-image-2388\" src=\"https:\/\/jacques-canetti.com\/wp-content\/uploads\/2014\/06\/play43.png\" alt=\"\" width=\"73\" height=\"71\" \/><\/strong><\/h2>\n<p>[vc_row][vc_column width=&#8221;5\/6&#8243;]<div class=\"gap\" style=\"line-height: 10px; height: 10px;\"><\/div>[vc_accordion collapsible=&#8221;yes&#8221; active_tab=&#8221;false&#8221;][vc_accordion_tab title=&#8221;<strong>CLICK TO LISTEN TO SONGS EXTRACTS<\/strong>&#8220;]<\/p>\n<div class=\"wp-playlist wp-audio-playlist wp-playlist-light\">\n\t\t\t<div class=\"wp-playlist-current-item\"><\/div>\n\t\t<audio controls=\"controls\" preload=\"none\" width=\"1178\"\n\t\t\t><\/audio>\n\t<div class=\"wp-playlist-next\"><\/div>\n\t<div class=\"wp-playlist-prev\"><\/div>\n\t<noscript>\n\t<ol>\n\t\t<li><a href='https:\/\/jacques-canetti.com\/wp-content\/uploads\/2014\/04\/1-LA-GRIPPE.mp3'>LA GRIPPE<\/a><\/li><li><a href='https:\/\/jacques-canetti.com\/wp-content\/uploads\/2014\/04\/2-A-DJANGO.mp3'>A DJANGO<\/a><\/li><li><a href='https:\/\/jacques-canetti.com\/wp-content\/uploads\/2014\/04\/3-CEST-PAS-DE-MA-FAUTE.mp3'>C'EST PAS DE MA FAUTE<\/a><\/li><li><a href='https:\/\/jacques-canetti.com\/wp-content\/uploads\/2014\/04\/4-QUAND-JIMPROVISE-SUR-MON-PIANO.mp3'>QUAND J'IMPROVISE SUR MON PIANO<\/a><\/li><li><a href='https:\/\/jacques-canetti.com\/wp-content\/uploads\/2014\/04\/5-LA-VIE-SUR-LES-BRAS.mp3'>LA VIE SUR LES BRAS<\/a><\/li><li><a href='https:\/\/jacques-canetti.com\/wp-content\/uploads\/2014\/04\/6-HUIT-JOURS-EN-ITALIE.mp3'>HUIT JOURS EN ITALIE<\/a><\/li><li><a href='https:\/\/jacques-canetti.com\/wp-content\/uploads\/2014\/04\/7-LANNEE-A-LENVERS.mp3'>L'ANNEE A L'ENVERS<\/a><\/li><li><a href='https:\/\/jacques-canetti.com\/wp-content\/uploads\/2014\/04\/8-MAMAN-JAI-PEUR.mp3'>MAMAN J'AI PEUR<\/a><\/li><li><a href='https:\/\/jacques-canetti.com\/wp-content\/uploads\/2014\/04\/9-ON-EST-LA-POUR-CA.mp3'>ON EST LA POUR CA<\/a><\/li><li><a href='https:\/\/jacques-canetti.com\/wp-content\/uploads\/2014\/04\/10-PRIEZ-POUR-SAINT-GERMAIN-DE-PRES.mp3'>PRIEZ POUR SAINT GERMAIN DE PRES<\/a><\/li><li><a href='https:\/\/jacques-canetti.com\/wp-content\/uploads\/2014\/04\/11-DEVASTE-MOI.mp3'>DEVASTE-MOI<\/a><\/li><li><a href='https:\/\/jacques-canetti.com\/wp-content\/uploads\/2014\/04\/12-DANS-MON-LIT.mp3'>DANS MON LIT<\/a><\/li><li><a href='https:\/\/jacques-canetti.com\/wp-content\/uploads\/2014\/04\/13-LAME-SLAVE.mp3'>L'AME SLAVE<\/a><\/li>\t<\/ol>\n\t<\/noscript>\n\t<script type=\"application\/json\" class=\"wp-playlist-script\">{\"type\":\"audio\",\"tracklist\":true,\"tracknumbers\":true,\"images\":true,\"artists\":false,\"tracks\":[{\"src\":\"https:\/\/jacques-canetti.com\/wp-content\/uploads\/2014\/04\/1-LA-GRIPPE.mp3\",\"type\":\"audio\/mpeg\",\"title\":\"LA GRIPPE\",\"caption\":\"\",\"description\":\"\\u003Ci\\u003E1 LA GRIPPE\\u003C\/i\\u003E.\",\"meta\":{\"length_formatted\":\"0:25\"},\"image\":{\"src\":\"https:\/\/jacques-canetti.com\/wp-includes\/images\/media\/audio.svg\",\"width\":48,\"height\":64},\"thumb\":{\"src\":\"https:\/\/jacques-canetti.com\/wp-includes\/images\/media\/audio.svg\",\"width\":48,\"height\":64}},{\"src\":\"https:\/\/jacques-canetti.com\/wp-content\/uploads\/2014\/04\/2-A-DJANGO.mp3\",\"type\":\"audio\/mpeg\",\"title\":\"A DJANGO\",\"caption\":\"\",\"description\":\"\\u003Ci\\u003E2 A DJANGO\\u003C\/i\\u003E.\",\"meta\":{\"length_formatted\":\"0:25\"},\"image\":{\"src\":\"https:\/\/jacques-canetti.com\/wp-includes\/images\/media\/audio.svg\",\"width\":48,\"height\":64},\"thumb\":{\"src\":\"https:\/\/jacques-canetti.com\/wp-includes\/images\/media\/audio.svg\",\"width\":48,\"height\":64}},{\"src\":\"https:\/\/jacques-canetti.com\/wp-content\/uploads\/2014\/04\/3-CEST-PAS-DE-MA-FAUTE.mp3\",\"type\":\"audio\/mpeg\",\"title\":\"C'EST PAS DE MA FAUTE\",\"caption\":\"\",\"description\":\"\\u003Ci\\u003E3 C'EST PAS DE MA FAUTE\\u003C\/i\\u003E.\",\"meta\":{\"length_formatted\":\"0:25\"},\"image\":{\"src\":\"https:\/\/jacques-canetti.com\/wp-includes\/images\/media\/audio.svg\",\"width\":48,\"height\":64},\"thumb\":{\"src\":\"https:\/\/jacques-canetti.com\/wp-includes\/images\/media\/audio.svg\",\"width\":48,\"height\":64}},{\"src\":\"https:\/\/jacques-canetti.com\/wp-content\/uploads\/2014\/04\/4-QUAND-JIMPROVISE-SUR-MON-PIANO.mp3\",\"type\":\"audio\/mpeg\",\"title\":\"QUAND J'IMPROVISE SUR MON PIANO\",\"caption\":\"\",\"description\":\"\\u003Ci\\u003E4 QUAND J'IMPROVISE SUR MON PIANO\\u003C\/i\\u003E.\",\"meta\":{\"length_formatted\":\"0:25\"},\"image\":{\"src\":\"https:\/\/jacques-canetti.com\/wp-includes\/images\/media\/audio.svg\",\"width\":48,\"height\":64},\"thumb\":{\"src\":\"https:\/\/jacques-canetti.com\/wp-includes\/images\/media\/audio.svg\",\"width\":48,\"height\":64}},{\"src\":\"https:\/\/jacques-canetti.com\/wp-content\/uploads\/2014\/04\/5-LA-VIE-SUR-LES-BRAS.mp3\",\"type\":\"audio\/mpeg\",\"title\":\"LA VIE SUR LES BRAS\",\"caption\":\"\",\"description\":\"\\u003Ci\\u003E5 LA VIE SUR LES BRAS\\u003C\/i\\u003E.\",\"meta\":{\"length_formatted\":\"0:25\"},\"image\":{\"src\":\"https:\/\/jacques-canetti.com\/wp-includes\/images\/media\/audio.svg\",\"width\":48,\"height\":64},\"thumb\":{\"src\":\"https:\/\/jacques-canetti.com\/wp-includes\/images\/media\/audio.svg\",\"width\":48,\"height\":64}},{\"src\":\"https:\/\/jacques-canetti.com\/wp-content\/uploads\/2014\/04\/6-HUIT-JOURS-EN-ITALIE.mp3\",\"type\":\"audio\/mpeg\",\"title\":\"HUIT JOURS EN ITALIE\",\"caption\":\"\",\"description\":\"\\u003Ci\\u003E6 HUIT JOURS EN ITALIE\\u003C\/i\\u003E.\",\"meta\":{\"length_formatted\":\"0:25\"},\"image\":{\"src\":\"https:\/\/jacques-canetti.com\/wp-includes\/images\/media\/audio.svg\",\"width\":48,\"height\":64},\"thumb\":{\"src\":\"https:\/\/jacques-canetti.com\/wp-includes\/images\/media\/audio.svg\",\"width\":48,\"height\":64}},{\"src\":\"https:\/\/jacques-canetti.com\/wp-content\/uploads\/2014\/04\/7-LANNEE-A-LENVERS.mp3\",\"type\":\"audio\/mpeg\",\"title\":\"L'ANNEE A L'ENVERS\",\"caption\":\"\",\"description\":\"\\u003Ci\\u003E7 L'ANNEE A L'ENVERS\\u003C\/i\\u003E.\",\"meta\":{\"length_formatted\":\"0:25\"},\"image\":{\"src\":\"https:\/\/jacques-canetti.com\/wp-includes\/images\/media\/audio.svg\",\"width\":48,\"height\":64},\"thumb\":{\"src\":\"https:\/\/jacques-canetti.com\/wp-includes\/images\/media\/audio.svg\",\"width\":48,\"height\":64}},{\"src\":\"https:\/\/jacques-canetti.com\/wp-content\/uploads\/2014\/04\/8-MAMAN-JAI-PEUR.mp3\",\"type\":\"audio\/mpeg\",\"title\":\"MAMAN J'AI PEUR\",\"caption\":\"\",\"description\":\"\\u003Ci\\u003E8 MAMAN J'AI PEUR\\u003C\/i\\u003E.\",\"meta\":{\"length_formatted\":\"0:25\"},\"image\":{\"src\":\"https:\/\/jacques-canetti.com\/wp-includes\/images\/media\/audio.svg\",\"width\":48,\"height\":64},\"thumb\":{\"src\":\"https:\/\/jacques-canetti.com\/wp-includes\/images\/media\/audio.svg\",\"width\":48,\"height\":64}},{\"src\":\"https:\/\/jacques-canetti.com\/wp-content\/uploads\/2014\/04\/9-ON-EST-LA-POUR-CA.mp3\",\"type\":\"audio\/mpeg\",\"title\":\"ON EST LA POUR CA\",\"caption\":\"\",\"description\":\"\\u003Ci\\u003E9 ON EST LA POUR CA\\u003C\/i\\u003E.\",\"meta\":{\"length_formatted\":\"0:25\"},\"image\":{\"src\":\"https:\/\/jacques-canetti.com\/wp-includes\/images\/media\/audio.svg\",\"width\":48,\"height\":64},\"thumb\":{\"src\":\"https:\/\/jacques-canetti.com\/wp-includes\/images\/media\/audio.svg\",\"width\":48,\"height\":64}},{\"src\":\"https:\/\/jacques-canetti.com\/wp-content\/uploads\/2014\/04\/10-PRIEZ-POUR-SAINT-GERMAIN-DE-PRES.mp3\",\"type\":\"audio\/mpeg\",\"title\":\"PRIEZ POUR SAINT GERMAIN DE PRES\",\"caption\":\"\",\"description\":\"\\u003Ci\\u003E10 PRIEZ POUR SAINT GERMAIN DE PRES\\u003C\/i\\u003E.\",\"meta\":{\"length_formatted\":\"0:25\"},\"image\":{\"src\":\"https:\/\/jacques-canetti.com\/wp-includes\/images\/media\/audio.svg\",\"width\":48,\"height\":64},\"thumb\":{\"src\":\"https:\/\/jacques-canetti.com\/wp-includes\/images\/media\/audio.svg\",\"width\":48,\"height\":64}},{\"src\":\"https:\/\/jacques-canetti.com\/wp-content\/uploads\/2014\/04\/11-DEVASTE-MOI.mp3\",\"type\":\"audio\/mpeg\",\"title\":\"DEVASTE-MOI\",\"caption\":\"\",\"description\":\"\\u003Ci\\u003E11 DEVASTE-MOI\\u003C\/i\\u003E.\",\"meta\":{\"length_formatted\":\"0:25\"},\"image\":{\"src\":\"https:\/\/jacques-canetti.com\/wp-includes\/images\/media\/audio.svg\",\"width\":48,\"height\":64},\"thumb\":{\"src\":\"https:\/\/jacques-canetti.com\/wp-includes\/images\/media\/audio.svg\",\"width\":48,\"height\":64}},{\"src\":\"https:\/\/jacques-canetti.com\/wp-content\/uploads\/2014\/04\/12-DANS-MON-LIT.mp3\",\"type\":\"audio\/mpeg\",\"title\":\"DANS MON LIT\",\"caption\":\"\",\"description\":\"\\u003Ci\\u003E12 DANS MON LIT\\u003C\/i\\u003E.\",\"meta\":{\"length_formatted\":\"0:25\"},\"image\":{\"src\":\"https:\/\/jacques-canetti.com\/wp-includes\/images\/media\/audio.svg\",\"width\":48,\"height\":64},\"thumb\":{\"src\":\"https:\/\/jacques-canetti.com\/wp-includes\/images\/media\/audio.svg\",\"width\":48,\"height\":64}},{\"src\":\"https:\/\/jacques-canetti.com\/wp-content\/uploads\/2014\/04\/13-LAME-SLAVE.mp3\",\"type\":\"audio\/mpeg\",\"title\":\"L'AME SLAVE\",\"caption\":\"\",\"description\":\"\\u003Ci\\u003E13 L'AME SLAVE\\u003C\/i\\u003E.\",\"meta\":{\"length_formatted\":\"0:25\"},\"image\":{\"src\":\"https:\/\/jacques-canetti.com\/wp-includes\/images\/media\/audio.svg\",\"width\":48,\"height\":64},\"thumb\":{\"src\":\"https:\/\/jacques-canetti.com\/wp-includes\/images\/media\/audio.svg\",\"width\":48,\"height\":64}}]}<\/script>\n<\/div>\n\t\n<h2><span style=\"font-weight: normal;\">[\/vc_accordion_tab][\/vc_accordion][\/vc_column][\/vc_row]<\/span><\/h2>\n<hr \/>\n<p>&nbsp;<\/p>\n<h2><strong>Bio de l&#8217;artiste<\/strong><\/h2>\n<h3>Brigitte Fontaine<\/h3>\n<p>N\u00e9e \u00e0 la Saint-Jean en 1827 ou en 2043 (selon l\u2019inspiration du moment), Brigitte Fontaine est, outre la chanteuse culte que chacun conna\u00eet, un \u00e9crivain. Com\u00e9dienne, dramaturge, romanci\u00e8re et po\u00e8te, elle s\u2019est forg\u00e9e \u00e0 travers une carri\u00e8re d\u00e9but\u00e9e en 1965 avec Jacques Canetti, l\u2019image d\u2019une chanteuse unique et\u00a0 singuli\u00e8re dans le paysage musical fran\u00e7ais.<\/p>\n<h3>Jacques Higelin<\/h3>\n<p>Jacques Higelin n\u2019a que 15 ans lorsqu\u2019il auditionne devant Jacques Canetti au th\u00e9\u00e2tre des Trois Baudets. Dix ans plus tard, il lui permet d\u2019enregistrer son premier album sur des textes de Boris Vian. Le parcours de Jacques Higelin est \u00e0 la fois atypique et exemplaire. Il est en effet l&#8217;un des premiers artistes fran\u00e7ais \u00e0 oser et assumer ses prestations r\u00e9solument rock. V\u00e9ritable \u00e9lectron libre, Jacques Higelin a toujours su garder un rare recul par rapport au monde du spectacle et se r\u00e9invente \u00e0 chaque album.<\/p>\n<\/div>","protected":false},"excerpt":{"rendered":"<p><strong>Deluxe Vinyl \u00a0\u2013 Twin pocket\u00a0\u2013 Remastered Edition.<\/strong><\/p>\n<p>In 1965, Jacques Canetti produced the first album of two unknown young singers : Brigitte Fontaine and Jacques Higelin. A few years later in 1967, they triumph in the musical &#8220;Maman, j&#8217;ai peur,&#8221; which saw the birth of cults duets &#8220;La grippe&#8221; or &#8220;Maman, j&#8217;ai peur&#8221;<\/p>\n","protected":false},"featured_media":3552,"comment_status":"closed","ping_status":"closed","template":"","meta":{"_seopress_robots_primary_cat":"","_seopress_titles_title":"","_seopress_titles_desc":"","_seopress_robots_index":""},"product_brand":[],"product_cat":[131],"product_tag":[144,145,174,175],"class_list":{"0":"post-5142","1":"product","2":"type-product","3":"status-publish","4":"has-post-thumbnail","6":"product_cat-vinyls-en","7":"product_tag-boris-vian-en","8":"product_tag-brigitte-fontaine-en","9":"product_tag-jacques-higelin-en","10":"product_tag-jacques-higelin-et-brigitte-fontaine-en","11":"description-off","13":"first","14":"instock","15":"taxable","16":"shipping-taxable","17":"purchasable","18":"product-type-simple"},"_links":{"self":[{"href":"https:\/\/jacques-canetti.com\/en\/wp-json\/wp\/v2\/product\/5142","targetHints":{"allow":["GET"]}}],"collection":[{"href":"https:\/\/jacques-canetti.com\/en\/wp-json\/wp\/v2\/product"}],"about":[{"href":"https:\/\/jacques-canetti.com\/en\/wp-json\/wp\/v2\/types\/product"}],"replies":[{"embeddable":true,"href":"https:\/\/jacques-canetti.com\/en\/wp-json\/wp\/v2\/comments?post=5142"}],"wp:featuredmedia":[{"embeddable":true,"href":"https:\/\/jacques-canetti.com\/en\/wp-json\/wp\/v2\/media\/3552"}],"wp:attachment":[{"href":"https:\/\/jacques-canetti.com\/en\/wp-json\/wp\/v2\/media?parent=5142"}],"wp:term":[{"taxonomy":"product_brand","embeddable":true,"href":"https:\/\/jacques-canetti.com\/en\/wp-json\/wp\/v2\/product_brand?post=5142"},{"taxonomy":"product_cat","embeddable":true,"href":"https:\/\/jacques-canetti.com\/en\/wp-json\/wp\/v2\/product_cat?post=5142"},{"taxonomy":"product_tag","embeddable":true,"href":"https:\/\/jacques-canetti.com\/en\/wp-json\/wp\/v2\/product_tag?post=5142"}],"curies":[{"name":"wp","href":"https:\/\/api.w.org\/{rel}","templated":true}]}}