{"id":5148,"date":"2014-04-22T15:25:21","date_gmt":"2014-04-22T13:25:21","guid":{"rendered":"https:\/\/jacques-canetti.com\/produit\/non class\u00e9\/mouloudji-un-jour-tu-verras-cd\/"},"modified":"2014-04-22T15:25:21","modified_gmt":"2014-04-22T13:25:21","slug":"mouloudji-un-jour-tu-verras-cd","status":"publish","type":"product","link":"https:\/\/jacques-canetti.com\/en\/produit\/cd-dvd-en\/mouloudji-un-jour-tu-verras-cd\/","title":{"rendered":"Mouloudji &#8211; Un jour tu verras (CD)"},"content":{"rendered":"<div class=\"wpb-content-wrapper\"><hr \/>\n<h2><strong><img loading=\"lazy\" decoding=\"async\" class=\"alignleft wp-image-2388\" src=\"https:\/\/jacques-canetti.com\/wp-content\/uploads\/2014\/06\/play43.png\" alt=\"\" width=\"73\" height=\"71\" \/><\/strong><\/h2>\n<p>[vc_row][vc_column width=&#8221;5\/6&#8243;]<div class=\"gap\" style=\"line-height: 10px; height: 10px;\"><\/div>[vc_accordion collapsible=&#8221;yes&#8221; active_tab=&#8221;false&#8221;][vc_accordion_tab title=&#8221;<strong>CLICK TO LISTEN TO SONGS EXTRACTS<\/strong>&#8220;]<\/p>\n<div class=\"wp-playlist wp-audio-playlist wp-playlist-light\">\n\t\t\t<div class=\"wp-playlist-current-item\"><\/div>\n\t\t<audio controls=\"controls\" preload=\"none\" width=\"1178\"\n\t\t\t><\/audio>\n\t<div class=\"wp-playlist-next\"><\/div>\n\t<div class=\"wp-playlist-prev\"><\/div>\n\t<noscript>\n\t<ol>\n\t\t<li><a href='https:\/\/jacques-canetti.com\/wp-content\/uploads\/2014\/04\/01-Un-Jour-Tu-Verras.mp3'>Un Jour Tu Verras<\/a><\/li><li><a href='https:\/\/jacques-canetti.com\/wp-content\/uploads\/2014\/04\/02-Le-d\u00e9serteur.mp3'>Le d\u00e9serteur<\/a><\/li><li><a href='https:\/\/jacques-canetti.com\/wp-content\/uploads\/2014\/04\/03-Si-tu-timagines.mp3'>Si tu t'imagines<\/a><\/li><li><a href='https:\/\/jacques-canetti.com\/wp-content\/uploads\/2014\/04\/04-Comme-un-ptit-coquelicot-.mp3'>Comme un p'tit coquelicot<\/a><\/li><li><a href='https:\/\/jacques-canetti.com\/wp-content\/uploads\/2014\/04\/05-Mon-pot-le-gitan.mp3'>Mon pot' le gitan<\/a><\/li><li><a href='https:\/\/jacques-canetti.com\/wp-content\/uploads\/2014\/04\/06-Chanson-pour-lauvergnat.mp3'>Chanson pour l'auvergnat<\/a><\/li><li><a href='https:\/\/jacques-canetti.com\/wp-content\/uploads\/2014\/04\/07-La-complainte-de-la-butte.mp3'>La complainte de la butte<\/a><\/li><li><a href='https:\/\/jacques-canetti.com\/wp-content\/uploads\/2014\/04\/08-Les-rues-de-Paris.mp3'>Les rues de Paris<\/a><\/li><li><a href='https:\/\/jacques-canetti.com\/wp-content\/uploads\/2014\/04\/09-Belle-enfant.mp3'>Belle enfant<\/a><\/li><li><a href='https:\/\/jacques-canetti.com\/wp-content\/uploads\/2014\/04\/10-Province-blues.mp3'>Province blues<\/a><\/li><li><a href='https:\/\/jacques-canetti.com\/wp-content\/uploads\/2014\/04\/11-Mon-quartier.mp3'>Mon quartier<\/a><\/li><li><a href='https:\/\/jacques-canetti.com\/wp-content\/uploads\/2014\/04\/12-Elle-tourne...la-Terre.mp3'>Elle tourne... la Terre<\/a><\/li><li><a href='https:\/\/jacques-canetti.com\/wp-content\/uploads\/2014\/04\/13-Mais-il-y-aura.mp3'>Mais il y aura<\/a><\/li><li><a href='https:\/\/jacques-canetti.com\/wp-content\/uploads\/2014\/04\/14-Quest-ce-que-tu-crois.mp3'>qu'est-ce que tu crois?<\/a><\/li><li><a href='https:\/\/jacques-canetti.com\/wp-content\/uploads\/2014\/04\/15-On-ma-donn\u00e9-une-\u00e2me.mp3'>On m'a donn\u00e9 une \u00e2me<\/a><\/li><li><a href='https:\/\/jacques-canetti.com\/wp-content\/uploads\/2014\/04\/16-Time-is-money.mp3'>Time is money<\/a><\/li><li><a href='https:\/\/jacques-canetti.com\/wp-content\/uploads\/2014\/04\/17-Toi-tu-souris.mp3'>Toi tu souris<\/a><\/li><li><a href='https:\/\/jacques-canetti.com\/wp-content\/uploads\/2014\/04\/18-Largent.mp3'>L'argent<\/a><\/li><li><a href='https:\/\/jacques-canetti.com\/wp-content\/uploads\/2014\/04\/19-Le-mal-de-Paris.mp3'>Le mal de Paris<\/a><\/li><li><a href='https:\/\/jacques-canetti.com\/wp-content\/uploads\/2014\/04\/20-Et-pourtant...-Moi-je-lai-vu-Le-diable.mp3'>Et pourtant... Moi je l'ai vu le diable<\/a><\/li><li><a href='https:\/\/jacques-canetti.com\/wp-content\/uploads\/2014\/04\/21-Son-enfance-ses-activit\u00e9s-BONUS-INTERVIEW.mp3'>Son enfance, ses activit\u00e9s (Bonus interview)<\/a><\/li><li><a href='https:\/\/jacques-canetti.com\/wp-content\/uploads\/2014\/04\/22-Ses-d\u00e9buts-BONUS-INTERVIEW.mp3'>Ses d\u00e9buts (Bonus interview)<\/a><\/li><li><a href='https:\/\/jacques-canetti.com\/wp-content\/uploads\/2014\/04\/23-Avec-Jacques-Canetti-au-th\u00e9\u00e2tre-des-Trois-Baudets-BONUS-INTERVIEW.mp3'>Avec Jacques Canetti au th\u00e9\u00e2tre des Trois Baudets (Bonus interview)<\/a><\/li>\t<\/ol>\n\t<\/noscript>\n\t<script type=\"application\/json\" class=\"wp-playlist-script\">{\"type\":\"audio\",\"tracklist\":true,\"tracknumbers\":true,\"images\":true,\"artists\":false,\"tracks\":[{\"src\":\"https:\/\/jacques-canetti.com\/wp-content\/uploads\/2014\/04\/01-Un-Jour-Tu-Verras.mp3\",\"type\":\"audio\/mpeg\",\"title\":\"Un Jour Tu Verras\",\"caption\":\"\",\"description\":\"\\u003Ci\\u003EUn Jour Tu Verras\\u003C\/i\\u003E tir\\u00e9 de \\u003Ci\\u003EUn Jour Tu Verras\\u003C\/i\\u003E par Mouloudji. Piste 1. Genre&nbsp;: Jazz\",\"meta\":{\"artist\":\"Mouloudji\",\"album\":\"Un Jour Tu Verras\",\"genre\":\"Jazz\",\"length_formatted\":\"0:25\"},\"image\":{\"src\":\"https:\/\/jacques-canetti.com\/wp-includes\/images\/media\/audio.svg\",\"width\":48,\"height\":64},\"thumb\":{\"src\":\"https:\/\/jacques-canetti.com\/wp-includes\/images\/media\/audio.svg\",\"width\":48,\"height\":64}},{\"src\":\"https:\/\/jacques-canetti.com\/wp-content\/uploads\/2014\/04\/02-Le-d\\u00e9serteur.mp3\",\"type\":\"audio\/mpeg\",\"title\":\"Le d\\u00e9serteur\",\"caption\":\"\",\"description\":\"\\u003Ci\\u003ESi Tu T'Imagines\\u003C\/i\\u003E tir\\u00e9 de \\u003Ci\\u003EUn Jour Tu Verras\\u003C\/i\\u003E par Mouloudji. Piste 2. Genre&nbsp;: Jazz\",\"meta\":{\"artist\":\"Mouloudji\",\"album\":\"Un Jour Tu Verras\",\"genre\":\"Jazz\",\"length_formatted\":\"0:25\"},\"image\":{\"src\":\"https:\/\/jacques-canetti.com\/wp-includes\/images\/media\/audio.svg\",\"width\":48,\"height\":64},\"thumb\":{\"src\":\"https:\/\/jacques-canetti.com\/wp-includes\/images\/media\/audio.svg\",\"width\":48,\"height\":64}},{\"src\":\"https:\/\/jacques-canetti.com\/wp-content\/uploads\/2014\/04\/03-Si-tu-timagines.mp3\",\"type\":\"audio\/mpeg\",\"title\":\"Si tu t'imagines\",\"caption\":\"\",\"description\":\"\\u003Ci\\u003EComme un P'Tit Coquelicot\\u003C\/i\\u003E tir\\u00e9 de \\u003Ci\\u003EUn Jour Tu Verras\\u003C\/i\\u003E par Mouloudji. Piste 3. Genre&nbsp;: Jazz\",\"meta\":{\"artist\":\"Mouloudji\",\"album\":\"Un Jour Tu Verras\",\"genre\":\"Jazz\",\"length_formatted\":\"0:25\"},\"image\":{\"src\":\"https:\/\/jacques-canetti.com\/wp-includes\/images\/media\/audio.svg\",\"width\":48,\"height\":64},\"thumb\":{\"src\":\"https:\/\/jacques-canetti.com\/wp-includes\/images\/media\/audio.svg\",\"width\":48,\"height\":64}},{\"src\":\"https:\/\/jacques-canetti.com\/wp-content\/uploads\/2014\/04\/04-Comme-un-ptit-coquelicot-.mp3\",\"type\":\"audio\/mpeg\",\"title\":\"Comme un p'tit coquelicot\",\"caption\":\"\",\"description\":\"\\u003Ci\\u003EQu'est Ce que Tu Crois ?\\u003C\/i\\u003E tir\\u00e9 de \\u003Ci\\u003EUn Jour Tu Verras\\u003C\/i\\u003E par Mouloudji. Piste 4. Genre&nbsp;: Jazz\",\"meta\":{\"artist\":\"Mouloudji\",\"album\":\"Un Jour Tu Verras\",\"genre\":\"Jazz\",\"length_formatted\":\"0:25\"},\"image\":{\"src\":\"https:\/\/jacques-canetti.com\/wp-includes\/images\/media\/audio.svg\",\"width\":48,\"height\":64},\"thumb\":{\"src\":\"https:\/\/jacques-canetti.com\/wp-includes\/images\/media\/audio.svg\",\"width\":48,\"height\":64}},{\"src\":\"https:\/\/jacques-canetti.com\/wp-content\/uploads\/2014\/04\/05-Mon-pot-le-gitan.mp3\",\"type\":\"audio\/mpeg\",\"title\":\"Mon pot' le gitan\",\"caption\":\"\",\"description\":\"\\u003Ci\\u003E05 Mon pot' le gitan\\u003C\/i\\u003E tir\\u00e9 de \\u003Ci\\u003EUn Jour Tu Verras\\u003C\/i\\u003E par Mouloudji. Piste 5. Genre&nbsp;: Jazz\",\"meta\":{\"artist\":\"Mouloudji\",\"album\":\"Un Jour Tu Verras\",\"genre\":\"Jazz\",\"length_formatted\":\"0:25\"},\"image\":{\"src\":\"https:\/\/jacques-canetti.com\/wp-includes\/images\/media\/audio.svg\",\"width\":48,\"height\":64},\"thumb\":{\"src\":\"https:\/\/jacques-canetti.com\/wp-includes\/images\/media\/audio.svg\",\"width\":48,\"height\":64}},{\"src\":\"https:\/\/jacques-canetti.com\/wp-content\/uploads\/2014\/04\/06-Chanson-pour-lauvergnat.mp3\",\"type\":\"audio\/mpeg\",\"title\":\"Chanson pour l'auvergnat\",\"caption\":\"\",\"description\":\"\\u003Ci\\u003EJ'Suis Snob\\u003C\/i\\u003E tir\\u00e9 de \\u003Ci\\u003EUn Jour Tu Verras\\u003C\/i\\u003E par Mouloudji. Piste 6. Genre&nbsp;: Jazz\",\"meta\":{\"artist\":\"Mouloudji\",\"album\":\"Un Jour Tu Verras\",\"genre\":\"Jazz\",\"length_formatted\":\"0:25\"},\"image\":{\"src\":\"https:\/\/jacques-canetti.com\/wp-includes\/images\/media\/audio.svg\",\"width\":48,\"height\":64},\"thumb\":{\"src\":\"https:\/\/jacques-canetti.com\/wp-includes\/images\/media\/audio.svg\",\"width\":48,\"height\":64}},{\"src\":\"https:\/\/jacques-canetti.com\/wp-content\/uploads\/2014\/04\/07-La-complainte-de-la-butte.mp3\",\"type\":\"audio\/mpeg\",\"title\":\"La complainte de la butte\",\"caption\":\"\",\"description\":\"\\u003Ci\\u003EValse Jaune\\u003C\/i\\u003E tir\\u00e9 de \\u003Ci\\u003EUn Jour Tu Verras\\u003C\/i\\u003E par Mouloudji. Piste 7. Genre&nbsp;: Jazz\",\"meta\":{\"artist\":\"Mouloudji\",\"album\":\"Un Jour Tu Verras\",\"genre\":\"Jazz\",\"length_formatted\":\"0:25\"},\"image\":{\"src\":\"https:\/\/jacques-canetti.com\/wp-includes\/images\/media\/audio.svg\",\"width\":48,\"height\":64},\"thumb\":{\"src\":\"https:\/\/jacques-canetti.com\/wp-includes\/images\/media\/audio.svg\",\"width\":48,\"height\":64}},{\"src\":\"https:\/\/jacques-canetti.com\/wp-content\/uploads\/2014\/04\/08-Les-rues-de-Paris.mp3\",\"type\":\"audio\/mpeg\",\"title\":\"Les rues de Paris\",\"caption\":\"\",\"description\":\"\\u003Ci\\u003E08 Les rues de Paris\\u003C\/i\\u003E tir\\u00e9 de \\u003Ci\\u003EUn Jour Tu Verras\\u003C\/i\\u003E par Mouloudji. Piste 8. Genre&nbsp;: Jazz\",\"meta\":{\"artist\":\"Mouloudji\",\"album\":\"Un Jour Tu Verras\",\"genre\":\"Jazz\",\"length_formatted\":\"0:25\"},\"image\":{\"src\":\"https:\/\/jacques-canetti.com\/wp-includes\/images\/media\/audio.svg\",\"width\":48,\"height\":64},\"thumb\":{\"src\":\"https:\/\/jacques-canetti.com\/wp-includes\/images\/media\/audio.svg\",\"width\":48,\"height\":64}},{\"src\":\"https:\/\/jacques-canetti.com\/wp-content\/uploads\/2014\/04\/09-Belle-enfant.mp3\",\"type\":\"audio\/mpeg\",\"title\":\"Belle enfant\",\"caption\":\"\",\"description\":\"\\u003Ci\\u003EOn M'a Dit\\u003C\/i\\u003E tir\\u00e9 de \\u003Ci\\u003EUn Jour Tu Verras\\u003C\/i\\u003E par Mouloudji. Piste 9. Genre&nbsp;: Jazz\",\"meta\":{\"artist\":\"Mouloudji\",\"album\":\"Un Jour Tu Verras\",\"genre\":\"Jazz\",\"length_formatted\":\"0:25\"},\"image\":{\"src\":\"https:\/\/jacques-canetti.com\/wp-includes\/images\/media\/audio.svg\",\"width\":48,\"height\":64},\"thumb\":{\"src\":\"https:\/\/jacques-canetti.com\/wp-includes\/images\/media\/audio.svg\",\"width\":48,\"height\":64}},{\"src\":\"https:\/\/jacques-canetti.com\/wp-content\/uploads\/2014\/04\/10-Province-blues.mp3\",\"type\":\"audio\/mpeg\",\"title\":\"Province blues\",\"caption\":\"\",\"description\":\"\\u003Ci\\u003EComplainte de la Butte\\u003C\/i\\u003E tir\\u00e9 de \\u003Ci\\u003EUn Jour Tu Verras\\u003C\/i\\u003E par Mouloudji. Piste 10. Genre&nbsp;: Jazz\",\"meta\":{\"artist\":\"Mouloudji\",\"album\":\"Un Jour Tu Verras\",\"genre\":\"Jazz\",\"length_formatted\":\"0:25\"},\"image\":{\"src\":\"https:\/\/jacques-canetti.com\/wp-includes\/images\/media\/audio.svg\",\"width\":48,\"height\":64},\"thumb\":{\"src\":\"https:\/\/jacques-canetti.com\/wp-includes\/images\/media\/audio.svg\",\"width\":48,\"height\":64}},{\"src\":\"https:\/\/jacques-canetti.com\/wp-content\/uploads\/2014\/04\/11-Mon-quartier.mp3\",\"type\":\"audio\/mpeg\",\"title\":\"Mon quartier\",\"caption\":\"\",\"description\":\"\\u003Ci\\u003EMon Pot' le Gitan\\u003C\/i\\u003E tir\\u00e9 de \\u003Ci\\u003EUn Jour Tu Verras\\u003C\/i\\u003E par Mouloudji. Piste 11. Genre&nbsp;: Jazz\",\"meta\":{\"artist\":\"Mouloudji\",\"album\":\"Un Jour Tu Verras\",\"genre\":\"Jazz\",\"length_formatted\":\"0:25\"},\"image\":{\"src\":\"https:\/\/jacques-canetti.com\/wp-includes\/images\/media\/audio.svg\",\"width\":48,\"height\":64},\"thumb\":{\"src\":\"https:\/\/jacques-canetti.com\/wp-includes\/images\/media\/audio.svg\",\"width\":48,\"height\":64}},{\"src\":\"https:\/\/jacques-canetti.com\/wp-content\/uploads\/2014\/04\/12-Elle-tourne...la-Terre.mp3\",\"type\":\"audio\/mpeg\",\"title\":\"Elle tourne... la Terre\",\"caption\":\"\",\"description\":\"\\u003Ci\\u003E12 Elle tourne...la Terre\\u003C\/i\\u003E tir\\u00e9 de \\u003Ci\\u003EUn Jour Tu Verras\\u003C\/i\\u003E par Mouloudji. Piste 12. Genre&nbsp;: Jazz\",\"meta\":{\"artist\":\"Mouloudji\",\"album\":\"Un Jour Tu Verras\",\"genre\":\"Jazz\",\"length_formatted\":\"0:25\"},\"image\":{\"src\":\"https:\/\/jacques-canetti.com\/wp-includes\/images\/media\/audio.svg\",\"width\":48,\"height\":64},\"thumb\":{\"src\":\"https:\/\/jacques-canetti.com\/wp-includes\/images\/media\/audio.svg\",\"width\":48,\"height\":64}},{\"src\":\"https:\/\/jacques-canetti.com\/wp-content\/uploads\/2014\/04\/13-Mais-il-y-aura.mp3\",\"type\":\"audio\/mpeg\",\"title\":\"Mais il y aura\",\"caption\":\"\",\"description\":\"\\u003Ci\\u003E13 Mais il y aura\\u003C\/i\\u003E tir\\u00e9 de \\u003Ci\\u003EUn Jour Tu Verras\\u003C\/i\\u003E par Mouloudji. Piste 13. Genre&nbsp;: Jazz\",\"meta\":{\"artist\":\"Mouloudji\",\"album\":\"Un Jour Tu Verras\",\"genre\":\"Jazz\",\"length_formatted\":\"0:25\"},\"image\":{\"src\":\"https:\/\/jacques-canetti.com\/wp-includes\/images\/media\/audio.svg\",\"width\":48,\"height\":64},\"thumb\":{\"src\":\"https:\/\/jacques-canetti.com\/wp-includes\/images\/media\/audio.svg\",\"width\":48,\"height\":64}},{\"src\":\"https:\/\/jacques-canetti.com\/wp-content\/uploads\/2014\/04\/14-Quest-ce-que-tu-crois.mp3\",\"type\":\"audio\/mpeg\",\"title\":\"qu'est-ce que tu crois?\",\"caption\":\"\",\"description\":\"\\u003Ci\\u003EComplainte de Mackie\\u003C\/i\\u003E tir\\u00e9 de \\u003Ci\\u003EUn Jour Tu Verras\\u003C\/i\\u003E par Mouloudji. Piste 14. Genre&nbsp;: Jazz\",\"meta\":{\"artist\":\"Mouloudji\",\"album\":\"Un Jour Tu Verras\",\"genre\":\"Jazz\",\"length_formatted\":\"0:25\"},\"image\":{\"src\":\"https:\/\/jacques-canetti.com\/wp-includes\/images\/media\/audio.svg\",\"width\":48,\"height\":64},\"thumb\":{\"src\":\"https:\/\/jacques-canetti.com\/wp-includes\/images\/media\/audio.svg\",\"width\":48,\"height\":64}},{\"src\":\"https:\/\/jacques-canetti.com\/wp-content\/uploads\/2014\/04\/15-On-ma-donn\\u00e9-une-\\u00e2me.mp3\",\"type\":\"audio\/mpeg\",\"title\":\"On m'a donn\\u00e9 une \\u00e2me\",\"caption\":\"\",\"description\":\"\\u003Ci\\u003E15 On m'a donn\\u00e9 une \\u00e2me\\u003C\/i\\u003E tir\\u00e9 de \\u003Ci\\u003EUn Jour Tu Verras\\u003C\/i\\u003E par Mouloudji. Piste 15. Genre&nbsp;: Jazz\",\"meta\":{\"artist\":\"Mouloudji\",\"album\":\"Un Jour Tu Verras\",\"genre\":\"Jazz\",\"length_formatted\":\"0:25\"},\"image\":{\"src\":\"https:\/\/jacques-canetti.com\/wp-includes\/images\/media\/audio.svg\",\"width\":48,\"height\":64},\"thumb\":{\"src\":\"https:\/\/jacques-canetti.com\/wp-includes\/images\/media\/audio.svg\",\"width\":48,\"height\":64}},{\"src\":\"https:\/\/jacques-canetti.com\/wp-content\/uploads\/2014\/04\/16-Time-is-money.mp3\",\"type\":\"audio\/mpeg\",\"title\":\"Time is money\",\"caption\":\"\",\"description\":\"\\u003Ci\\u003ELe Jour de Monte-Carlo\\u003C\/i\\u003E tir\\u00e9 de \\u003Ci\\u003EUn Jour Tu Verras\\u003C\/i\\u003E par Mouloudji. Piste 16. Genre&nbsp;: Jazz\",\"meta\":{\"artist\":\"Mouloudji\",\"album\":\"Un Jour Tu Verras\",\"genre\":\"Jazz\",\"length_formatted\":\"0:25\"},\"image\":{\"src\":\"https:\/\/jacques-canetti.com\/wp-includes\/images\/media\/audio.svg\",\"width\":48,\"height\":64},\"thumb\":{\"src\":\"https:\/\/jacques-canetti.com\/wp-includes\/images\/media\/audio.svg\",\"width\":48,\"height\":64}},{\"src\":\"https:\/\/jacques-canetti.com\/wp-content\/uploads\/2014\/04\/17-Toi-tu-souris.mp3\",\"type\":\"audio\/mpeg\",\"title\":\"Toi tu souris\",\"caption\":\"\",\"description\":\"\\u003Ci\\u003E17 Toi tu souris\\u003C\/i\\u003E tir\\u00e9 de \\u003Ci\\u003EUn Jour Tu Verras\\u003C\/i\\u003E par Mouloudji. Piste 17. Genre&nbsp;: Jazz\",\"meta\":{\"artist\":\"Mouloudji\",\"album\":\"Un Jour Tu Verras\",\"genre\":\"Jazz\",\"length_formatted\":\"0:25\"},\"image\":{\"src\":\"https:\/\/jacques-canetti.com\/wp-includes\/images\/media\/audio.svg\",\"width\":48,\"height\":64},\"thumb\":{\"src\":\"https:\/\/jacques-canetti.com\/wp-includes\/images\/media\/audio.svg\",\"width\":48,\"height\":64}},{\"src\":\"https:\/\/jacques-canetti.com\/wp-content\/uploads\/2014\/04\/18-Largent.mp3\",\"type\":\"audio\/mpeg\",\"title\":\"L'argent\",\"caption\":\"\",\"description\":\"\\u003Ci\\u003EPetite Fleur\\u003C\/i\\u003E tir\\u00e9 de \\u003Ci\\u003EUn Jour Tu Verras\\u003C\/i\\u003E par Mouloudji. Piste 18. Genre&nbsp;: Jazz\",\"meta\":{\"artist\":\"Mouloudji\",\"album\":\"Un Jour Tu Verras\",\"genre\":\"Jazz\",\"length_formatted\":\"0:25\"},\"image\":{\"src\":\"https:\/\/jacques-canetti.com\/wp-includes\/images\/media\/audio.svg\",\"width\":48,\"height\":64},\"thumb\":{\"src\":\"https:\/\/jacques-canetti.com\/wp-includes\/images\/media\/audio.svg\",\"width\":48,\"height\":64}},{\"src\":\"https:\/\/jacques-canetti.com\/wp-content\/uploads\/2014\/04\/19-Le-mal-de-Paris.mp3\",\"type\":\"audio\/mpeg\",\"title\":\"Le mal de Paris\",\"caption\":\"\",\"description\":\"\\u003Ci\\u003EMoi, J'Aime les Femmes Fatales\\u003C\/i\\u003E tir\\u00e9 de \\u003Ci\\u003EUn Jour Tu Verras\\u003C\/i\\u003E par Mouloudji. Piste 19. Genre&nbsp;: Jazz\",\"meta\":{\"artist\":\"Mouloudji\",\"album\":\"Un Jour Tu Verras\",\"genre\":\"Jazz\",\"length_formatted\":\"0:25\"},\"image\":{\"src\":\"https:\/\/jacques-canetti.com\/wp-includes\/images\/media\/audio.svg\",\"width\":48,\"height\":64},\"thumb\":{\"src\":\"https:\/\/jacques-canetti.com\/wp-includes\/images\/media\/audio.svg\",\"width\":48,\"height\":64}},{\"src\":\"https:\/\/jacques-canetti.com\/wp-content\/uploads\/2014\/04\/20-Et-pourtant...-Moi-je-lai-vu-Le-diable.mp3\",\"type\":\"audio\/mpeg\",\"title\":\"Et pourtant... Moi je l'ai vu le diable\",\"caption\":\"\",\"description\":\"\\u003Ci\\u003EDis Quand Reviendras-Tu ?\\u003C\/i\\u003E tir\\u00e9 de \\u003Ci\\u003EUn Jour Tu Verras\\u003C\/i\\u003E par Mouloudji. Piste 20. Genre&nbsp;: Jazz\",\"meta\":{\"artist\":\"Mouloudji\",\"album\":\"Un Jour Tu Verras\",\"genre\":\"Jazz\",\"length_formatted\":\"0:25\"},\"image\":{\"src\":\"https:\/\/jacques-canetti.com\/wp-includes\/images\/media\/audio.svg\",\"width\":48,\"height\":64},\"thumb\":{\"src\":\"https:\/\/jacques-canetti.com\/wp-includes\/images\/media\/audio.svg\",\"width\":48,\"height\":64}},{\"src\":\"https:\/\/jacques-canetti.com\/wp-content\/uploads\/2014\/04\/21-Son-enfance-ses-activit\\u00e9s-BONUS-INTERVIEW.mp3\",\"type\":\"audio\/mpeg\",\"title\":\"Son enfance, ses activit\\u00e9s (Bonus interview)\",\"caption\":\"\",\"description\":\"\\u003Ci\\u003E21 Son enfance, ses activit\\u00e9s (BONUS INTERVIEW)\\u003C\/i\\u003E tir\\u00e9 de \\u003Ci\\u003EUn Jour Tu Verras\\u003C\/i\\u003E par Mouloudji. Piste 21. Genre&nbsp;: Jazz\",\"meta\":{\"artist\":\"Mouloudji\",\"album\":\"Un Jour Tu Verras\",\"genre\":\"Jazz\",\"length_formatted\":\"0:25\"},\"image\":{\"src\":\"https:\/\/jacques-canetti.com\/wp-includes\/images\/media\/audio.svg\",\"width\":48,\"height\":64},\"thumb\":{\"src\":\"https:\/\/jacques-canetti.com\/wp-includes\/images\/media\/audio.svg\",\"width\":48,\"height\":64}},{\"src\":\"https:\/\/jacques-canetti.com\/wp-content\/uploads\/2014\/04\/22-Ses-d\\u00e9buts-BONUS-INTERVIEW.mp3\",\"type\":\"audio\/mpeg\",\"title\":\"Ses d\\u00e9buts (Bonus interview)\",\"caption\":\"\",\"description\":\"\\u003Ci\\u003ELes Feuilles Mortes\\u003C\/i\\u003E tir\\u00e9 de \\u003Ci\\u003EUn Jour Tu Verras\\u003C\/i\\u003E par Mouloudji. Piste 22. Genre&nbsp;: Jazz\",\"meta\":{\"artist\":\"Mouloudji\",\"album\":\"Un Jour Tu Verras\",\"genre\":\"Jazz\",\"length_formatted\":\"0:25\"},\"image\":{\"src\":\"https:\/\/jacques-canetti.com\/wp-includes\/images\/media\/audio.svg\",\"width\":48,\"height\":64},\"thumb\":{\"src\":\"https:\/\/jacques-canetti.com\/wp-includes\/images\/media\/audio.svg\",\"width\":48,\"height\":64}},{\"src\":\"https:\/\/jacques-canetti.com\/wp-content\/uploads\/2014\/04\/23-Avec-Jacques-Canetti-au-th\\u00e9\\u00e2tre-des-Trois-Baudets-BONUS-INTERVIEW.mp3\",\"type\":\"audio\/mpeg\",\"title\":\"Avec Jacques Canetti au th\\u00e9\\u00e2tre des Trois Baudets (Bonus interview)\",\"caption\":\"\",\"description\":\"\\u003Ci\\u003ESix Feuilles Mortes de San Francisco\\u003C\/i\\u003E tir\\u00e9 de \\u003Ci\\u003EUn Jour Tu Verras\\u003C\/i\\u003E par Mouloudji. Piste 23. Genre&nbsp;: Jazz\",\"meta\":{\"artist\":\"Mouloudji\",\"album\":\"Un Jour Tu Verras\",\"genre\":\"Jazz\",\"length_formatted\":\"0:25\"},\"image\":{\"src\":\"https:\/\/jacques-canetti.com\/wp-includes\/images\/media\/audio.svg\",\"width\":48,\"height\":64},\"thumb\":{\"src\":\"https:\/\/jacques-canetti.com\/wp-includes\/images\/media\/audio.svg\",\"width\":48,\"height\":64}}]}<\/script>\n<\/div>\n\t\n<h2><span style=\"font-weight: normal;\">[\/vc_accordion_tab][\/vc_accordion][\/vc_column][\/vc_row]<\/span><\/h2>\n<hr \/>\n<p>&nbsp;<\/p>\n<h2><strong>Bio de l&#8217;artiste<\/strong><\/h2>\n<p>Marcel Mouloudji, son of a Kabyle father and a Breton mother born in Sidi Aich in Algeria in 1922. Writer and actor very politically engaged, he met Jacques Canetti who makes him start\u00a0as a singer on the Trois Baudets stage. Soon, he had him record &#8220;Comme un petit coquelicot&#8221; which won the1953 French Disc Grand Prize. Mouloudji then began a vast artistic career in songs and films. He died in 1994, leaving many projects unfinished.<\/p>\n<\/div>","protected":false},"excerpt":{"rendered":"<p>Includes <strong>20 of Mouloudji\u2019s most successful songs<\/strong>, some of which were recorded by Jacques Canetti: <em>Un jour tu verras, Le d\u00e9serteur, Si tu t&#8217;imagines, Comme un p&#8217;tit coquelicot, Mon pot&#8217; le gitan&#8230;<\/em><\/p>\n<p><em><br \/>\n<\/em>And, for the first time, an <strong>exclusive bonus<\/strong> : interviews with Mouloudji in which he talks about his childhood, his diverse occupations (actor, singer, writer, painter), his beginnings in the music business, the new <em>chanson fran\u00e7aise<\/em>, Damia\u2026<br \/>\n<img loading=\"lazy\" decoding=\"async\" class=\"alignleft wp-image-2909\" src=\"https:\/\/jacques-canetti.com\/wp-content\/uploads\/2014\/04\/images-Copie-2-300x157.jpg\" alt=\"derniers articles\" width=\"100\" height=\"53\" \/><\/p>\n","protected":false},"featured_media":3655,"comment_status":"closed","ping_status":"closed","template":"","meta":{"_seopress_robots_primary_cat":"","_seopress_titles_title":"","_seopress_titles_desc":"","_seopress_robots_index":""},"product_brand":[],"product_cat":[130],"product_tag":[201],"class_list":{"0":"post-5148","1":"product","2":"type-product","3":"status-publish","4":"has-post-thumbnail","6":"product_cat-cd-dvd-en","7":"product_tag-mouloudji-en","8":"description-off","10":"first","11":"instock","12":"purchasable","13":"product-type-simple"},"_links":{"self":[{"href":"https:\/\/jacques-canetti.com\/en\/wp-json\/wp\/v2\/product\/5148","targetHints":{"allow":["GET"]}}],"collection":[{"href":"https:\/\/jacques-canetti.com\/en\/wp-json\/wp\/v2\/product"}],"about":[{"href":"https:\/\/jacques-canetti.com\/en\/wp-json\/wp\/v2\/types\/product"}],"replies":[{"embeddable":true,"href":"https:\/\/jacques-canetti.com\/en\/wp-json\/wp\/v2\/comments?post=5148"}],"wp:featuredmedia":[{"embeddable":true,"href":"https:\/\/jacques-canetti.com\/en\/wp-json\/wp\/v2\/media\/3655"}],"wp:attachment":[{"href":"https:\/\/jacques-canetti.com\/en\/wp-json\/wp\/v2\/media?parent=5148"}],"wp:term":[{"taxonomy":"product_brand","embeddable":true,"href":"https:\/\/jacques-canetti.com\/en\/wp-json\/wp\/v2\/product_brand?post=5148"},{"taxonomy":"product_cat","embeddable":true,"href":"https:\/\/jacques-canetti.com\/en\/wp-json\/wp\/v2\/product_cat?post=5148"},{"taxonomy":"product_tag","embeddable":true,"href":"https:\/\/jacques-canetti.com\/en\/wp-json\/wp\/v2\/product_tag?post=5148"}],"curies":[{"name":"wp","href":"https:\/\/api.w.org\/{rel}","templated":true}]}}