{"id":5151,"date":"2014-10-03T14:33:56","date_gmt":"2014-10-03T12:33:56","guid":{"rendered":"https:\/\/jacques-canetti.com\/produit\/non class\u00e9\/jeanne-moreau-le-meilleur-volume-2-cd\/"},"modified":"2024-04-22T00:01:45","modified_gmt":"2024-04-21T22:01:45","slug":"jeanne-moreau-le-meilleur-volume-2-cd","status":"publish","type":"product","link":"https:\/\/jacques-canetti.com\/en\/produit\/cd-dvd-en\/jeanne-moreau-le-meilleur-volume-2-cd\/","title":{"rendered":"Jeanne Moreau &#8211; Le meilleur Volume 2 (CD)"},"content":{"rendered":"<div class=\"wpb-content-wrapper\"><hr \/>\n<h2><strong><img loading=\"lazy\" decoding=\"async\" class=\"alignleft wp-image-2388\" src=\"https:\/\/jacques-canetti.com\/wp-content\/uploads\/2014\/06\/play43.png\" alt=\"\" width=\"73\" height=\"71\" \/><\/strong><\/h2>\n<p>[vc_row][vc_column width=&#8221;5\/6&#8243;]<div class=\"gap\" style=\"line-height: 10px; height: 10px;\"><\/div>[vc_accordion collapsible=&#8221;yes&#8221; active_tab=&#8221;false&#8221;][vc_accordion_tab title=&#8221;<strong>CLICK TO LISTEN TO SONGS EXTRACTS<\/strong>&#8220;]<\/p>\n<div class=\"wp-playlist wp-audio-playlist wp-playlist-light\">\n\t\t\t<div class=\"wp-playlist-current-item\"><\/div>\n\t\t<audio controls=\"controls\" preload=\"none\" width=\"1178\"\n\t\t\t><\/audio>\n\t<div class=\"wp-playlist-next\"><\/div>\n\t<div class=\"wp-playlist-prev\"><\/div>\n\t<noscript>\n\t<ol>\n\t\t<li><a href='https:\/\/jacques-canetti.com\/wp-content\/uploads\/2014\/05\/01-Jamais-je-ne-ai-dit-que-je-taim\u00e9rai-toujours.mp3'>Jamais je n'ai dit que je t'aimerai toujours<\/a><\/li><li><a href='https:\/\/jacques-canetti.com\/wp-content\/uploads\/2014\/05\/02-Tout-morose.mp3'>Tout morose<\/a><\/li><li><a href='https:\/\/jacques-canetti.com\/wp-content\/uploads\/2014\/05\/03-Javais-un-ami.mp3'>J'avais un ami<\/a><\/li><li><a href='https:\/\/jacques-canetti.com\/wp-content\/uploads\/2014\/05\/04-Les-mots-de-rien.mp3'>Les mots de rien<\/a><\/li><li><a href='https:\/\/jacques-canetti.com\/wp-content\/uploads\/2014\/05\/05-Anonyme.mp3'>Anonyme<\/a><\/li><li><a href='https:\/\/jacques-canetti.com\/wp-content\/uploads\/2014\/05\/06-Adieu-ma-vie.mp3'>Adieu ma vie<\/a><\/li><li><a href='https:\/\/jacques-canetti.com\/wp-content\/uploads\/2014\/05\/07-Tu-magaces.mp3'>Tu m'agaces<\/a><\/li><li><a href='https:\/\/jacques-canetti.com\/wp-content\/uploads\/2014\/05\/08-Tant\u00f4t-rouge-tant\u00f4t-bleu.mp3'>Tant\u00f4t rouge tant\u00f4t bleu<\/a><\/li><li><a href='https:\/\/jacques-canetti.com\/wp-content\/uploads\/2014\/05\/09-O\u00f9-vas-tu-Mathilde.mp3'>O\u00f9 vas-tu Mathilde<\/a><\/li><li><a href='https:\/\/jacques-canetti.com\/wp-content\/uploads\/2014\/05\/10-Les-wangons-longs-de-lit.mp3'>Les wagons longs de lit<\/a><\/li><li><a href='https:\/\/jacques-canetti.com\/wp-content\/uploads\/2014\/05\/11-Angora-rose.mp3'>Angora rose<\/a><\/li><li><a href='https:\/\/jacques-canetti.com\/wp-content\/uploads\/2014\/05\/12-Les-mains-sur-les-tempes.mp3'>Les mains sur les tempes<\/a><\/li>\t<\/ol>\n\t<\/noscript>\n\t<script type=\"application\/json\" class=\"wp-playlist-script\">{\"type\":\"audio\",\"tracklist\":true,\"tracknumbers\":true,\"images\":true,\"artists\":false,\"tracks\":[{\"src\":\"https:\/\/jacques-canetti.com\/wp-content\/uploads\/2014\/05\/01-Jamais-je-ne-ai-dit-que-je-taim\\u00e9rai-toujours.mp3\",\"type\":\"audio\/mpeg\",\"title\":\"Jamais je n'ai dit que je t'aimerai toujours\",\"caption\":\"\",\"description\":\"\\u003Ci\\u003ETrack 01\\u003C\/i\\u003E tir\\u00e9 de \\u003Ci\\u003EAlbum\\u003C\/i\\u003E par Artist. Piste 1.\",\"meta\":{\"artist\":\"Artist\",\"album\":\"Album\",\"length_formatted\":\"0:27\"},\"image\":{\"src\":\"https:\/\/jacques-canetti.com\/wp-includes\/images\/media\/audio.svg\",\"width\":48,\"height\":64},\"thumb\":{\"src\":\"https:\/\/jacques-canetti.com\/wp-includes\/images\/media\/audio.svg\",\"width\":48,\"height\":64}},{\"src\":\"https:\/\/jacques-canetti.com\/wp-content\/uploads\/2014\/05\/02-Tout-morose.mp3\",\"type\":\"audio\/mpeg\",\"title\":\"Tout morose\",\"caption\":\"\",\"description\":\"\\u003Ci\\u003ETrack 02\\u003C\/i\\u003E tir\\u00e9 de \\u003Ci\\u003EAlbum\\u003C\/i\\u003E par Artist. Piste 2.\",\"meta\":{\"artist\":\"Artist\",\"album\":\"Album\",\"length_formatted\":\"0:25\"},\"image\":{\"src\":\"https:\/\/jacques-canetti.com\/wp-includes\/images\/media\/audio.svg\",\"width\":48,\"height\":64},\"thumb\":{\"src\":\"https:\/\/jacques-canetti.com\/wp-includes\/images\/media\/audio.svg\",\"width\":48,\"height\":64}},{\"src\":\"https:\/\/jacques-canetti.com\/wp-content\/uploads\/2014\/05\/03-Javais-un-ami.mp3\",\"type\":\"audio\/mpeg\",\"title\":\"J'avais un ami\",\"caption\":\"\",\"description\":\"\\u003Ci\\u003ETrack 03\\u003C\/i\\u003E tir\\u00e9 de \\u003Ci\\u003EAlbum\\u003C\/i\\u003E par Artist. Piste 3.\",\"meta\":{\"artist\":\"Artist\",\"album\":\"Album\",\"length_formatted\":\"0:26\"},\"image\":{\"src\":\"https:\/\/jacques-canetti.com\/wp-includes\/images\/media\/audio.svg\",\"width\":48,\"height\":64},\"thumb\":{\"src\":\"https:\/\/jacques-canetti.com\/wp-includes\/images\/media\/audio.svg\",\"width\":48,\"height\":64}},{\"src\":\"https:\/\/jacques-canetti.com\/wp-content\/uploads\/2014\/05\/04-Les-mots-de-rien.mp3\",\"type\":\"audio\/mpeg\",\"title\":\"Les mots de rien\",\"caption\":\"\",\"description\":\"\\u003Ci\\u003ETrack 04\\u003C\/i\\u003E tir\\u00e9 de \\u003Ci\\u003EAlbum\\u003C\/i\\u003E par Artist. Piste 4.\",\"meta\":{\"artist\":\"Artist\",\"album\":\"Album\",\"length_formatted\":\"0:28\"},\"image\":{\"src\":\"https:\/\/jacques-canetti.com\/wp-includes\/images\/media\/audio.svg\",\"width\":48,\"height\":64},\"thumb\":{\"src\":\"https:\/\/jacques-canetti.com\/wp-includes\/images\/media\/audio.svg\",\"width\":48,\"height\":64}},{\"src\":\"https:\/\/jacques-canetti.com\/wp-content\/uploads\/2014\/05\/05-Anonyme.mp3\",\"type\":\"audio\/mpeg\",\"title\":\"Anonyme\",\"caption\":\"\",\"description\":\"\\u003Ci\\u003ETrack 05\\u003C\/i\\u003E tir\\u00e9 de \\u003Ci\\u003EAlbum\\u003C\/i\\u003E par Artist. Piste 5.\",\"meta\":{\"artist\":\"Artist\",\"album\":\"Album\",\"length_formatted\":\"0:25\"},\"image\":{\"src\":\"https:\/\/jacques-canetti.com\/wp-includes\/images\/media\/audio.svg\",\"width\":48,\"height\":64},\"thumb\":{\"src\":\"https:\/\/jacques-canetti.com\/wp-includes\/images\/media\/audio.svg\",\"width\":48,\"height\":64}},{\"src\":\"https:\/\/jacques-canetti.com\/wp-content\/uploads\/2014\/05\/06-Adieu-ma-vie.mp3\",\"type\":\"audio\/mpeg\",\"title\":\"Adieu ma vie\",\"caption\":\"\",\"description\":\"\\u003Ci\\u003ETrack 06\\u003C\/i\\u003E tir\\u00e9 de \\u003Ci\\u003EAlbum\\u003C\/i\\u003E par Artist. Piste 6.\",\"meta\":{\"artist\":\"Artist\",\"album\":\"Album\",\"length_formatted\":\"0:33\"},\"image\":{\"src\":\"https:\/\/jacques-canetti.com\/wp-includes\/images\/media\/audio.svg\",\"width\":48,\"height\":64},\"thumb\":{\"src\":\"https:\/\/jacques-canetti.com\/wp-includes\/images\/media\/audio.svg\",\"width\":48,\"height\":64}},{\"src\":\"https:\/\/jacques-canetti.com\/wp-content\/uploads\/2014\/05\/07-Tu-magaces.mp3\",\"type\":\"audio\/mpeg\",\"title\":\"Tu m'agaces\",\"caption\":\"\",\"description\":\"\\u003Ci\\u003ETrack 07\\u003C\/i\\u003E tir\\u00e9 de \\u003Ci\\u003EAlbum\\u003C\/i\\u003E par Artist. Piste 7.\",\"meta\":{\"artist\":\"Artist\",\"album\":\"Album\",\"length_formatted\":\"0:33\"},\"image\":{\"src\":\"https:\/\/jacques-canetti.com\/wp-includes\/images\/media\/audio.svg\",\"width\":48,\"height\":64},\"thumb\":{\"src\":\"https:\/\/jacques-canetti.com\/wp-includes\/images\/media\/audio.svg\",\"width\":48,\"height\":64}},{\"src\":\"https:\/\/jacques-canetti.com\/wp-content\/uploads\/2014\/05\/08-Tant\\u00f4t-rouge-tant\\u00f4t-bleu.mp3\",\"type\":\"audio\/mpeg\",\"title\":\"Tant\\u00f4t rouge tant\\u00f4t bleu\",\"caption\":\"\",\"description\":\"\\u003Ci\\u003ETrack 08\\u003C\/i\\u003E tir\\u00e9 de \\u003Ci\\u003EAlbum\\u003C\/i\\u003E par Artist. Piste 8.\",\"meta\":{\"artist\":\"Artist\",\"album\":\"Album\",\"length_formatted\":\"0:31\"},\"image\":{\"src\":\"https:\/\/jacques-canetti.com\/wp-includes\/images\/media\/audio.svg\",\"width\":48,\"height\":64},\"thumb\":{\"src\":\"https:\/\/jacques-canetti.com\/wp-includes\/images\/media\/audio.svg\",\"width\":48,\"height\":64}},{\"src\":\"https:\/\/jacques-canetti.com\/wp-content\/uploads\/2014\/05\/09-O\\u00f9-vas-tu-Mathilde.mp3\",\"type\":\"audio\/mpeg\",\"title\":\"O\\u00f9 vas-tu Mathilde\",\"caption\":\"\",\"description\":\"\\u003Ci\\u003ETrack 09\\u003C\/i\\u003E tir\\u00e9 de \\u003Ci\\u003EAlbum\\u003C\/i\\u003E par Artist. Piste 9.\",\"meta\":{\"artist\":\"Artist\",\"album\":\"Album\",\"length_formatted\":\"0:32\"},\"image\":{\"src\":\"https:\/\/jacques-canetti.com\/wp-includes\/images\/media\/audio.svg\",\"width\":48,\"height\":64},\"thumb\":{\"src\":\"https:\/\/jacques-canetti.com\/wp-includes\/images\/media\/audio.svg\",\"width\":48,\"height\":64}},{\"src\":\"https:\/\/jacques-canetti.com\/wp-content\/uploads\/2014\/05\/10-Les-wangons-longs-de-lit.mp3\",\"type\":\"audio\/mpeg\",\"title\":\"Les wagons longs de lit\",\"caption\":\"\",\"description\":\"\\u003Ci\\u003ETrack 10\\u003C\/i\\u003E tir\\u00e9 de \\u003Ci\\u003EAlbum\\u003C\/i\\u003E par Artist. Piste 10.\",\"meta\":{\"artist\":\"Artist\",\"album\":\"Album\",\"length_formatted\":\"0:37\"},\"image\":{\"src\":\"https:\/\/jacques-canetti.com\/wp-includes\/images\/media\/audio.svg\",\"width\":48,\"height\":64},\"thumb\":{\"src\":\"https:\/\/jacques-canetti.com\/wp-includes\/images\/media\/audio.svg\",\"width\":48,\"height\":64}},{\"src\":\"https:\/\/jacques-canetti.com\/wp-content\/uploads\/2014\/05\/11-Angora-rose.mp3\",\"type\":\"audio\/mpeg\",\"title\":\"Angora rose\",\"caption\":\"\",\"description\":\"\\u003Ci\\u003ETrack 11\\u003C\/i\\u003E tir\\u00e9 de \\u003Ci\\u003EAlbum\\u003C\/i\\u003E par Artist. Piste 11.\",\"meta\":{\"artist\":\"Artist\",\"album\":\"Album\",\"length_formatted\":\"0:34\"},\"image\":{\"src\":\"https:\/\/jacques-canetti.com\/wp-includes\/images\/media\/audio.svg\",\"width\":48,\"height\":64},\"thumb\":{\"src\":\"https:\/\/jacques-canetti.com\/wp-includes\/images\/media\/audio.svg\",\"width\":48,\"height\":64}},{\"src\":\"https:\/\/jacques-canetti.com\/wp-content\/uploads\/2014\/05\/12-Les-mains-sur-les-tempes.mp3\",\"type\":\"audio\/mpeg\",\"title\":\"Les mains sur les tempes\",\"caption\":\"\",\"description\":\"\\u003Ci\\u003ETrack 12\\u003C\/i\\u003E tir\\u00e9 de \\u003Ci\\u003EAlbum\\u003C\/i\\u003E par Artist. Piste 12.\",\"meta\":{\"artist\":\"Artist\",\"album\":\"Album\",\"length_formatted\":\"0:31\"},\"image\":{\"src\":\"https:\/\/jacques-canetti.com\/wp-includes\/images\/media\/audio.svg\",\"width\":48,\"height\":64},\"thumb\":{\"src\":\"https:\/\/jacques-canetti.com\/wp-includes\/images\/media\/audio.svg\",\"width\":48,\"height\":64}}]}<\/script>\n<\/div>\n\t\n<h2><span style=\"font-weight: normal;\">[\/vc_accordion_tab][\/vc_accordion][\/vc_column][\/vc_row]<\/span><\/h2>\n<hr \/>\n<h2>\u00a0<strong>Artist story<\/strong><\/h2>\n<div class=\"woocommerce-tabs wc-tabs-wrapper\">\n<div id=\"tab-description\" class=\"woocommerce-Tabs-panel woocommerce-Tabs-panel--description panel entry-content wc-tab\">\n<p>Jeanne Moreau began her career in theater. Legendary French actress often rewarded and having worked\u00a0with the greatest\u00a0(Fran\u00e7ois Truffaut, Orson Welles, Luis Bu\u00f1uel \u2026).With \u201cthe momentum of Jacques Canetti\u201d, she also sings Norge , Elsa Triolet, and Serge Rezvani works\u00a0such as \u201cle tourbillon,\u201d \u201cJ\u2019ai la m\u00e9moire qui flanche\u201d or \u201cLa vie de cocagne\u201d .<\/p>\n<\/div>\n<\/div>\n<\/div>","protected":false},"excerpt":{"rendered":"<p>This second album by Jeanne Moreau was released in 1966 and obtained the Grand Prix of the National Academy of French records in 1967.<\/p>\n<p>All the songs were written by <em>Serge Rezvani<\/em> aka <em>Bassiak<\/em> and arranged by <em>Elek Bacsik<\/em>. They were carefully rehearsed by Jean-Jacques Robert on the piano and recorded at the <em>Com\u00e9die des Champs-\u00c9lys\u00e9es<\/em>.<\/p>\n<p>The musical accompaniment is simple: a single bass and <em>Elek Bacsik\u2019s<\/em> guitar, and lyrics that highlight Jeanne Moreau\u2019s personality perfectly.<\/p>\n","protected":false},"featured_media":4910,"comment_status":"closed","ping_status":"closed","template":"","meta":{"_seopress_robots_primary_cat":"","_seopress_titles_title":"","_seopress_titles_desc":"","_seopress_robots_index":""},"product_brand":[],"product_cat":[130],"product_tag":[142,183],"class_list":{"0":"post-5151","1":"product","2":"type-product","3":"status-publish","4":"has-post-thumbnail","6":"product_cat-cd-dvd-en","7":"product_tag-bassiak-en","8":"product_tag-jeanne-moreau-en","9":"description-off","11":"first","12":"instock","13":"taxable","14":"shipping-taxable","15":"purchasable","16":"product-type-simple"},"_links":{"self":[{"href":"https:\/\/jacques-canetti.com\/en\/wp-json\/wp\/v2\/product\/5151","targetHints":{"allow":["GET"]}}],"collection":[{"href":"https:\/\/jacques-canetti.com\/en\/wp-json\/wp\/v2\/product"}],"about":[{"href":"https:\/\/jacques-canetti.com\/en\/wp-json\/wp\/v2\/types\/product"}],"replies":[{"embeddable":true,"href":"https:\/\/jacques-canetti.com\/en\/wp-json\/wp\/v2\/comments?post=5151"}],"wp:featuredmedia":[{"embeddable":true,"href":"https:\/\/jacques-canetti.com\/en\/wp-json\/wp\/v2\/media\/4910"}],"wp:attachment":[{"href":"https:\/\/jacques-canetti.com\/en\/wp-json\/wp\/v2\/media?parent=5151"}],"wp:term":[{"taxonomy":"product_brand","embeddable":true,"href":"https:\/\/jacques-canetti.com\/en\/wp-json\/wp\/v2\/product_brand?post=5151"},{"taxonomy":"product_cat","embeddable":true,"href":"https:\/\/jacques-canetti.com\/en\/wp-json\/wp\/v2\/product_cat?post=5151"},{"taxonomy":"product_tag","embeddable":true,"href":"https:\/\/jacques-canetti.com\/en\/wp-json\/wp\/v2\/product_tag?post=5151"}],"curies":[{"name":"wp","href":"https:\/\/api.w.org\/{rel}","templated":true}]}}