{"id":5154,"date":"2014-04-22T15:25:15","date_gmt":"2014-04-22T13:25:15","guid":{"rendered":"https:\/\/jacques-canetti.com\/produit\/non%20class\u00e9\/inventaire-jacques-prevert-2\/"},"modified":"2016-08-07T15:21:41","modified_gmt":"2016-08-07T13:21:41","slug":"inventaire-jacques-prevert","status":"publish","type":"product","link":"https:\/\/jacques-canetti.com\/en\/produit\/cd-dvd-en\/inventaire-jacques-prevert\/","title":{"rendered":"Inventaire Jacques PR\u00c9VERT"},"content":{"rendered":"<hr \/>\n<h2><\/h2>\n<h2><strong>Artist story<\/strong><\/h2>\n<p>Jacques Pr\u00e9vert was born February 4, 1900 in Neuilly-sur-Seine. This is one of the most popular and prolific\u00a0French poets. The artist joined the surrealists in 1925 and became a symbol of France in the world. Until his death in 1977 he never stopped writing poems, novels, screenplays and songs.<\/p>\n","protected":false},"excerpt":{"rendered":"<p><strong>3 CD box set including a BONUS CD with VIDEOS <\/strong><\/p>\n<p>A beautiful box set for fans of <em>la chanson fran\u00e7aise<\/em> (Canal +\/La Matinale) \/ Ovations: <em>Pr\u00e9vert celebrated <\/em>(Le Nouvel Obs)<strong>\u00a0<\/strong><\/p>\n<p><strong>Our greatest singers and actors perform JACQUES PREVERT: <\/strong><\/p>\n<p><em>Charlotte Rampling, Jeanne Moreau, Serge Reggiani, Yves Montand, Edith Piaf, Juliette Gr\u00e9co, Jean-Claude Brialy, les Fr\u00e8res Jacques, Mouloudji, Richard Bohringer, Brigitte Fossey, Simone Signoret, Philippe L\u00e9otard, Annie Girardot, Ludmila Mikael, Magali No\u00ebl, Catherine Arditi, Catherine Sauvage, Cora Vaucaire&#8230; <\/em>and Jacques Pr\u00e9vert reading his own poems.<\/p>\n<p><strong>\u00a0<\/strong><strong>FOR THE FIRST TIME,<\/strong><\/p>\n<p><strong>&#8211; 20 SONGS and 38 Poems<\/strong><\/p>\n<p><strong>&#8211; 2 EXCLUSIVE VIDEOS of the author<\/strong><\/p>\n<p><strong>&#8211; A luxurious BOX SET including a booklet of photographs and unpublished documents<\/strong><\/p>\n","protected":false},"featured_media":5445,"comment_status":"closed","ping_status":"closed","template":"","meta":{"_seopress_robots_primary_cat":"","_seopress_titles_title":"","_seopress_titles_desc":"","_seopress_robots_index":""},"product_brand":[],"product_cat":[130],"product_tag":[176],"class_list":{"0":"post-5154","1":"product","2":"type-product","3":"status-publish","4":"has-post-thumbnail","6":"product_cat-cd-dvd-en","7":"product_tag-jacques-prevert-en","8":"description-off","10":"first","11":"outofstock","12":"purchasable","13":"product-type-simple"},"_links":{"self":[{"href":"https:\/\/jacques-canetti.com\/en\/wp-json\/wp\/v2\/product\/5154","targetHints":{"allow":["GET"]}}],"collection":[{"href":"https:\/\/jacques-canetti.com\/en\/wp-json\/wp\/v2\/product"}],"about":[{"href":"https:\/\/jacques-canetti.com\/en\/wp-json\/wp\/v2\/types\/product"}],"replies":[{"embeddable":true,"href":"https:\/\/jacques-canetti.com\/en\/wp-json\/wp\/v2\/comments?post=5154"}],"wp:featuredmedia":[{"embeddable":true,"href":"https:\/\/jacques-canetti.com\/en\/wp-json\/wp\/v2\/media\/5445"}],"wp:attachment":[{"href":"https:\/\/jacques-canetti.com\/en\/wp-json\/wp\/v2\/media?parent=5154"}],"wp:term":[{"taxonomy":"product_brand","embeddable":true,"href":"https:\/\/jacques-canetti.com\/en\/wp-json\/wp\/v2\/product_brand?post=5154"},{"taxonomy":"product_cat","embeddable":true,"href":"https:\/\/jacques-canetti.com\/en\/wp-json\/wp\/v2\/product_cat?post=5154"},{"taxonomy":"product_tag","embeddable":true,"href":"https:\/\/jacques-canetti.com\/en\/wp-json\/wp\/v2\/product_tag?post=5154"}],"curies":[{"name":"wp","href":"https:\/\/api.w.org\/{rel}","templated":true}]}}