{"id":5156,"date":"2014-04-22T15:25:21","date_gmt":"2014-04-22T13:25:21","guid":{"rendered":"https:\/\/jacques-canetti.com\/produit\/non%20class\u00e9\/serge-reggiani-sings-boris-vian-cd\/"},"modified":"2019-12-02T17:42:37","modified_gmt":"2019-12-02T16:42:37","slug":"serge-reggiani-chante-boris-vian","status":"publish","type":"product","link":"https:\/\/jacques-canetti.com\/en\/produit\/cd-dvd-en\/serge-reggiani-chante-boris-vian\/","title":{"rendered":"Serge Reggiani sings Boris Vian (CD)"},"content":{"rendered":"<div class=\"wpb-content-wrapper\"><hr \/>\n<h2><strong><img loading=\"lazy\" decoding=\"async\" class=\"alignleft wp-image-2388\" src=\"https:\/\/jacques-canetti.com\/wp-content\/uploads\/2014\/06\/play43.png\" alt=\"\" width=\"73\" height=\"71\" \/><\/strong><\/h2>\n<p>[vc_row][vc_column width=&#8221;5\/6&#8243;]<div class=\"gap\" style=\"line-height: 10px; height: 10px;\"><\/div>[vc_accordion collapsible=&#8221;yes&#8221; active_tab=&#8221;false&#8221;][vc_accordion_tab title=&#8221;<strong>CLICK TO LISTEN TO SONGS EXTRACTS<\/strong>&#8220;]<\/p>\n<div class=\"wp-playlist wp-audio-playlist wp-playlist-light\">\n\t\t\t<div class=\"wp-playlist-current-item\"><\/div>\n\t\t<audio controls=\"controls\" preload=\"none\" width=\"1178\"\n\t\t\t><\/audio>\n\t<div class=\"wp-playlist-next\"><\/div>\n\t<div class=\"wp-playlist-prev\"><\/div>\n\t<noscript>\n\t<ol>\n\t\t<li><a href='https:\/\/jacques-canetti.com\/wp-content\/uploads\/2014\/04\/Arthur-o\u00f9-tas-mis-le-corps-.mp3'>Arthur o\u00f9 t'as mis le corps<\/a><\/li><li><a href='https:\/\/jacques-canetti.com\/wp-content\/uploads\/2014\/04\/Le-r\u00e9giment-des-mal-aim\u00e9s.mp3'>Le r\u00e9giment des mal aim\u00e9s<\/a><\/li><li><a href='https:\/\/jacques-canetti.com\/wp-content\/uploads\/2014\/04\/Valse-dingue.mp3'>Valse dingue<\/a><\/li><li><a href='https:\/\/jacques-canetti.com\/wp-content\/uploads\/2014\/04\/Je-bois.mp3'>Je bois<\/a><\/li><li><a href='https:\/\/jacques-canetti.com\/wp-content\/uploads\/2014\/04\/Sermonette.mp3'>Sermonette<\/a><\/li><li><a href='https:\/\/jacques-canetti.com\/wp-content\/uploads\/2014\/04\/Sans-blague.mp3'>Sans Blague<\/a><\/li><li><a href='https:\/\/jacques-canetti.com\/wp-content\/uploads\/2014\/04\/Jai-pas-dregrets.mp3'>J'ai pas d'regrets<\/a><\/li><li><a href='https:\/\/jacques-canetti.com\/wp-content\/uploads\/2014\/04\/Fugue.mp3'>Fugue<\/a><\/li><li><a href='https:\/\/jacques-canetti.com\/wp-content\/uploads\/2014\/04\/Le-d\u00e9serteur.mp3'>Le deserteur<\/a><\/li><li><a href='https:\/\/jacques-canetti.com\/wp-content\/uploads\/2014\/04\/De-velours-et-de-soie.mp3'>De velours et de soie<\/a><\/li><li><a href='https:\/\/jacques-canetti.com\/wp-content\/uploads\/2014\/04\/La-derni\u00e8re-valse.mp3'>La derni\u00e8re Valse<\/a><\/li><li><a href='https:\/\/jacques-canetti.com\/wp-content\/uploads\/2014\/04\/Que-tu-es-impatiente-la-mort.mp3'>Que tu es impatiente la mort<\/a><\/li>\t<\/ol>\n\t<\/noscript>\n\t<script type=\"application\/json\" class=\"wp-playlist-script\">{\"type\":\"audio\",\"tracklist\":true,\"tracknumbers\":true,\"images\":false,\"artists\":true,\"tracks\":[{\"src\":\"https:\/\/jacques-canetti.com\/wp-content\/uploads\/2014\/04\/Arthur-o\\u00f9-tas-mis-le-corps-.mp3\",\"type\":\"audio\/mpeg\",\"title\":\"Arthur o\\u00f9 t'as mis le corps\",\"caption\":\"Arthur o\\u00f9 t'as mis le corps\",\"description\":\"Serge Reggiani chante Vian\\nReggiani...Toujours\",\"meta\":{\"artist\":\"Artist\",\"album\":\"Album\",\"length_formatted\":\"0:45\"},\"image\":{\"src\":\"https:\/\/jacques-canetti.com\/wp-includes\/images\/media\/audio.svg\",\"width\":48,\"height\":64},\"thumb\":{\"src\":\"https:\/\/jacques-canetti.com\/wp-includes\/images\/media\/audio.svg\",\"width\":48,\"height\":64}},{\"src\":\"https:\/\/jacques-canetti.com\/wp-content\/uploads\/2014\/04\/Le-r\\u00e9giment-des-mal-aim\\u00e9s.mp3\",\"type\":\"audio\/mpeg\",\"title\":\"Le r\\u00e9giment des mal aim\\u00e9s\",\"caption\":\"Le r\\u00e9giment des mal aim\\u00e9s\",\"description\":\"Serge Reggiani chante Vian\",\"meta\":{\"artist\":\"Artist\",\"album\":\"Album\",\"length_formatted\":\"0:22\"},\"image\":{\"src\":\"https:\/\/jacques-canetti.com\/wp-includes\/images\/media\/audio.svg\",\"width\":48,\"height\":64},\"thumb\":{\"src\":\"https:\/\/jacques-canetti.com\/wp-includes\/images\/media\/audio.svg\",\"width\":48,\"height\":64}},{\"src\":\"https:\/\/jacques-canetti.com\/wp-content\/uploads\/2014\/04\/Valse-dingue.mp3\",\"type\":\"audio\/mpeg\",\"title\":\"Valse dingue\",\"caption\":\"Valse dingue\",\"description\":\"Serge Reggiani chante Vian\\nReggiani...Toujours\",\"meta\":{\"artist\":\"Artist\",\"album\":\"Album\",\"length_formatted\":\"0:32\"},\"image\":{\"src\":\"https:\/\/jacques-canetti.com\/wp-includes\/images\/media\/audio.svg\",\"width\":48,\"height\":64},\"thumb\":{\"src\":\"https:\/\/jacques-canetti.com\/wp-includes\/images\/media\/audio.svg\",\"width\":48,\"height\":64}},{\"src\":\"https:\/\/jacques-canetti.com\/wp-content\/uploads\/2014\/04\/Je-bois.mp3\",\"type\":\"audio\/mpeg\",\"title\":\"Je bois\",\"caption\":\"Je bois\",\"description\":\"Serge Reggiani chante Vian\",\"meta\":{\"artist\":\"Artist\",\"album\":\"Album\",\"length_formatted\":\"0:38\"},\"image\":{\"src\":\"https:\/\/jacques-canetti.com\/wp-includes\/images\/media\/audio.svg\",\"width\":48,\"height\":64},\"thumb\":{\"src\":\"https:\/\/jacques-canetti.com\/wp-includes\/images\/media\/audio.svg\",\"width\":48,\"height\":64}},{\"src\":\"https:\/\/jacques-canetti.com\/wp-content\/uploads\/2014\/04\/Sermonette.mp3\",\"type\":\"audio\/mpeg\",\"title\":\"Sermonette\",\"caption\":\"Sermonette\",\"description\":\"Serge Reggiani chante Vian\\nReggiani...Toujours\",\"meta\":{\"artist\":\"Artist\",\"album\":\"Album\",\"length_formatted\":\"0:20\"},\"image\":{\"src\":\"https:\/\/jacques-canetti.com\/wp-includes\/images\/media\/audio.svg\",\"width\":48,\"height\":64},\"thumb\":{\"src\":\"https:\/\/jacques-canetti.com\/wp-includes\/images\/media\/audio.svg\",\"width\":48,\"height\":64}},{\"src\":\"https:\/\/jacques-canetti.com\/wp-content\/uploads\/2014\/04\/Sans-blague.mp3\",\"type\":\"audio\/mpeg\",\"title\":\"Sans Blague\",\"caption\":\"Sans Blague\",\"description\":\"Serge Reggiani chante Vian\\nReggiani...Toujours\",\"meta\":{\"artist\":\"Artist\",\"album\":\"Album\",\"length_formatted\":\"0:34\"},\"image\":{\"src\":\"https:\/\/jacques-canetti.com\/wp-includes\/images\/media\/audio.svg\",\"width\":48,\"height\":64},\"thumb\":{\"src\":\"https:\/\/jacques-canetti.com\/wp-includes\/images\/media\/audio.svg\",\"width\":48,\"height\":64}},{\"src\":\"https:\/\/jacques-canetti.com\/wp-content\/uploads\/2014\/04\/Jai-pas-dregrets.mp3\",\"type\":\"audio\/mpeg\",\"title\":\"J'ai pas d'regrets\",\"caption\":\"J'ai pas d'regrets\",\"description\":\"Serge Reggiani chante Vian\",\"meta\":{\"artist\":\"Artist\",\"album\":\"Album\",\"length_formatted\":\"0:37\"},\"image\":{\"src\":\"https:\/\/jacques-canetti.com\/wp-includes\/images\/media\/audio.svg\",\"width\":48,\"height\":64},\"thumb\":{\"src\":\"https:\/\/jacques-canetti.com\/wp-includes\/images\/media\/audio.svg\",\"width\":48,\"height\":64}},{\"src\":\"https:\/\/jacques-canetti.com\/wp-content\/uploads\/2014\/04\/Fugue.mp3\",\"type\":\"audio\/mpeg\",\"title\":\"Fugue\",\"caption\":\"Fugue\",\"description\":\"Serge Reggiani chante Vian\",\"meta\":{\"artist\":\"Artist\",\"album\":\"Album\",\"length_formatted\":\"0:19\"},\"image\":{\"src\":\"https:\/\/jacques-canetti.com\/wp-includes\/images\/media\/audio.svg\",\"width\":48,\"height\":64},\"thumb\":{\"src\":\"https:\/\/jacques-canetti.com\/wp-includes\/images\/media\/audio.svg\",\"width\":48,\"height\":64}},{\"src\":\"https:\/\/jacques-canetti.com\/wp-content\/uploads\/2014\/04\/Le-d\\u00e9serteur.mp3\",\"type\":\"audio\/mpeg\",\"title\":\"Le deserteur\",\"caption\":\"Le deserteur\",\"description\":\"Serge Reggiani - 12 succ\\u00e8s \\nSerge Reggiani chante Vian\\nReggiani...Toujours\\nBoris Vian - 100 chansons\",\"meta\":{\"artist\":\"Artist\",\"album\":\"Album\",\"length_formatted\":\"0:42\"},\"image\":{\"src\":\"https:\/\/jacques-canetti.com\/wp-includes\/images\/media\/audio.svg\",\"width\":48,\"height\":64},\"thumb\":{\"src\":\"https:\/\/jacques-canetti.com\/wp-includes\/images\/media\/audio.svg\",\"width\":48,\"height\":64}},{\"src\":\"https:\/\/jacques-canetti.com\/wp-content\/uploads\/2014\/04\/De-velours-et-de-soie.mp3\",\"type\":\"audio\/mpeg\",\"title\":\"De velours et de soie\",\"caption\":\"De velours et de soie\",\"description\":\"Serge Reggiani chante Vian\",\"meta\":{\"artist\":\"Artist\",\"album\":\"Album\",\"length_formatted\":\"0:19\"},\"image\":{\"src\":\"https:\/\/jacques-canetti.com\/wp-includes\/images\/media\/audio.svg\",\"width\":48,\"height\":64},\"thumb\":{\"src\":\"https:\/\/jacques-canetti.com\/wp-includes\/images\/media\/audio.svg\",\"width\":48,\"height\":64}},{\"src\":\"https:\/\/jacques-canetti.com\/wp-content\/uploads\/2014\/04\/La-derni\\u00e8re-valse.mp3\",\"type\":\"audio\/mpeg\",\"title\":\"La derni\\u00e8re Valse\",\"caption\":\"La derni\\u00e8re Valse\",\"description\":\"Serge Reggiani chante Vian\",\"meta\":{\"artist\":\"Artist\",\"album\":\"Album\",\"length_formatted\":\"0:19\"},\"image\":{\"src\":\"https:\/\/jacques-canetti.com\/wp-includes\/images\/media\/audio.svg\",\"width\":48,\"height\":64},\"thumb\":{\"src\":\"https:\/\/jacques-canetti.com\/wp-includes\/images\/media\/audio.svg\",\"width\":48,\"height\":64}},{\"src\":\"https:\/\/jacques-canetti.com\/wp-content\/uploads\/2014\/04\/Que-tu-es-impatiente-la-mort.mp3\",\"type\":\"audio\/mpeg\",\"title\":\"Que tu es impatiente la mort\",\"caption\":\"Que tu es impatiente la mort\",\"description\":\"Serge Reggiani chante Vian\",\"meta\":{\"artist\":\"Artist\",\"album\":\"Album\",\"length_formatted\":\"0:25\"},\"image\":{\"src\":\"https:\/\/jacques-canetti.com\/wp-includes\/images\/media\/audio.svg\",\"width\":48,\"height\":64},\"thumb\":{\"src\":\"https:\/\/jacques-canetti.com\/wp-includes\/images\/media\/audio.svg\",\"width\":48,\"height\":64}}]}<\/script>\n<\/div>\n\t\n<p>[\/vc_accordion_tab][\/vc_accordion][\/vc_column][\/vc_row]<\/p>\n<hr \/>\n<p>&nbsp;<\/p>\n<h2>Artist story<\/h2>\n<h3>Serge Reggiani<\/h3>\n<p>Born May 2, 1922, Serge Reggiani is a multifaceted\u00a0French artist of Italian origin. Actor in the first part of his career (Casque d&#8217;or, L&#8217;enfer, Le doulos&#8230;), he turns to a singing career in 1963 by Jacques Canetti. Accompanied by famous lyricists : Boris Vian, Georges Moustaki, Jean-Loup Dabadi \u00a0and Claude Lemesle among others. He leads an exceptional interpreter career and actor in parallel until his death in 2004.<\/p>\n<h3>Boris Vian<\/h3>\n<p>Born in 1920, Boris Vian (aka Vernon Sullivan for its most sulphurous pounds) joined the Central School in 1939 and became an engineer in 1942. In 1954, he began singing in the Trois Baudets theater and will know a great success with his books and songs. Trumpeter, composer, performer, jazz journalist and surrealist genius writer, he launched the first rock songs in French with Michel Legrand, Henri Salvador and Jacques Canetti. He died of heart disease June 23, 1959, during the private screening of &#8220;J&#8217;irais cracher sur vos tombes&#8221;.<\/p>\n<\/div>","protected":false},"excerpt":{"rendered":"<p>Published in 1965, this <strong>first album<\/strong> marks a decisive turn in Serge Reggiani\u2019s career. Jacques Canetti was the one who introduced the actor to music by offering him these <strong>12 Boris Vian songs<\/strong> during an impromptu encounter at Simone Signoret and Yves Montand\u2019s home.<\/p>\n<p>Accompanied by the music of Louis Bessi\u00e8res, Michel Auz\u00e9py, Alain Goraguer, M. Philippe-G\u00e9rard and Jimmy Walter (Boris Vian\u2019s pianist), Serge Reggiani revealed his voice with its unique tone and put his talent for acting to use with these great lyrics.<\/p>\n<p>The album received the <strong>Grand Prix from the Charles Cros academy<\/strong>.<\/p>\n<p>It includes: <em>Arthur o\u00f9 t\u2019as mis le corps, Le d\u00e9serteur, Que tu es impatiente la mort, Je bois \u2026<\/em><br \/>\n<a href=\"http:\/\/www.charlescros.org\/\" target=\"_blank\"><img loading=\"lazy\" decoding=\"async\" class=\"aligncenter wp-image-903\" src=\"https:\/\/jacques-canetti.com\/wp-content\/uploads\/2014\/04\/grand-prix-lacademie-charles-cros-2010-lexecu-T-_nqnjU.jpeg\" alt=\"Grand Prix de L'acad\u00e9mie Charles Cros\" width=\"80\" height=\"89\" \/><\/a><\/p>\n","protected":false},"featured_media":3656,"comment_status":"closed","ping_status":"closed","template":"","meta":{"_seopress_robots_primary_cat":"","_seopress_titles_title":"","_seopress_titles_desc":"","_seopress_robots_index":""},"product_brand":[],"product_cat":[130],"product_tag":[136,144,170,184,191,205,214],"class_list":{"0":"post-5156","1":"product","2":"type-product","3":"status-publish","4":"has-post-thumbnail","6":"product_cat-cd-dvd-en","7":"product_tag-alain-goraguer-en","8":"product_tag-boris-vian-en","9":"product_tag-introuvables-en","10":"product_tag-jimmy-walter-en","11":"product_tag-louis-bessieres-en","12":"product_tag-philippe-gerard-en","13":"product_tag-serge-reggiani-en-2","14":"description-off","16":"first","17":"instock","18":"purchasable","19":"product-type-simple"},"_links":{"self":[{"href":"https:\/\/jacques-canetti.com\/en\/wp-json\/wp\/v2\/product\/5156","targetHints":{"allow":["GET"]}}],"collection":[{"href":"https:\/\/jacques-canetti.com\/en\/wp-json\/wp\/v2\/product"}],"about":[{"href":"https:\/\/jacques-canetti.com\/en\/wp-json\/wp\/v2\/types\/product"}],"replies":[{"embeddable":true,"href":"https:\/\/jacques-canetti.com\/en\/wp-json\/wp\/v2\/comments?post=5156"}],"wp:featuredmedia":[{"embeddable":true,"href":"https:\/\/jacques-canetti.com\/en\/wp-json\/wp\/v2\/media\/3656"}],"wp:attachment":[{"href":"https:\/\/jacques-canetti.com\/en\/wp-json\/wp\/v2\/media?parent=5156"}],"wp:term":[{"taxonomy":"product_brand","embeddable":true,"href":"https:\/\/jacques-canetti.com\/en\/wp-json\/wp\/v2\/product_brand?post=5156"},{"taxonomy":"product_cat","embeddable":true,"href":"https:\/\/jacques-canetti.com\/en\/wp-json\/wp\/v2\/product_cat?post=5156"},{"taxonomy":"product_tag","embeddable":true,"href":"https:\/\/jacques-canetti.com\/en\/wp-json\/wp\/v2\/product_tag?post=5156"}],"curies":[{"name":"wp","href":"https:\/\/api.w.org\/{rel}","templated":true}]}}