{"id":5158,"date":"2014-04-22T15:25:21","date_gmt":"2014-04-22T13:25:21","guid":{"rendered":"https:\/\/jacques-canetti.com\/produit\/non%20class\u00e9\/serge-reggiani-toujours-cd-2\/"},"modified":"2016-08-07T15:15:53","modified_gmt":"2016-08-07T13:15:53","slug":"serge-reggiani-toujours-cd","status":"publish","type":"product","link":"https:\/\/jacques-canetti.com\/en\/produit\/cd-dvd-en\/serge-reggiani-toujours-cd\/","title":{"rendered":"Serge Reggiani &#8230; Toujours (CD)"},"content":{"rendered":"<div class=\"wpb-content-wrapper\"><hr \/>\n<h2><strong><img loading=\"lazy\" decoding=\"async\" class=\"alignleft wp-image-2388\" src=\"https:\/\/jacques-canetti.com\/wp-content\/uploads\/2014\/06\/play43.png\" alt=\"\" width=\"73\" height=\"71\" \/><\/strong><\/h2>\n<p>[vc_row][vc_column width=&#8221;5\/6&#8243;]<div class=\"gap\" style=\"line-height: 10px; height: 10px;\"><\/div>[vc_accordion collapsible=&#8221;yes&#8221; active_tab=&#8221;false&#8221;][vc_accordion_tab title=&#8221;<strong>CLICK TO LISTEN TO SONGS EXTRACTS<\/strong>&#8220;]<\/p>\n<div class=\"wp-playlist wp-audio-playlist wp-playlist-light\">\n\t\t\t<div class=\"wp-playlist-current-item\"><\/div>\n\t\t<audio controls=\"controls\" preload=\"none\" width=\"1178\"\n\t\t\t><\/audio>\n\t<div class=\"wp-playlist-next\"><\/div>\n\t<div class=\"wp-playlist-prev\"><\/div>\n\t<noscript>\n\t<ol>\n\t\t<li><a href='https:\/\/jacques-canetti.com\/wp-content\/uploads\/2014\/04\/Ma-libert\u00e9.mp3'>Ma libert\u00e9<\/a><\/li><li><a href='https:\/\/jacques-canetti.com\/wp-content\/uploads\/2014\/04\/Le-petit-gar\u00e7on.mp3'>Le petit gar\u00e7on<\/a><\/li><li><a href='https:\/\/jacques-canetti.com\/wp-content\/uploads\/2014\/04\/Les-loups-sont-entr\u00e9s-dans-Paris.mp3'>Les loups sont entr\u00e9s dans Paris<\/a><\/li><li><a href='https:\/\/jacques-canetti.com\/wp-content\/uploads\/2014\/04\/Sarah.mp3'>Sarah<\/a><\/li><li><a href='https:\/\/jacques-canetti.com\/wp-content\/uploads\/2014\/04\/LItalien.mp3'>L'italien<\/a><\/li><li><a href='https:\/\/jacques-canetti.com\/wp-content\/uploads\/2014\/04\/Le-d\u00e9serteur.mp3'>Le deserteur<\/a><\/li><li><a href='https:\/\/jacques-canetti.com\/wp-content\/uploads\/2014\/04\/Et-puis.mp3'>Et puis<\/a><\/li><li><a href='https:\/\/jacques-canetti.com\/wp-content\/uploads\/2014\/04\/Ma-solitude.mp3'>Ma solitude<\/a><\/li><li><a href='https:\/\/jacques-canetti.com\/wp-content\/uploads\/2014\/04\/Paris-ma-rose.mp3'>Paris ma rose<\/a><\/li><li><a href='https:\/\/jacques-canetti.com\/wp-content\/uploads\/2014\/04\/Il-suffirait-de-presque-rien.mp3'>Il suffirait de presque rien<\/a><\/li><li><a href='https:\/\/jacques-canetti.com\/wp-content\/uploads\/2014\/04\/Votre-fille-a-vingt-ans.mp3'>Votre fille a 20 ans<\/a><\/li><li><a href='https:\/\/jacques-canetti.com\/wp-content\/uploads\/2014\/04\/Maxims.mp3'>Maxim's<\/a><\/li><li><a href='https:\/\/jacques-canetti.com\/wp-content\/uploads\/2014\/04\/Lh\u00f4tel-des-rendez-moi-\u00e7a.mp3'>L'hotel des rendez-moi \u00e7a<\/a><\/li><li><a href='https:\/\/jacques-canetti.com\/wp-content\/uploads\/2014\/04\/Hommage-\u00e0-Serge-Reggiani.mp3'>Hommage \u00e0 Reggiani<\/a><\/li><li><a href='https:\/\/jacques-canetti.com\/wp-content\/uploads\/2014\/04\/Quand-jaurai-du-vent-dans-mon-cr\u00e2ne.mp3'>Quand j'aurais du vent dans mon crane<\/a><\/li><li><a href='https:\/\/jacques-canetti.com\/wp-content\/uploads\/2014\/04\/La-vie-cest-comme-une-dent.mp3'>La vie c'est comme une dent<\/a><\/li><li><a href='https:\/\/jacques-canetti.com\/wp-content\/uploads\/2014\/04\/Fleurs-de-m\u00e9ninges.mp3'>Fleurs de m\u00e9ninges<\/a><\/li><li><a href='https:\/\/jacques-canetti.com\/wp-content\/uploads\/2014\/04\/A-mon-public.mp3'>A mon public<\/a><\/li><li><a href='https:\/\/jacques-canetti.com\/wp-content\/uploads\/2014\/04\/Sermonette.mp3'>Sermonette<\/a><\/li><li><a href='https:\/\/jacques-canetti.com\/wp-content\/uploads\/2014\/04\/Valse-dingue.mp3'>Valse dingue<\/a><\/li><li><a href='https:\/\/jacques-canetti.com\/wp-content\/uploads\/2014\/04\/Arthur-o\u00f9-tas-mis-le-corps-.mp3'>Arthur o\u00f9 t'as mis le corps<\/a><\/li><li><a href='https:\/\/jacques-canetti.com\/wp-content\/uploads\/2014\/04\/Sans-blague.mp3'>Sans Blague<\/a><\/li>\t<\/ol>\n\t<\/noscript>\n\t<script type=\"application\/json\" class=\"wp-playlist-script\">{\"type\":\"audio\",\"tracklist\":true,\"tracknumbers\":true,\"images\":true,\"artists\":true,\"tracks\":[{\"src\":\"https:\/\/jacques-canetti.com\/wp-content\/uploads\/2014\/04\/Ma-libert\\u00e9.mp3\",\"type\":\"audio\/mpeg\",\"title\":\"Ma libert\\u00e9\",\"caption\":\"Ma libert\\u00e9\",\"description\":\"Serge Reggiani - 12 succ\\u00e8s \\nReggiani...Toujours\",\"meta\":{\"artist\":\"Artist\",\"album\":\"Album\",\"length_formatted\":\"0:25\"},\"image\":{\"src\":\"https:\/\/jacques-canetti.com\/wp-includes\/images\/media\/audio.svg\",\"width\":48,\"height\":64},\"thumb\":{\"src\":\"https:\/\/jacques-canetti.com\/wp-includes\/images\/media\/audio.svg\",\"width\":48,\"height\":64}},{\"src\":\"https:\/\/jacques-canetti.com\/wp-content\/uploads\/2014\/04\/Le-petit-gar\\u00e7on.mp3\",\"type\":\"audio\/mpeg\",\"title\":\"Le petit gar\\u00e7on\",\"caption\":\"Le petit gar\\u00e7on\",\"description\":\"Serge Reggiani - 12 succ\\u00e8s \\nReggiani...Toujours\",\"meta\":{\"artist\":\"Artist\",\"album\":\"Album\",\"length_formatted\":\"0:41\"},\"image\":{\"src\":\"https:\/\/jacques-canetti.com\/wp-includes\/images\/media\/audio.svg\",\"width\":48,\"height\":64},\"thumb\":{\"src\":\"https:\/\/jacques-canetti.com\/wp-includes\/images\/media\/audio.svg\",\"width\":48,\"height\":64}},{\"src\":\"https:\/\/jacques-canetti.com\/wp-content\/uploads\/2014\/04\/Les-loups-sont-entr\\u00e9s-dans-Paris.mp3\",\"type\":\"audio\/mpeg\",\"title\":\"Les loups sont entr\\u00e9s dans Paris\",\"caption\":\"Les loups sont entr\\u00e9s dans Paris\",\"description\":\"Serge Reggiani - 12 succ\\u00e8s \\nReggiani...Toujours\",\"meta\":{\"artist\":\"Artist\",\"album\":\"Album\",\"length_formatted\":\"0:44\"},\"image\":{\"src\":\"https:\/\/jacques-canetti.com\/wp-includes\/images\/media\/audio.svg\",\"width\":48,\"height\":64},\"thumb\":{\"src\":\"https:\/\/jacques-canetti.com\/wp-includes\/images\/media\/audio.svg\",\"width\":48,\"height\":64}},{\"src\":\"https:\/\/jacques-canetti.com\/wp-content\/uploads\/2014\/04\/Sarah.mp3\",\"type\":\"audio\/mpeg\",\"title\":\"Sarah\",\"caption\":\"Sarah\",\"description\":\"Serge Reggiani - 12 succ\\u00e8s \\nReggiani...Toujours\",\"meta\":{\"artist\":\"Artist\",\"album\":\"Album\",\"length_formatted\":\"0:39\"},\"image\":{\"src\":\"https:\/\/jacques-canetti.com\/wp-includes\/images\/media\/audio.svg\",\"width\":48,\"height\":64},\"thumb\":{\"src\":\"https:\/\/jacques-canetti.com\/wp-includes\/images\/media\/audio.svg\",\"width\":48,\"height\":64}},{\"src\":\"https:\/\/jacques-canetti.com\/wp-content\/uploads\/2014\/04\/LItalien.mp3\",\"type\":\"audio\/mpeg\",\"title\":\"L'italien\",\"caption\":\"L'italien\",\"description\":\"Reggiani...Toujours\",\"meta\":{\"artist\":\"Artist\",\"album\":\"Album\",\"length_formatted\":\"0:44\"},\"image\":{\"src\":\"https:\/\/jacques-canetti.com\/wp-includes\/images\/media\/audio.svg\",\"width\":48,\"height\":64},\"thumb\":{\"src\":\"https:\/\/jacques-canetti.com\/wp-includes\/images\/media\/audio.svg\",\"width\":48,\"height\":64}},{\"src\":\"https:\/\/jacques-canetti.com\/wp-content\/uploads\/2014\/04\/Le-d\\u00e9serteur.mp3\",\"type\":\"audio\/mpeg\",\"title\":\"Le deserteur\",\"caption\":\"Le deserteur\",\"description\":\"Serge Reggiani - 12 succ\\u00e8s \\nSerge Reggiani chante Vian\\nReggiani...Toujours\\nBoris Vian - 100 chansons\",\"meta\":{\"artist\":\"Artist\",\"album\":\"Album\",\"length_formatted\":\"0:42\"},\"image\":{\"src\":\"https:\/\/jacques-canetti.com\/wp-includes\/images\/media\/audio.svg\",\"width\":48,\"height\":64},\"thumb\":{\"src\":\"https:\/\/jacques-canetti.com\/wp-includes\/images\/media\/audio.svg\",\"width\":48,\"height\":64}},{\"src\":\"https:\/\/jacques-canetti.com\/wp-content\/uploads\/2014\/04\/Et-puis.mp3\",\"type\":\"audio\/mpeg\",\"title\":\"Et puis\",\"caption\":\"Et puis\",\"description\":\"Reggiani...Toujours\",\"meta\":{\"artist\":\"Artist\",\"album\":\"Album\",\"length_formatted\":\"0:46\"},\"image\":{\"src\":\"https:\/\/jacques-canetti.com\/wp-includes\/images\/media\/audio.svg\",\"width\":48,\"height\":64},\"thumb\":{\"src\":\"https:\/\/jacques-canetti.com\/wp-includes\/images\/media\/audio.svg\",\"width\":48,\"height\":64}},{\"src\":\"https:\/\/jacques-canetti.com\/wp-content\/uploads\/2014\/04\/Ma-solitude.mp3\",\"type\":\"audio\/mpeg\",\"title\":\"Ma solitude\",\"caption\":\"Ma solitude\",\"description\":\"Serge Reggiani - 12 succ\\u00e8s \\nReggiani...Toujours\",\"meta\":{\"artist\":\"Artist\",\"album\":\"Album\",\"length_formatted\":\"0:26\"},\"image\":{\"src\":\"https:\/\/jacques-canetti.com\/wp-includes\/images\/media\/audio.svg\",\"width\":48,\"height\":64},\"thumb\":{\"src\":\"https:\/\/jacques-canetti.com\/wp-includes\/images\/media\/audio.svg\",\"width\":48,\"height\":64}},{\"src\":\"https:\/\/jacques-canetti.com\/wp-content\/uploads\/2014\/04\/Paris-ma-rose.mp3\",\"type\":\"audio\/mpeg\",\"title\":\"Paris ma rose\",\"caption\":\"Paris ma rose\",\"description\":\"Serge Reggiani - 12 succ\\u00e8s\\nReggiani...Toujours\",\"meta\":{\"artist\":\"Artist\",\"album\":\"Album\",\"length_formatted\":\"0:25\"},\"image\":{\"src\":\"https:\/\/jacques-canetti.com\/wp-includes\/images\/media\/audio.svg\",\"width\":48,\"height\":64},\"thumb\":{\"src\":\"https:\/\/jacques-canetti.com\/wp-includes\/images\/media\/audio.svg\",\"width\":48,\"height\":64}},{\"src\":\"https:\/\/jacques-canetti.com\/wp-content\/uploads\/2014\/04\/Il-suffirait-de-presque-rien.mp3\",\"type\":\"audio\/mpeg\",\"title\":\"Il suffirait de presque rien\",\"caption\":\"Il suffirait de presque rien\",\"description\":\"Reggiani...Toujours\",\"meta\":{\"artist\":\"Artist\",\"album\":\"Album\",\"length_formatted\":\"0:30\"},\"image\":{\"src\":\"https:\/\/jacques-canetti.com\/wp-includes\/images\/media\/audio.svg\",\"width\":48,\"height\":64},\"thumb\":{\"src\":\"https:\/\/jacques-canetti.com\/wp-includes\/images\/media\/audio.svg\",\"width\":48,\"height\":64}},{\"src\":\"https:\/\/jacques-canetti.com\/wp-content\/uploads\/2014\/04\/Votre-fille-a-vingt-ans.mp3\",\"type\":\"audio\/mpeg\",\"title\":\"Votre fille a 20 ans\",\"caption\":\"Votre fille a 20 ans\",\"description\":\"Reggiani...Toujours\",\"meta\":{\"artist\":\"Artist\",\"album\":\"Album\",\"length_formatted\":\"0:31\"},\"image\":{\"src\":\"https:\/\/jacques-canetti.com\/wp-includes\/images\/media\/audio.svg\",\"width\":48,\"height\":64},\"thumb\":{\"src\":\"https:\/\/jacques-canetti.com\/wp-includes\/images\/media\/audio.svg\",\"width\":48,\"height\":64}},{\"src\":\"https:\/\/jacques-canetti.com\/wp-content\/uploads\/2014\/04\/Maxims.mp3\",\"type\":\"audio\/mpeg\",\"title\":\"Maxim's\",\"caption\":\"Maxim's\",\"description\":\"Serge Reggiani - 12 succ\\u00e8s \\nReggiani...Toujours\",\"meta\":{\"artist\":\"Artist\",\"album\":\"Album\",\"length_formatted\":\"0:21\"},\"image\":{\"src\":\"https:\/\/jacques-canetti.com\/wp-includes\/images\/media\/audio.svg\",\"width\":48,\"height\":64},\"thumb\":{\"src\":\"https:\/\/jacques-canetti.com\/wp-includes\/images\/media\/audio.svg\",\"width\":48,\"height\":64}},{\"src\":\"https:\/\/jacques-canetti.com\/wp-content\/uploads\/2014\/04\/Lh\\u00f4tel-des-rendez-moi-\\u00e7a.mp3\",\"type\":\"audio\/mpeg\",\"title\":\"L'hotel des rendez-moi \\u00e7a\",\"caption\":\"L'hotel des rendez-moi \\u00e7a\",\"description\":\"Serge Reggiani - 12 succ\\u00e8s \\nReggiani...Toujours\",\"meta\":{\"artist\":\"Artist\",\"album\":\"Album\",\"length_formatted\":\"0:24\"},\"image\":{\"src\":\"https:\/\/jacques-canetti.com\/wp-includes\/images\/media\/audio.svg\",\"width\":48,\"height\":64},\"thumb\":{\"src\":\"https:\/\/jacques-canetti.com\/wp-includes\/images\/media\/audio.svg\",\"width\":48,\"height\":64}},{\"src\":\"https:\/\/jacques-canetti.com\/wp-content\/uploads\/2014\/04\/Hommage-\\u00e0-Serge-Reggiani.mp3\",\"type\":\"audio\/mpeg\",\"title\":\"Hommage \\u00e0 Reggiani\",\"caption\":\"Hommage \\u00e0 Reggiani\",\"description\":\"Reggiani...Toujours\",\"meta\":{\"artist\":\"Artist\",\"album\":\"Album\",\"length_formatted\":\"0:45\"},\"image\":{\"src\":\"https:\/\/jacques-canetti.com\/wp-includes\/images\/media\/audio.svg\",\"width\":48,\"height\":64},\"thumb\":{\"src\":\"https:\/\/jacques-canetti.com\/wp-includes\/images\/media\/audio.svg\",\"width\":48,\"height\":64}},{\"src\":\"https:\/\/jacques-canetti.com\/wp-content\/uploads\/2014\/04\/Quand-jaurai-du-vent-dans-mon-cr\\u00e2ne.mp3\",\"type\":\"audio\/mpeg\",\"title\":\"Quand j'aurais du vent dans mon crane\",\"caption\":\"Quand j'aurais du vent dans mon crane\",\"description\":\"Serge Reggiani - 12 succ\\u00e8s \\nReggiani...Toujours\",\"meta\":{\"artist\":\"Artist\",\"album\":\"Album\",\"length_formatted\":\"0:35\"},\"image\":{\"src\":\"https:\/\/jacques-canetti.com\/wp-includes\/images\/media\/audio.svg\",\"width\":48,\"height\":64},\"thumb\":{\"src\":\"https:\/\/jacques-canetti.com\/wp-includes\/images\/media\/audio.svg\",\"width\":48,\"height\":64}},{\"src\":\"https:\/\/jacques-canetti.com\/wp-content\/uploads\/2014\/04\/La-vie-cest-comme-une-dent.mp3\",\"type\":\"audio\/mpeg\",\"title\":\"La vie c'est comme une dent\",\"caption\":\"La vie c'est comme une dent\",\"description\":\"Serge Reggiani - 12 succ\\u00e8s \\nReggiani...Toujours\",\"meta\":{\"artist\":\"Artist\",\"album\":\"Album\",\"length_formatted\":\"0:17\"},\"image\":{\"src\":\"https:\/\/jacques-canetti.com\/wp-includes\/images\/media\/audio.svg\",\"width\":48,\"height\":64},\"thumb\":{\"src\":\"https:\/\/jacques-canetti.com\/wp-includes\/images\/media\/audio.svg\",\"width\":48,\"height\":64}},{\"src\":\"https:\/\/jacques-canetti.com\/wp-content\/uploads\/2014\/04\/Fleurs-de-m\\u00e9ninges.mp3\",\"type\":\"audio\/mpeg\",\"title\":\"Fleurs de m\\u00e9ninges\",\"caption\":\"Fleurs de m\\u00e9ninges\",\"description\":\"Serge Reggiani - 12 succ\\u00e8s \\nReggiani...Toujours\",\"meta\":{\"artist\":\"Artist\",\"album\":\"Album\",\"length_formatted\":\"0:33\"},\"image\":{\"src\":\"https:\/\/jacques-canetti.com\/wp-includes\/images\/media\/audio.svg\",\"width\":48,\"height\":64},\"thumb\":{\"src\":\"https:\/\/jacques-canetti.com\/wp-includes\/images\/media\/audio.svg\",\"width\":48,\"height\":64}},{\"src\":\"https:\/\/jacques-canetti.com\/wp-content\/uploads\/2014\/04\/A-mon-public.mp3\",\"type\":\"audio\/mpeg\",\"title\":\"A mon public\",\"caption\":\"A mon public\",\"description\":\"Reggiani...toujours\",\"meta\":{\"artist\":\"Artist\",\"album\":\"Album\",\"length_formatted\":\"0:46\"},\"image\":{\"src\":\"https:\/\/jacques-canetti.com\/wp-includes\/images\/media\/audio.svg\",\"width\":48,\"height\":64},\"thumb\":{\"src\":\"https:\/\/jacques-canetti.com\/wp-includes\/images\/media\/audio.svg\",\"width\":48,\"height\":64}},{\"src\":\"https:\/\/jacques-canetti.com\/wp-content\/uploads\/2014\/04\/Sermonette.mp3\",\"type\":\"audio\/mpeg\",\"title\":\"Sermonette\",\"caption\":\"Sermonette\",\"description\":\"Serge Reggiani chante Vian\\nReggiani...Toujours\",\"meta\":{\"artist\":\"Artist\",\"album\":\"Album\",\"length_formatted\":\"0:20\"},\"image\":{\"src\":\"https:\/\/jacques-canetti.com\/wp-includes\/images\/media\/audio.svg\",\"width\":48,\"height\":64},\"thumb\":{\"src\":\"https:\/\/jacques-canetti.com\/wp-includes\/images\/media\/audio.svg\",\"width\":48,\"height\":64}},{\"src\":\"https:\/\/jacques-canetti.com\/wp-content\/uploads\/2014\/04\/Valse-dingue.mp3\",\"type\":\"audio\/mpeg\",\"title\":\"Valse dingue\",\"caption\":\"Valse dingue\",\"description\":\"Serge Reggiani chante Vian\\nReggiani...Toujours\",\"meta\":{\"artist\":\"Artist\",\"album\":\"Album\",\"length_formatted\":\"0:32\"},\"image\":{\"src\":\"https:\/\/jacques-canetti.com\/wp-includes\/images\/media\/audio.svg\",\"width\":48,\"height\":64},\"thumb\":{\"src\":\"https:\/\/jacques-canetti.com\/wp-includes\/images\/media\/audio.svg\",\"width\":48,\"height\":64}},{\"src\":\"https:\/\/jacques-canetti.com\/wp-content\/uploads\/2014\/04\/Arthur-o\\u00f9-tas-mis-le-corps-.mp3\",\"type\":\"audio\/mpeg\",\"title\":\"Arthur o\\u00f9 t'as mis le corps\",\"caption\":\"Arthur o\\u00f9 t'as mis le corps\",\"description\":\"Serge Reggiani chante Vian\\nReggiani...Toujours\",\"meta\":{\"artist\":\"Artist\",\"album\":\"Album\",\"length_formatted\":\"0:45\"},\"image\":{\"src\":\"https:\/\/jacques-canetti.com\/wp-includes\/images\/media\/audio.svg\",\"width\":48,\"height\":64},\"thumb\":{\"src\":\"https:\/\/jacques-canetti.com\/wp-includes\/images\/media\/audio.svg\",\"width\":48,\"height\":64}},{\"src\":\"https:\/\/jacques-canetti.com\/wp-content\/uploads\/2014\/04\/Sans-blague.mp3\",\"type\":\"audio\/mpeg\",\"title\":\"Sans Blague\",\"caption\":\"Sans Blague\",\"description\":\"Serge Reggiani chante Vian\\nReggiani...Toujours\",\"meta\":{\"artist\":\"Artist\",\"album\":\"Album\",\"length_formatted\":\"0:34\"},\"image\":{\"src\":\"https:\/\/jacques-canetti.com\/wp-includes\/images\/media\/audio.svg\",\"width\":48,\"height\":64},\"thumb\":{\"src\":\"https:\/\/jacques-canetti.com\/wp-includes\/images\/media\/audio.svg\",\"width\":48,\"height\":64}}]}<\/script>\n<\/div>\n\t\n<div class=\"gap\" style=\"line-height: 10px; height: 10px;\"><\/div> [\/vc_accordion_tab][\/vc_accordion][\/vc_column][\/vc_row]<\/p>\n<hr \/>\n<p>&nbsp;<\/p>\n<h2><strong>Artist story<\/strong><\/h2>\n<p>Born May 2, 1922, Serge Reggiani is a multifaceted\u00a0French artist of Italian origin. Actor in the first part of his career (Casque d\u2019or, L\u2019enfer, Le doulos\u2026), he turns to a singing career in 1963 by Jacques Canetti. Accompanied by famous lyricists : Boris Vian, Georges Moustaki, Jean-Loup Dabadi \u00a0and Claude Lemesle among others. He leads an exceptional interpreter career and actor in parallel until his death in 2004.<\/p>\n<\/div>","protected":false},"excerpt":{"rendered":"<p>This CD is a must have tribute to re-discover the great Serge\u2019s repertoire in music.<\/p>\n<p><strong>14 of his most successful songs in their original version<\/strong><\/p>\n<p><em>Le petit gar\u00e7on, Les loups sont entr\u00e9s dans Paris, Ma libert\u00e9, Sarah&#8230;<\/em><\/p>\n<p><strong>4 unpublished live recordings:<\/strong> <em>Et puis, Votre fille a vingt ans, Il suffirait de presque rien, L\u2019italien<br \/>\n<\/em><strong>A tribute to Serge Reggiani<\/strong> read by Patrick Bruel, Isabelle Boulay, Carole Laure, Robert Hossein and Georges Moustaki&#8230;<\/p>\n<p><strong>+ <em>A mon public <\/em>(to my fans)<\/strong>: the best of of his last recording (2003), in which he addresses Edith Piaf, Jacques Brel, Simone Signoret, Romy Schneider, Barbara, Boris Vian, Lino Ventura, Michel Piccoli and his wife, No\u00eblle Adam Reggiani, in the form of letters.<br \/>\n<strong>4 recordings from his first album<\/strong> with lyrics by Boris Vian<br \/>\n<a href=\"https:\/\/www.youtube.com\/watch?v=Sj6pOSBGX8w\" target=\"_blank\"><img loading=\"lazy\" decoding=\"async\" class=\"aligncenter wp-image-2955\" src=\"https:\/\/jacques-canetti.com\/wp-content\/uploads\/2014\/04\/D\u00e9couvrez-la-vid\u00e9o-YouTube-300x191.jpg\" alt=\"D\u00e9couvrez la vid\u00e9o YouTube\" width=\"110\" height=\"70\" srcset=\"https:\/\/jacques-canetti.com\/wp-content\/uploads\/2014\/04\/D\u00e9couvrez-la-vid\u00e9o-YouTube-300x191.jpg 300w, https:\/\/jacques-canetti.com\/wp-content\/uploads\/2014\/04\/D\u00e9couvrez-la-vid\u00e9o-YouTube.jpg 493w\" sizes=\"auto, (max-width: 110px) 100vw, 110px\" \/><\/a><\/p>\n","protected":false},"featured_media":4532,"comment_status":"closed","ping_status":"closed","template":"","meta":{"_seopress_robots_primary_cat":"","_seopress_titles_title":"","_seopress_titles_desc":"","_seopress_robots_index":""},"product_brand":[],"product_cat":[130],"product_tag":[144,214],"class_list":{"0":"post-5158","1":"product","2":"type-product","3":"status-publish","4":"has-post-thumbnail","6":"product_cat-cd-dvd-en","7":"product_tag-boris-vian-en","8":"product_tag-serge-reggiani-en-2","9":"description-off","11":"first","12":"instock","13":"purchasable","14":"product-type-simple"},"_links":{"self":[{"href":"https:\/\/jacques-canetti.com\/en\/wp-json\/wp\/v2\/product\/5158","targetHints":{"allow":["GET"]}}],"collection":[{"href":"https:\/\/jacques-canetti.com\/en\/wp-json\/wp\/v2\/product"}],"about":[{"href":"https:\/\/jacques-canetti.com\/en\/wp-json\/wp\/v2\/types\/product"}],"replies":[{"embeddable":true,"href":"https:\/\/jacques-canetti.com\/en\/wp-json\/wp\/v2\/comments?post=5158"}],"wp:featuredmedia":[{"embeddable":true,"href":"https:\/\/jacques-canetti.com\/en\/wp-json\/wp\/v2\/media\/4532"}],"wp:attachment":[{"href":"https:\/\/jacques-canetti.com\/en\/wp-json\/wp\/v2\/media?parent=5158"}],"wp:term":[{"taxonomy":"product_brand","embeddable":true,"href":"https:\/\/jacques-canetti.com\/en\/wp-json\/wp\/v2\/product_brand?post=5158"},{"taxonomy":"product_cat","embeddable":true,"href":"https:\/\/jacques-canetti.com\/en\/wp-json\/wp\/v2\/product_cat?post=5158"},{"taxonomy":"product_tag","embeddable":true,"href":"https:\/\/jacques-canetti.com\/en\/wp-json\/wp\/v2\/product_tag?post=5158"}],"curies":[{"name":"wp","href":"https:\/\/api.w.org\/{rel}","templated":true}]}}