{"id":5159,"date":"2014-04-22T17:25:15","date_gmt":"2014-04-22T13:25:15","guid":{"rendered":"https:\/\/jacques-canetti.com\/produit\/non%20class\u00e9\/serge-reggiani-12-original-hits-cd\/"},"modified":"2021-12-15T21:33:38","modified_gmt":"2021-12-15T20:33:38","slug":"serge-reggiani-12-succes-originaux","status":"publish","type":"product","link":"https:\/\/jacques-canetti.com\/en\/produit\/cd-dvd-en\/serge-reggiani-12-succes-originaux\/","title":{"rendered":"Serge Reggiani &#8211; 12 original hits (CD)"},"content":{"rendered":"<div class=\"wpb-content-wrapper\"><hr \/>\n<h2><strong><img loading=\"lazy\" decoding=\"async\" class=\"alignleft wp-image-2388\" src=\"https:\/\/jacques-canetti.com\/wp-content\/uploads\/2014\/06\/play43.png\" alt=\"\" width=\"73\" height=\"71\" \/><\/strong><\/h2>\n<p>[vc_row][vc_column width=&#8221;5\/6&#8243;]<div class=\"gap\" style=\"line-height: 10px; height: 10px;\"><\/div>[vc_accordion collapsible=&#8221;yes&#8221; active_tab=&#8221;false&#8221;][vc_accordion_tab title=&#8221;<strong>CLICK TO LISTEN TO SONGS EXTRACTS<\/strong>&#8220;]<\/p>\n<div class=\"wp-playlist wp-audio-playlist wp-playlist-light\">\n\t\t\t<div class=\"wp-playlist-current-item\"><\/div>\n\t\t<audio controls=\"controls\" preload=\"none\" width=\"1178\"\n\t\t\t><\/audio>\n\t<div class=\"wp-playlist-next\"><\/div>\n\t<div class=\"wp-playlist-prev\"><\/div>\n\t<noscript>\n\t<ol>\n\t\t<li><a href='https:\/\/jacques-canetti.com\/wp-content\/uploads\/2014\/04\/Les-loups-sont-entr\u00e9s-dans-Paris.mp3'>Les loups sont entr\u00e9s dans Paris<\/a><\/li><li><a href='https:\/\/jacques-canetti.com\/wp-content\/uploads\/2014\/04\/La-vie-cest-comme-une-dent.mp3'>La vie c'est comme une dent<\/a><\/li><li><a href='https:\/\/jacques-canetti.com\/wp-content\/uploads\/2014\/04\/Sarah.mp3'>Sarah<\/a><\/li><li><a href='https:\/\/jacques-canetti.com\/wp-content\/uploads\/2014\/04\/Maxims.mp3'>Maxim's<\/a><\/li><li><a href='https:\/\/jacques-canetti.com\/wp-content\/uploads\/2014\/04\/Ma-solitude.mp3'>Ma solitude<\/a><\/li><li><a href='https:\/\/jacques-canetti.com\/wp-content\/uploads\/2014\/04\/Fleurs-de-m\u00e9ninges.mp3'>Fleurs de m\u00e9ninges<\/a><\/li><li><a href='https:\/\/jacques-canetti.com\/wp-content\/uploads\/2014\/04\/Le-petit-gar\u00e7on.mp3'>Le petit gar\u00e7on<\/a><\/li><li><a href='https:\/\/jacques-canetti.com\/wp-content\/uploads\/2014\/04\/Quand-jaurai-du-vent-dans-mon-cr\u00e2ne.mp3'>Quand j'aurais du vent dans mon crane<\/a><\/li><li><a href='https:\/\/jacques-canetti.com\/wp-content\/uploads\/2014\/04\/Ma-libert\u00e9.mp3'>Ma libert\u00e9<\/a><\/li><li><a href='https:\/\/jacques-canetti.com\/wp-content\/uploads\/2014\/04\/Paris-ma-rose.mp3'>Paris ma rose<\/a><\/li><li><a href='https:\/\/jacques-canetti.com\/wp-content\/uploads\/2014\/04\/Lh\u00f4tel-des-rendez-moi-\u00e7a.mp3'>L'hotel des rendez-moi \u00e7a<\/a><\/li><li><a href='https:\/\/jacques-canetti.com\/wp-content\/uploads\/2014\/04\/Le-d\u00e9serteur.mp3'>Le deserteur<\/a><\/li>\t<\/ol>\n\t<\/noscript>\n\t<script type=\"application\/json\" class=\"wp-playlist-script\">{\"type\":\"audio\",\"tracklist\":true,\"tracknumbers\":true,\"images\":false,\"artists\":true,\"tracks\":[{\"src\":\"https:\/\/jacques-canetti.com\/wp-content\/uploads\/2014\/04\/Les-loups-sont-entr\\u00e9s-dans-Paris.mp3\",\"type\":\"audio\/mpeg\",\"title\":\"Les loups sont entr\\u00e9s dans Paris\",\"caption\":\"Les loups sont entr\\u00e9s dans Paris\",\"description\":\"Serge Reggiani - 12 succ\\u00e8s \\nReggiani...Toujours\",\"meta\":{\"artist\":\"Artist\",\"album\":\"Album\",\"length_formatted\":\"0:44\"},\"image\":{\"src\":\"https:\/\/jacques-canetti.com\/wp-includes\/images\/media\/audio.svg\",\"width\":48,\"height\":64},\"thumb\":{\"src\":\"https:\/\/jacques-canetti.com\/wp-includes\/images\/media\/audio.svg\",\"width\":48,\"height\":64}},{\"src\":\"https:\/\/jacques-canetti.com\/wp-content\/uploads\/2014\/04\/La-vie-cest-comme-une-dent.mp3\",\"type\":\"audio\/mpeg\",\"title\":\"La vie c'est comme une dent\",\"caption\":\"La vie c'est comme une dent\",\"description\":\"Serge Reggiani - 12 succ\\u00e8s \\nReggiani...Toujours\",\"meta\":{\"artist\":\"Artist\",\"album\":\"Album\",\"length_formatted\":\"0:17\"},\"image\":{\"src\":\"https:\/\/jacques-canetti.com\/wp-includes\/images\/media\/audio.svg\",\"width\":48,\"height\":64},\"thumb\":{\"src\":\"https:\/\/jacques-canetti.com\/wp-includes\/images\/media\/audio.svg\",\"width\":48,\"height\":64}},{\"src\":\"https:\/\/jacques-canetti.com\/wp-content\/uploads\/2014\/04\/Sarah.mp3\",\"type\":\"audio\/mpeg\",\"title\":\"Sarah\",\"caption\":\"Sarah\",\"description\":\"Serge Reggiani - 12 succ\\u00e8s \\nReggiani...Toujours\",\"meta\":{\"artist\":\"Artist\",\"album\":\"Album\",\"length_formatted\":\"0:39\"},\"image\":{\"src\":\"https:\/\/jacques-canetti.com\/wp-includes\/images\/media\/audio.svg\",\"width\":48,\"height\":64},\"thumb\":{\"src\":\"https:\/\/jacques-canetti.com\/wp-includes\/images\/media\/audio.svg\",\"width\":48,\"height\":64}},{\"src\":\"https:\/\/jacques-canetti.com\/wp-content\/uploads\/2014\/04\/Maxims.mp3\",\"type\":\"audio\/mpeg\",\"title\":\"Maxim's\",\"caption\":\"Maxim's\",\"description\":\"Serge Reggiani - 12 succ\\u00e8s \\nReggiani...Toujours\",\"meta\":{\"artist\":\"Artist\",\"album\":\"Album\",\"length_formatted\":\"0:21\"},\"image\":{\"src\":\"https:\/\/jacques-canetti.com\/wp-includes\/images\/media\/audio.svg\",\"width\":48,\"height\":64},\"thumb\":{\"src\":\"https:\/\/jacques-canetti.com\/wp-includes\/images\/media\/audio.svg\",\"width\":48,\"height\":64}},{\"src\":\"https:\/\/jacques-canetti.com\/wp-content\/uploads\/2014\/04\/Ma-solitude.mp3\",\"type\":\"audio\/mpeg\",\"title\":\"Ma solitude\",\"caption\":\"Ma solitude\",\"description\":\"Serge Reggiani - 12 succ\\u00e8s \\nReggiani...Toujours\",\"meta\":{\"artist\":\"Artist\",\"album\":\"Album\",\"length_formatted\":\"0:26\"},\"image\":{\"src\":\"https:\/\/jacques-canetti.com\/wp-includes\/images\/media\/audio.svg\",\"width\":48,\"height\":64},\"thumb\":{\"src\":\"https:\/\/jacques-canetti.com\/wp-includes\/images\/media\/audio.svg\",\"width\":48,\"height\":64}},{\"src\":\"https:\/\/jacques-canetti.com\/wp-content\/uploads\/2014\/04\/Fleurs-de-m\\u00e9ninges.mp3\",\"type\":\"audio\/mpeg\",\"title\":\"Fleurs de m\\u00e9ninges\",\"caption\":\"Fleurs de m\\u00e9ninges\",\"description\":\"Serge Reggiani - 12 succ\\u00e8s \\nReggiani...Toujours\",\"meta\":{\"artist\":\"Artist\",\"album\":\"Album\",\"length_formatted\":\"0:33\"},\"image\":{\"src\":\"https:\/\/jacques-canetti.com\/wp-includes\/images\/media\/audio.svg\",\"width\":48,\"height\":64},\"thumb\":{\"src\":\"https:\/\/jacques-canetti.com\/wp-includes\/images\/media\/audio.svg\",\"width\":48,\"height\":64}},{\"src\":\"https:\/\/jacques-canetti.com\/wp-content\/uploads\/2014\/04\/Le-petit-gar\\u00e7on.mp3\",\"type\":\"audio\/mpeg\",\"title\":\"Le petit gar\\u00e7on\",\"caption\":\"Le petit gar\\u00e7on\",\"description\":\"Serge Reggiani - 12 succ\\u00e8s \\nReggiani...Toujours\",\"meta\":{\"artist\":\"Artist\",\"album\":\"Album\",\"length_formatted\":\"0:41\"},\"image\":{\"src\":\"https:\/\/jacques-canetti.com\/wp-includes\/images\/media\/audio.svg\",\"width\":48,\"height\":64},\"thumb\":{\"src\":\"https:\/\/jacques-canetti.com\/wp-includes\/images\/media\/audio.svg\",\"width\":48,\"height\":64}},{\"src\":\"https:\/\/jacques-canetti.com\/wp-content\/uploads\/2014\/04\/Quand-jaurai-du-vent-dans-mon-cr\\u00e2ne.mp3\",\"type\":\"audio\/mpeg\",\"title\":\"Quand j'aurais du vent dans mon crane\",\"caption\":\"Quand j'aurais du vent dans mon crane\",\"description\":\"Serge Reggiani - 12 succ\\u00e8s \\nReggiani...Toujours\",\"meta\":{\"artist\":\"Artist\",\"album\":\"Album\",\"length_formatted\":\"0:35\"},\"image\":{\"src\":\"https:\/\/jacques-canetti.com\/wp-includes\/images\/media\/audio.svg\",\"width\":48,\"height\":64},\"thumb\":{\"src\":\"https:\/\/jacques-canetti.com\/wp-includes\/images\/media\/audio.svg\",\"width\":48,\"height\":64}},{\"src\":\"https:\/\/jacques-canetti.com\/wp-content\/uploads\/2014\/04\/Ma-libert\\u00e9.mp3\",\"type\":\"audio\/mpeg\",\"title\":\"Ma libert\\u00e9\",\"caption\":\"Ma libert\\u00e9\",\"description\":\"Serge Reggiani - 12 succ\\u00e8s \\nReggiani...Toujours\",\"meta\":{\"artist\":\"Artist\",\"album\":\"Album\",\"length_formatted\":\"0:25\"},\"image\":{\"src\":\"https:\/\/jacques-canetti.com\/wp-includes\/images\/media\/audio.svg\",\"width\":48,\"height\":64},\"thumb\":{\"src\":\"https:\/\/jacques-canetti.com\/wp-includes\/images\/media\/audio.svg\",\"width\":48,\"height\":64}},{\"src\":\"https:\/\/jacques-canetti.com\/wp-content\/uploads\/2014\/04\/Paris-ma-rose.mp3\",\"type\":\"audio\/mpeg\",\"title\":\"Paris ma rose\",\"caption\":\"Paris ma rose\",\"description\":\"Serge Reggiani - 12 succ\\u00e8s\\nReggiani...Toujours\",\"meta\":{\"artist\":\"Artist\",\"album\":\"Album\",\"length_formatted\":\"0:25\"},\"image\":{\"src\":\"https:\/\/jacques-canetti.com\/wp-includes\/images\/media\/audio.svg\",\"width\":48,\"height\":64},\"thumb\":{\"src\":\"https:\/\/jacques-canetti.com\/wp-includes\/images\/media\/audio.svg\",\"width\":48,\"height\":64}},{\"src\":\"https:\/\/jacques-canetti.com\/wp-content\/uploads\/2014\/04\/Lh\\u00f4tel-des-rendez-moi-\\u00e7a.mp3\",\"type\":\"audio\/mpeg\",\"title\":\"L'hotel des rendez-moi \\u00e7a\",\"caption\":\"L'hotel des rendez-moi \\u00e7a\",\"description\":\"Serge Reggiani - 12 succ\\u00e8s \\nReggiani...Toujours\",\"meta\":{\"artist\":\"Artist\",\"album\":\"Album\",\"length_formatted\":\"0:24\"},\"image\":{\"src\":\"https:\/\/jacques-canetti.com\/wp-includes\/images\/media\/audio.svg\",\"width\":48,\"height\":64},\"thumb\":{\"src\":\"https:\/\/jacques-canetti.com\/wp-includes\/images\/media\/audio.svg\",\"width\":48,\"height\":64}},{\"src\":\"https:\/\/jacques-canetti.com\/wp-content\/uploads\/2014\/04\/Le-d\\u00e9serteur.mp3\",\"type\":\"audio\/mpeg\",\"title\":\"Le deserteur\",\"caption\":\"Le deserteur\",\"description\":\"Serge Reggiani - 12 succ\\u00e8s \\nSerge Reggiani chante Vian\\nReggiani...Toujours\\nBoris Vian - 100 chansons\",\"meta\":{\"artist\":\"Artist\",\"album\":\"Album\",\"length_formatted\":\"0:42\"},\"image\":{\"src\":\"https:\/\/jacques-canetti.com\/wp-includes\/images\/media\/audio.svg\",\"width\":48,\"height\":64},\"thumb\":{\"src\":\"https:\/\/jacques-canetti.com\/wp-includes\/images\/media\/audio.svg\",\"width\":48,\"height\":64}}]}<\/script>\n<\/div>\n\t\n<p>[\/vc_accordion_tab][\/vc_accordion][\/vc_column][\/vc_row]<\/p>\n<hr \/>\n<h2><\/h2>\n<h2><strong>Bio de l&#8217;artiste<\/strong><\/h2>\n<p>Born May 2, 1922, Serge Reggiani is a multifaceted\u00a0French artist of Italian origin. Actor in the first part of his career (Casque d\u2019or, L\u2019enfer, Le doulos\u2026), he turns to a singing career in 1963 by Jacques Canetti. Accompanied by famous lyricists : Boris Vian, Georges Moustaki, Jean-Loup Dabadi \u00a0and Claude Lemesle among others. He leads an exceptional interpreter career and actor in parallel until his death in 2004.<\/p>\n<\/div>","protected":false},"excerpt":{"rendered":"<p>In 1967, Serge Reggiani recorded, with Jacques Canetti, his second <strong>album composed of 12 unpublished songs<\/strong> by artists such as Georges Moustaki, Serge Gainsbourg and even Jean-Loup Dabadie\u2026<\/p>\n<p>This album launched Reggiani and placed him alongside the best.<\/p>\n<p>It was original with texts read by Serge and excerpts from poems by Baudelaire, Apollinaire, Rimbaud and Pr\u00e9vert used as preludes to 4 of his songs.<\/p>\n<p>All the songs on this album are hits: that is why this album remains <strong>THE reference for the great Serge\u2019s career.<\/strong><\/p>\n<p><strong><em>Le petit gar\u00e7on <\/em>was number 1 for months<\/strong> on all the radio stations.<\/p>\n<p>Right up until the end of his life, Serge Reggiani began his performances with <em>Ma Libert\u00e9 <\/em>and ended them with <em>Le petit gar\u00e7on<\/em> and <em>Les loups sont entr\u00e9s dans Paris.<\/em><\/p>\n","protected":false},"featured_media":5425,"comment_status":"closed","ping_status":"closed","template":"","meta":{"_seopress_robots_primary_cat":"","_seopress_titles_title":"","_seopress_titles_desc":"","_seopress_robots_index":""},"product_brand":[],"product_cat":[130],"product_tag":[138,173,179,181,191,214],"class_list":{"0":"post-5159","1":"product","2":"type-product","3":"status-publish","4":"has-post-thumbnail","6":"product_cat-cd-dvd-en","7":"product_tag-albert-vidalie-en","8":"product_tag-jacques-datin-en","9":"product_tag-jean-loup-dabadie-en","10":"product_tag-jean-pierre-moulin-en","11":"product_tag-louis-bessieres-en","12":"product_tag-serge-reggiani-en-2","13":"description-off","15":"first","16":"instock","17":"purchasable","18":"product-type-simple"},"_links":{"self":[{"href":"https:\/\/jacques-canetti.com\/en\/wp-json\/wp\/v2\/product\/5159","targetHints":{"allow":["GET"]}}],"collection":[{"href":"https:\/\/jacques-canetti.com\/en\/wp-json\/wp\/v2\/product"}],"about":[{"href":"https:\/\/jacques-canetti.com\/en\/wp-json\/wp\/v2\/types\/product"}],"replies":[{"embeddable":true,"href":"https:\/\/jacques-canetti.com\/en\/wp-json\/wp\/v2\/comments?post=5159"}],"wp:featuredmedia":[{"embeddable":true,"href":"https:\/\/jacques-canetti.com\/en\/wp-json\/wp\/v2\/media\/5425"}],"wp:attachment":[{"href":"https:\/\/jacques-canetti.com\/en\/wp-json\/wp\/v2\/media?parent=5159"}],"wp:term":[{"taxonomy":"product_brand","embeddable":true,"href":"https:\/\/jacques-canetti.com\/en\/wp-json\/wp\/v2\/product_brand?post=5159"},{"taxonomy":"product_cat","embeddable":true,"href":"https:\/\/jacques-canetti.com\/en\/wp-json\/wp\/v2\/product_cat?post=5159"},{"taxonomy":"product_tag","embeddable":true,"href":"https:\/\/jacques-canetti.com\/en\/wp-json\/wp\/v2\/product_tag?post=5159"}],"curies":[{"name":"wp","href":"https:\/\/api.w.org\/{rel}","templated":true}]}}