{"id":5162,"date":"2014-04-22T15:25:15","date_gmt":"2014-04-22T13:25:15","guid":{"rendered":"https:\/\/jacques-canetti.com\/produit\/non class\u00e9\/charles-trenet-ya-dla-joie-cd\/"},"modified":"2019-10-18T09:39:07","modified_gmt":"2019-10-18T07:39:07","slug":"charles-trenet-ya-dla-joie-cd","status":"publish","type":"product","link":"https:\/\/jacques-canetti.com\/en\/produit\/cd-dvd-en\/charles-trenet-ya-dla-joie-cd\/","title":{"rendered":"Charles Trenet &#8211; Y&#8217;a d&#8217;la joie (CD)"},"content":{"rendered":"<div class=\"wpb-content-wrapper\"><hr \/>\n<h2><strong><img loading=\"lazy\" decoding=\"async\" class=\"alignleft wp-image-2388\" src=\"https:\/\/jacques-canetti.com\/wp-content\/uploads\/2014\/06\/play43.png\" alt=\"\" width=\"73\" height=\"71\" \/><\/strong><\/h2>\n<p>[vc_row][vc_column width=&#8221;5\/6&#8243;]<div class=\"gap\" style=\"line-height: 10px; height: 10px;\"><\/div>[vc_accordion collapsible=&#8221;yes&#8221; active_tab=&#8221;false&#8221;][vc_accordion_tab title=&#8221;<strong>CLICK TO LISTEN TO SONGS EXTRACTS<\/strong>&#8220;]<\/p>\n<div class=\"wp-playlist wp-audio-playlist wp-playlist-light\">\n\t\t\t<div class=\"wp-playlist-current-item\"><\/div>\n\t\t<audio controls=\"controls\" preload=\"none\" width=\"1178\"\n\t\t\t><\/audio>\n\t<div class=\"wp-playlist-next\"><\/div>\n\t<div class=\"wp-playlist-prev\"><\/div>\n\t<noscript>\n\t<ol>\n\t\t<li><a href='https:\/\/jacques-canetti.com\/wp-content\/uploads\/2014\/04\/01-Ya-dla-joie.mp3'>Ya d'la joie<\/a><\/li><li><a href='https:\/\/jacques-canetti.com\/wp-content\/uploads\/2014\/04\/02-Que-reste-t-il-de-nos-amours.mp3'>Que reste-t-il de ne nos amours<\/a><\/li><li><a href='https:\/\/jacques-canetti.com\/wp-content\/uploads\/2014\/04\/03-Je-chante.mp3'>Je chante<\/a><\/li><li><a href='https:\/\/jacques-canetti.com\/wp-content\/uploads\/2014\/04\/04-La-mer.mp3'>La mer<\/a><\/li><li><a href='https:\/\/jacques-canetti.com\/wp-content\/uploads\/2014\/04\/05-Le-soleil-et-la-lune.mp3'>Le soleil et la lune<\/a><\/li><li><a href='https:\/\/jacques-canetti.com\/wp-content\/uploads\/2014\/04\/06-Fleur-bleue.mp3'>Fleur bleue<\/a><\/li><li><a href='https:\/\/jacques-canetti.com\/wp-content\/uploads\/2014\/04\/07-Douce-France.mp3'>Douce France<\/a><\/li><li><a href='https:\/\/jacques-canetti.com\/wp-content\/uploads\/2014\/04\/08-Boum...mp3'>Boum...<\/a><\/li><li><a href='https:\/\/jacques-canetti.com\/wp-content\/uploads\/2014\/04\/09-Le-temps-des-cerises.mp3'>Le temps des cerises<\/a><\/li><li><a href='https:\/\/jacques-canetti.com\/wp-content\/uploads\/2014\/04\/10-Moi-jaime-le-music-hall.mp3'>Moi j'aime le music-Hall<\/a><\/li><li><a href='https:\/\/jacques-canetti.com\/wp-content\/uploads\/2014\/04\/11-La-folle-complainte.mp3'>La folle complainte<\/a><\/li><li><a href='https:\/\/jacques-canetti.com\/wp-content\/uploads\/2014\/04\/12-Route-nationale-7.mp3'>Route nationale 7<\/a><\/li><li><a href='https:\/\/jacques-canetti.com\/wp-content\/uploads\/2014\/04\/13-Vous-qui-passez-sans-me-voir.mp3'>Vous qui passez sans me voir<\/a><\/li><li><a href='https:\/\/jacques-canetti.com\/wp-content\/uploads\/2014\/04\/14-La-vieille.mp3'>La vieille<\/a><\/li><li><a href='https:\/\/jacques-canetti.com\/wp-content\/uploads\/2014\/04\/15-Vous-oubliez-votre-cheval.mp3'>Vous oubliez votre cheval<\/a><\/li><li><a href='https:\/\/jacques-canetti.com\/wp-content\/uploads\/2014\/04\/16-Mamzelle-Clio.mp3'>Mamzelle Clio<\/a><\/li><li><a href='https:\/\/jacques-canetti.com\/wp-content\/uploads\/2014\/04\/17-L\u00e2me-des-po\u00e8tes.mp3'>L'\u00e2me des po\u00e8tes<\/a><\/li><li><a href='https:\/\/jacques-canetti.com\/wp-content\/uploads\/2014\/04\/18-D\u00e9bit-de-leau-d\u00e9bit-de-lait.mp3'>D\u00e9bit de l'eau d\u00e9bit de lait<\/a><\/li><li><a href='https:\/\/jacques-canetti.com\/wp-content\/uploads\/2014\/04\/19-Un-chien-me-fait-chanter.mp3'>Un chien me fait chanter<\/a><\/li><li><a href='https:\/\/jacques-canetti.com\/wp-content\/uploads\/2014\/04\/20-Ny-pensez-pas-trop.mp3'>N'y pensez pas trop<\/a><\/li><li><a href='https:\/\/jacques-canetti.com\/wp-content\/uploads\/2014\/04\/21-La-romance-de-Paris.mp3'>La romance de Paris<\/a><\/li><li><a href='https:\/\/jacques-canetti.com\/wp-content\/uploads\/2014\/04\/22-Le-coeur-de-Paris.mp3'>Le c\u0153ur de Paris<\/a><\/li><li><a href='https:\/\/jacques-canetti.com\/wp-content\/uploads\/2014\/04\/23-Sainte-Catherine.mp3'>Sainte Catherine<\/a><\/li><li><a href='https:\/\/jacques-canetti.com\/wp-content\/uploads\/2014\/04\/24-Coin-de-rue.mp3'>Coin de rue<\/a><\/li><li><a href='https:\/\/jacques-canetti.com\/wp-content\/uploads\/2014\/04\/25-Ses-d\u00e9buts-BONUS-INTERVIEW.mp3'>Ses D\u00e9buts (Interview)<\/a><\/li><li><a href='https:\/\/jacques-canetti.com\/wp-content\/uploads\/2014\/04\/26-Sa-Po\u00e9sie-BONUS-INTERVIEW.mp3'>Sa po\u00e9sie (Interview)<\/a><\/li><li><a href='https:\/\/jacques-canetti.com\/wp-content\/uploads\/2014\/04\/27-Anecdotes-BONUS-INTERVIEW.mp3'>Anecdotes (Interview)<\/a><\/li>\t<\/ol>\n\t<\/noscript>\n\t<script type=\"application\/json\" class=\"wp-playlist-script\">{\"type\":\"audio\",\"tracklist\":true,\"tracknumbers\":true,\"images\":true,\"artists\":false,\"tracks\":[{\"src\":\"https:\/\/jacques-canetti.com\/wp-content\/uploads\/2014\/04\/01-Ya-dla-joie.mp3\",\"type\":\"audio\/mpeg\",\"title\":\"Ya d'la joie\",\"caption\":\"\",\"description\":\"\\u003Ci\\u003EMer\\u003C\/i\\u003E. Piste 1. Genre&nbsp;: Vocal\",\"meta\":{\"genre\":\"Vocal\",\"length_formatted\":\"0:25\"},\"image\":{\"src\":\"https:\/\/jacques-canetti.com\/wp-includes\/images\/media\/audio.svg\",\"width\":48,\"height\":64},\"thumb\":{\"src\":\"https:\/\/jacques-canetti.com\/wp-includes\/images\/media\/audio.svg\",\"width\":48,\"height\":64}},{\"src\":\"https:\/\/jacques-canetti.com\/wp-content\/uploads\/2014\/04\/02-Que-reste-t-il-de-nos-amours.mp3\",\"type\":\"audio\/mpeg\",\"title\":\"Que reste-t-il de ne nos amours\",\"caption\":\"\",\"description\":\"\\u003Ci\\u003EBeyond the Sea\\u003C\/i\\u003E. Piste 2. Genre&nbsp;: Vocal\",\"meta\":{\"genre\":\"Vocal\",\"length_formatted\":\"0:25\"},\"image\":{\"src\":\"https:\/\/jacques-canetti.com\/wp-includes\/images\/media\/audio.svg\",\"width\":48,\"height\":64},\"thumb\":{\"src\":\"https:\/\/jacques-canetti.com\/wp-includes\/images\/media\/audio.svg\",\"width\":48,\"height\":64}},{\"src\":\"https:\/\/jacques-canetti.com\/wp-content\/uploads\/2014\/04\/03-Je-chante.mp3\",\"type\":\"audio\/mpeg\",\"title\":\"Je chante\",\"caption\":\"\",\"description\":\"\\u003Ci\\u003EVous, Qui Passez Sans Me Voir\\u003C\/i\\u003E. Piste 3. Genre&nbsp;: Vocal\",\"meta\":{\"genre\":\"Vocal\",\"length_formatted\":\"0:25\"},\"image\":{\"src\":\"https:\/\/jacques-canetti.com\/wp-includes\/images\/media\/audio.svg\",\"width\":48,\"height\":64},\"thumb\":{\"src\":\"https:\/\/jacques-canetti.com\/wp-includes\/images\/media\/audio.svg\",\"width\":48,\"height\":64}},{\"src\":\"https:\/\/jacques-canetti.com\/wp-content\/uploads\/2014\/04\/04-La-mer.mp3\",\"type\":\"audio\/mpeg\",\"title\":\"La mer\",\"caption\":\"\",\"description\":\"\\u003Ci\\u003EJardins du Mois de Mai\/Mam'zelle Clio\\u003C\/i\\u003E. Piste 4. Genre&nbsp;: Vocal\",\"meta\":{\"genre\":\"Vocal\",\"length_formatted\":\"0:26\"},\"image\":{\"src\":\"https:\/\/jacques-canetti.com\/wp-includes\/images\/media\/audio.svg\",\"width\":48,\"height\":64},\"thumb\":{\"src\":\"https:\/\/jacques-canetti.com\/wp-includes\/images\/media\/audio.svg\",\"width\":48,\"height\":64}},{\"src\":\"https:\/\/jacques-canetti.com\/wp-content\/uploads\/2014\/04\/05-Le-soleil-et-la-lune.mp3\",\"type\":\"audio\/mpeg\",\"title\":\"Le soleil et la lune\",\"caption\":\"\",\"description\":\"\\u003Ci\\u003ERetour de Tournee\\u003C\/i\\u003E. Piste 5. Genre&nbsp;: Vocal\",\"meta\":{\"genre\":\"Vocal\",\"length_formatted\":\"0:25\"},\"image\":{\"src\":\"https:\/\/jacques-canetti.com\/wp-includes\/images\/media\/audio.svg\",\"width\":48,\"height\":64},\"thumb\":{\"src\":\"https:\/\/jacques-canetti.com\/wp-includes\/images\/media\/audio.svg\",\"width\":48,\"height\":64}},{\"src\":\"https:\/\/jacques-canetti.com\/wp-content\/uploads\/2014\/04\/06-Fleur-bleue.mp3\",\"type\":\"audio\/mpeg\",\"title\":\"Fleur bleue\",\"caption\":\"\",\"description\":\"\\u003Ci\\u003EFormidable\\u003C\/i\\u003E. Piste 6. Genre&nbsp;: Vocal\",\"meta\":{\"genre\":\"Vocal\",\"length_formatted\":\"0:25\"},\"image\":{\"src\":\"https:\/\/jacques-canetti.com\/wp-includes\/images\/media\/audio.svg\",\"width\":48,\"height\":64},\"thumb\":{\"src\":\"https:\/\/jacques-canetti.com\/wp-includes\/images\/media\/audio.svg\",\"width\":48,\"height\":64}},{\"src\":\"https:\/\/jacques-canetti.com\/wp-content\/uploads\/2014\/04\/07-Douce-France.mp3\",\"type\":\"audio\/mpeg\",\"title\":\"Douce France\",\"caption\":\"\",\"description\":\"\\u003Ci\\u003ECoquelicot\\u003C\/i\\u003E. Piste 7. Genre&nbsp;: Vocal\",\"meta\":{\"genre\":\"Vocal\",\"length_formatted\":\"0:25\"},\"image\":{\"src\":\"https:\/\/jacques-canetti.com\/wp-includes\/images\/media\/audio.svg\",\"width\":48,\"height\":64},\"thumb\":{\"src\":\"https:\/\/jacques-canetti.com\/wp-includes\/images\/media\/audio.svg\",\"width\":48,\"height\":64}},{\"src\":\"https:\/\/jacques-canetti.com\/wp-content\/uploads\/2014\/04\/08-Boum...mp3\",\"type\":\"audio\/mpeg\",\"title\":\"Boum...\",\"caption\":\"\",\"description\":\"\\u003Ci\\u003EEve\\u003C\/i\\u003E. Piste 8. Genre&nbsp;: Vocal\",\"meta\":{\"genre\":\"Vocal\",\"length_formatted\":\"0:25\"},\"image\":{\"src\":\"https:\/\/jacques-canetti.com\/wp-includes\/images\/media\/audio.svg\",\"width\":48,\"height\":64},\"thumb\":{\"src\":\"https:\/\/jacques-canetti.com\/wp-includes\/images\/media\/audio.svg\",\"width\":48,\"height\":64}},{\"src\":\"https:\/\/jacques-canetti.com\/wp-content\/uploads\/2014\/04\/09-Le-temps-des-cerises.mp3\",\"type\":\"audio\/mpeg\",\"title\":\"Le temps des cerises\",\"caption\":\"\",\"description\":\"\\u003Ci\\u003ELa Fenetre d'En Haut\\u003C\/i\\u003E. Piste 9. Genre&nbsp;: Vocal\",\"meta\":{\"genre\":\"Vocal\",\"length_formatted\":\"0:25\"},\"image\":{\"src\":\"https:\/\/jacques-canetti.com\/wp-includes\/images\/media\/audio.svg\",\"width\":48,\"height\":64},\"thumb\":{\"src\":\"https:\/\/jacques-canetti.com\/wp-includes\/images\/media\/audio.svg\",\"width\":48,\"height\":64}},{\"src\":\"https:\/\/jacques-canetti.com\/wp-content\/uploads\/2014\/04\/10-Moi-jaime-le-music-hall.mp3\",\"type\":\"audio\/mpeg\",\"title\":\"Moi j'aime le music-Hall\",\"caption\":\"\",\"description\":\"\\u003Ci\\u003EDernier Troubadour\\u003C\/i\\u003E. Piste 10. Genre&nbsp;: Vocal\",\"meta\":{\"genre\":\"Vocal\",\"length_formatted\":\"0:26\"},\"image\":{\"src\":\"https:\/\/jacques-canetti.com\/wp-includes\/images\/media\/audio.svg\",\"width\":48,\"height\":64},\"thumb\":{\"src\":\"https:\/\/jacques-canetti.com\/wp-includes\/images\/media\/audio.svg\",\"width\":48,\"height\":64}},{\"src\":\"https:\/\/jacques-canetti.com\/wp-content\/uploads\/2014\/04\/11-La-folle-complainte.mp3\",\"type\":\"audio\/mpeg\",\"title\":\"La folle complainte\",\"caption\":\"\",\"description\":\"\\u003Ci\\u003ECoeur de Palmer\\u003C\/i\\u003E. Piste 11. Genre&nbsp;: Vocal\",\"meta\":{\"genre\":\"Vocal\",\"length_formatted\":\"0:25\"},\"image\":{\"src\":\"https:\/\/jacques-canetti.com\/wp-includes\/images\/media\/audio.svg\",\"width\":48,\"height\":64},\"thumb\":{\"src\":\"https:\/\/jacques-canetti.com\/wp-includes\/images\/media\/audio.svg\",\"width\":48,\"height\":64}},{\"src\":\"https:\/\/jacques-canetti.com\/wp-content\/uploads\/2014\/04\/12-Route-nationale-7.mp3\",\"type\":\"audio\/mpeg\",\"title\":\"Route nationale 7\",\"caption\":\"\",\"description\":\"\\u003Ci\\u003EGrand'maman, C'est New York\\u003C\/i\\u003E. Piste 12. Genre&nbsp;: Vocal\",\"meta\":{\"genre\":\"Vocal\",\"length_formatted\":\"0:25\"},\"image\":{\"src\":\"https:\/\/jacques-canetti.com\/wp-includes\/images\/media\/audio.svg\",\"width\":48,\"height\":64},\"thumb\":{\"src\":\"https:\/\/jacques-canetti.com\/wp-includes\/images\/media\/audio.svg\",\"width\":48,\"height\":64}},{\"src\":\"https:\/\/jacques-canetti.com\/wp-content\/uploads\/2014\/04\/13-Vous-qui-passez-sans-me-voir.mp3\",\"type\":\"audio\/mpeg\",\"title\":\"Vous qui passez sans me voir\",\"caption\":\"\",\"description\":\"\\u003Ci\\u003EBerceuse\\u003C\/i\\u003E. Piste 13. Genre&nbsp;: Vocal\",\"meta\":{\"genre\":\"Vocal\",\"length_formatted\":\"0:26\"},\"image\":{\"src\":\"https:\/\/jacques-canetti.com\/wp-includes\/images\/media\/audio.svg\",\"width\":48,\"height\":64},\"thumb\":{\"src\":\"https:\/\/jacques-canetti.com\/wp-includes\/images\/media\/audio.svg\",\"width\":48,\"height\":64}},{\"src\":\"https:\/\/jacques-canetti.com\/wp-content\/uploads\/2014\/04\/14-La-vieille.mp3\",\"type\":\"audio\/mpeg\",\"title\":\"La vieille\",\"caption\":\"\",\"description\":\"\\u003Ci\\u003EFrance Dimanche\\u003C\/i\\u003E. Piste 14. Genre&nbsp;: Vocal\",\"meta\":{\"genre\":\"Vocal\",\"length_formatted\":\"0:25\"},\"image\":{\"src\":\"https:\/\/jacques-canetti.com\/wp-includes\/images\/media\/audio.svg\",\"width\":48,\"height\":64},\"thumb\":{\"src\":\"https:\/\/jacques-canetti.com\/wp-includes\/images\/media\/audio.svg\",\"width\":48,\"height\":64}},{\"src\":\"https:\/\/jacques-canetti.com\/wp-content\/uploads\/2014\/04\/15-Vous-oubliez-votre-cheval.mp3\",\"type\":\"audio\/mpeg\",\"title\":\"Vous oubliez votre cheval\",\"caption\":\"\",\"description\":\"\\u003Ci\\u003EFrance-Dimanche\\u003C\/i\\u003E. Piste 15. Genre&nbsp;: Vocal\",\"meta\":{\"genre\":\"Vocal\",\"length_formatted\":\"0:25\"},\"image\":{\"src\":\"https:\/\/jacques-canetti.com\/wp-includes\/images\/media\/audio.svg\",\"width\":48,\"height\":64},\"thumb\":{\"src\":\"https:\/\/jacques-canetti.com\/wp-includes\/images\/media\/audio.svg\",\"width\":48,\"height\":64}},{\"src\":\"https:\/\/jacques-canetti.com\/wp-content\/uploads\/2014\/04\/16-Mamzelle-Clio.mp3\",\"type\":\"audio\/mpeg\",\"title\":\"Mamzelle Clio\",\"caption\":\"\",\"description\":\"\\u003Ci\\u003EL' Heritage Infernal\\u003C\/i\\u003E. Piste 16. Genre&nbsp;: Vocal\",\"meta\":{\"genre\":\"Vocal\",\"length_formatted\":\"0:25\"},\"image\":{\"src\":\"https:\/\/jacques-canetti.com\/wp-includes\/images\/media\/audio.svg\",\"width\":48,\"height\":64},\"thumb\":{\"src\":\"https:\/\/jacques-canetti.com\/wp-includes\/images\/media\/audio.svg\",\"width\":48,\"height\":64}},{\"src\":\"https:\/\/jacques-canetti.com\/wp-content\/uploads\/2014\/04\/17-L\\u00e2me-des-po\\u00e8tes.mp3\",\"type\":\"audio\/mpeg\",\"title\":\"L'\\u00e2me des po\\u00e8tes\",\"caption\":\"\",\"description\":\"\\u003Ci\\u003ELes Gendarmes S'Endorment Sous La Pluie\\u003C\/i\\u003E. Piste 17. Genre&nbsp;: Vocal\",\"meta\":{\"genre\":\"Vocal\",\"length_formatted\":\"0:25\"},\"image\":{\"src\":\"https:\/\/jacques-canetti.com\/wp-includes\/images\/media\/audio.svg\",\"width\":48,\"height\":64},\"thumb\":{\"src\":\"https:\/\/jacques-canetti.com\/wp-includes\/images\/media\/audio.svg\",\"width\":48,\"height\":64}},{\"src\":\"https:\/\/jacques-canetti.com\/wp-content\/uploads\/2014\/04\/18-D\\u00e9bit-de-leau-d\\u00e9bit-de-lait.mp3\",\"type\":\"audio\/mpeg\",\"title\":\"D\\u00e9bit de l'eau d\\u00e9bit de lait\",\"caption\":\"\",\"description\":\"\\u003Ci\\u003EMes Jeunes Annees\\u003C\/i\\u003E. Piste 18. Genre&nbsp;: Vocal\",\"meta\":{\"genre\":\"Vocal\",\"length_formatted\":\"0:25\"},\"image\":{\"src\":\"https:\/\/jacques-canetti.com\/wp-includes\/images\/media\/audio.svg\",\"width\":48,\"height\":64},\"thumb\":{\"src\":\"https:\/\/jacques-canetti.com\/wp-includes\/images\/media\/audio.svg\",\"width\":48,\"height\":64}},{\"src\":\"https:\/\/jacques-canetti.com\/wp-content\/uploads\/2014\/04\/19-Un-chien-me-fait-chanter.mp3\",\"type\":\"audio\/mpeg\",\"title\":\"Un chien me fait chanter\",\"caption\":\"\",\"description\":\"\\u003Ci\\u003EMes Jeune Annees\\u003C\/i\\u003E. Piste 19. Genre&nbsp;: Vocal\",\"meta\":{\"genre\":\"Vocal\",\"length_formatted\":\"0:25\"},\"image\":{\"src\":\"https:\/\/jacques-canetti.com\/wp-includes\/images\/media\/audio.svg\",\"width\":48,\"height\":64},\"thumb\":{\"src\":\"https:\/\/jacques-canetti.com\/wp-includes\/images\/media\/audio.svg\",\"width\":48,\"height\":64}},{\"src\":\"https:\/\/jacques-canetti.com\/wp-content\/uploads\/2014\/04\/20-Ny-pensez-pas-trop.mp3\",\"type\":\"audio\/mpeg\",\"title\":\"N'y pensez pas trop\",\"caption\":\"\",\"description\":\"\\u003Ci\\u003ERendez-Vous Sur La Tour Eiffel\\u003C\/i\\u003E. Piste 20. Genre&nbsp;: Vocal\",\"meta\":{\"genre\":\"Vocal\",\"length_formatted\":\"0:25\"},\"image\":{\"src\":\"https:\/\/jacques-canetti.com\/wp-includes\/images\/media\/audio.svg\",\"width\":48,\"height\":64},\"thumb\":{\"src\":\"https:\/\/jacques-canetti.com\/wp-includes\/images\/media\/audio.svg\",\"width\":48,\"height\":64}},{\"src\":\"https:\/\/jacques-canetti.com\/wp-content\/uploads\/2014\/04\/21-La-romance-de-Paris.mp3\",\"type\":\"audio\/mpeg\",\"title\":\"La romance de Paris\",\"caption\":\"\",\"description\":\"\\u003Ci\\u003ERendez-Vous Sur La Tour Eiffel\\u003C\/i\\u003E. Piste 21. Genre&nbsp;: Vocal\",\"meta\":{\"genre\":\"Vocal\",\"length_formatted\":\"0:25\"},\"image\":{\"src\":\"https:\/\/jacques-canetti.com\/wp-includes\/images\/media\/audio.svg\",\"width\":48,\"height\":64},\"thumb\":{\"src\":\"https:\/\/jacques-canetti.com\/wp-includes\/images\/media\/audio.svg\",\"width\":48,\"height\":64}},{\"src\":\"https:\/\/jacques-canetti.com\/wp-content\/uploads\/2014\/04\/22-Le-coeur-de-Paris.mp3\",\"type\":\"audio\/mpeg\",\"title\":\"Le c\\u0153ur de Paris\",\"caption\":\"\",\"description\":\"\\u003Ci\\u003EMenilmontant\\u003C\/i\\u003E. Piste 22. Genre&nbsp;: Vocal\",\"meta\":{\"genre\":\"Vocal\",\"length_formatted\":\"0:25\"},\"image\":{\"src\":\"https:\/\/jacques-canetti.com\/wp-includes\/images\/media\/audio.svg\",\"width\":48,\"height\":64},\"thumb\":{\"src\":\"https:\/\/jacques-canetti.com\/wp-includes\/images\/media\/audio.svg\",\"width\":48,\"height\":64}},{\"src\":\"https:\/\/jacques-canetti.com\/wp-content\/uploads\/2014\/04\/23-Sainte-Catherine.mp3\",\"type\":\"audio\/mpeg\",\"title\":\"Sainte Catherine\",\"caption\":\"\",\"description\":\"\\u003Ci\\u003EDans Les Rues de Quebec\\u003C\/i\\u003E. Piste 23. Genre&nbsp;: Vocal\",\"meta\":{\"genre\":\"Vocal\",\"length_formatted\":\"0:25\"},\"image\":{\"src\":\"https:\/\/jacques-canetti.com\/wp-includes\/images\/media\/audio.svg\",\"width\":48,\"height\":64},\"thumb\":{\"src\":\"https:\/\/jacques-canetti.com\/wp-includes\/images\/media\/audio.svg\",\"width\":48,\"height\":64}},{\"src\":\"https:\/\/jacques-canetti.com\/wp-content\/uploads\/2014\/04\/24-Coin-de-rue.mp3\",\"type\":\"audio\/mpeg\",\"title\":\"Coin de rue\",\"caption\":\"\",\"description\":\"\\u003Ci\\u003EVoyage au Canada\\u003C\/i\\u003E. Piste 24. Genre&nbsp;: Vocal\",\"meta\":{\"genre\":\"Vocal\",\"length_formatted\":\"0:25\"},\"image\":{\"src\":\"https:\/\/jacques-canetti.com\/wp-includes\/images\/media\/audio.svg\",\"width\":48,\"height\":64},\"thumb\":{\"src\":\"https:\/\/jacques-canetti.com\/wp-includes\/images\/media\/audio.svg\",\"width\":48,\"height\":64}},{\"src\":\"https:\/\/jacques-canetti.com\/wp-content\/uploads\/2014\/04\/25-Ses-d\\u00e9buts-BONUS-INTERVIEW.mp3\",\"type\":\"audio\/mpeg\",\"title\":\"Ses D\\u00e9buts (Interview)\",\"caption\":\"\",\"description\":\"\\u003Ci\\u003EPiste 25\\u003C\/i\\u003E par Artiste inconnu. Piste 25. Genre&nbsp;: Vocal\",\"meta\":{\"artist\":\"Artiste inconnu\",\"genre\":\"Vocal\",\"length_formatted\":\"0:25\"},\"image\":{\"src\":\"https:\/\/jacques-canetti.com\/wp-includes\/images\/media\/audio.svg\",\"width\":48,\"height\":64},\"thumb\":{\"src\":\"https:\/\/jacques-canetti.com\/wp-includes\/images\/media\/audio.svg\",\"width\":48,\"height\":64}},{\"src\":\"https:\/\/jacques-canetti.com\/wp-content\/uploads\/2014\/04\/26-Sa-Po\\u00e9sie-BONUS-INTERVIEW.mp3\",\"type\":\"audio\/mpeg\",\"title\":\"Sa po\\u00e9sie (Interview)\",\"caption\":\"\",\"description\":\"\\u003Ci\\u003EPiste 26\\u003C\/i\\u003E par Artiste inconnu. Piste 26. Genre&nbsp;: Vocal\",\"meta\":{\"artist\":\"Artiste inconnu\",\"genre\":\"Vocal\",\"length_formatted\":\"0:25\"},\"image\":{\"src\":\"https:\/\/jacques-canetti.com\/wp-includes\/images\/media\/audio.svg\",\"width\":48,\"height\":64},\"thumb\":{\"src\":\"https:\/\/jacques-canetti.com\/wp-includes\/images\/media\/audio.svg\",\"width\":48,\"height\":64}},{\"src\":\"https:\/\/jacques-canetti.com\/wp-content\/uploads\/2014\/04\/27-Anecdotes-BONUS-INTERVIEW.mp3\",\"type\":\"audio\/mpeg\",\"title\":\"Anecdotes (Interview)\",\"caption\":\"\",\"description\":\"\\u003Ci\\u003EPiste 27\\u003C\/i\\u003E par Artiste inconnu. Piste 27. Genre&nbsp;: Vocal\",\"meta\":{\"artist\":\"Artiste inconnu\",\"genre\":\"Vocal\",\"length_formatted\":\"0:25\"},\"image\":{\"src\":\"https:\/\/jacques-canetti.com\/wp-includes\/images\/media\/audio.svg\",\"width\":48,\"height\":64},\"thumb\":{\"src\":\"https:\/\/jacques-canetti.com\/wp-includes\/images\/media\/audio.svg\",\"width\":48,\"height\":64}}]}<\/script>\n<\/div>\n\t\n<h2><span style=\"font-weight: normal;\">[\/vc_accordion_tab][\/vc_accordion][\/vc_column][\/vc_row]<\/span><\/h2>\n<hr \/>\n<h2><\/h2>\n<h2><strong>Artist story<\/strong><\/h2>\n<p>Born in Narbonne in 1913, Charles Trenet sang France for nearly 70 years. His energy and permanent good humor earned him the nickname of &#8220;Singing Fool&#8221;. It is the creator of French music of singer-performer and many famous singers claim to his legacy. After WWII, he decided to go into exile in the United States. On the other side of the Atlantic, he was welcomed with open arms and became famous worldwide. He recorded anthological songs of French song (&#8220;La mer&#8221;, &#8220;Que reste-t-il de nos amours&#8221; &#8230;). In 1951, he decided to return to Paris where he died February 19, 2001.<\/p>\n<\/div>","protected":false},"excerpt":{"rendered":"<p><strong>Collection PREMIERS SUCCES (first successes) \u2013 24 popular songs<\/strong> from this great singer \u2013 songwriter; <strong>all his songs are emblematic<\/strong>: <em>Y&#8217;a d&#8217;la joie, La mer, Je chante, Que reste-t-il de nos amours, Le temps des cerises\u2026<\/em><\/p>\n<p><strong>BONUS: an exclusive interview<\/strong> with Charles Trenet in which he talks about his early days with Johnny Hess, his arrival in Paris, his love of art, his friendship with Antonin Artaud and Maurice Utrillo, his paintings\u2026he recites a previously unpublished poem.<\/p>\n<p><em>\u00a0<\/em><em>I found him so striking, so perfect, that I could not wait\u2026Charles TRENET, with his simplicity, was hardly conscious of the revolution that he was creating in music\u2026<\/em><\/p>\n<p style=\"text-align: right;\"><strong>Jacques Canetti<\/strong><\/p>\n","protected":false},"featured_media":3652,"comment_status":"closed","ping_status":"closed","template":"","meta":{"_seopress_robots_primary_cat":"","_seopress_titles_title":"","_seopress_titles_desc":"","_seopress_robots_index":""},"product_brand":[],"product_cat":[130],"product_tag":[149],"class_list":{"0":"post-5162","1":"product","2":"type-product","3":"status-publish","4":"has-post-thumbnail","6":"product_cat-cd-dvd-en","7":"product_tag-charles-trenet-en","8":"description-off","10":"first","11":"instock","12":"purchasable","13":"product-type-simple"},"_links":{"self":[{"href":"https:\/\/jacques-canetti.com\/en\/wp-json\/wp\/v2\/product\/5162","targetHints":{"allow":["GET"]}}],"collection":[{"href":"https:\/\/jacques-canetti.com\/en\/wp-json\/wp\/v2\/product"}],"about":[{"href":"https:\/\/jacques-canetti.com\/en\/wp-json\/wp\/v2\/types\/product"}],"replies":[{"embeddable":true,"href":"https:\/\/jacques-canetti.com\/en\/wp-json\/wp\/v2\/comments?post=5162"}],"wp:featuredmedia":[{"embeddable":true,"href":"https:\/\/jacques-canetti.com\/en\/wp-json\/wp\/v2\/media\/3652"}],"wp:attachment":[{"href":"https:\/\/jacques-canetti.com\/en\/wp-json\/wp\/v2\/media?parent=5162"}],"wp:term":[{"taxonomy":"product_brand","embeddable":true,"href":"https:\/\/jacques-canetti.com\/en\/wp-json\/wp\/v2\/product_brand?post=5162"},{"taxonomy":"product_cat","embeddable":true,"href":"https:\/\/jacques-canetti.com\/en\/wp-json\/wp\/v2\/product_cat?post=5162"},{"taxonomy":"product_tag","embeddable":true,"href":"https:\/\/jacques-canetti.com\/en\/wp-json\/wp\/v2\/product_tag?post=5162"}],"curies":[{"name":"wp","href":"https:\/\/api.w.org\/{rel}","templated":true}]}}