{"id":5266,"date":"2014-06-27T14:19:03","date_gmt":"2014-06-27T12:19:03","guid":{"rendered":"https:\/\/jacques-canetti.com\/produit\/non%20class\u00e9\/jacques-prevert-et-s-maroto-p-gerard-s-varegues-c-vergers-scores\/"},"modified":"2016-08-06T12:08:44","modified_gmt":"2016-08-06T10:08:44","slug":"partitions-prevert","status":"publish","type":"product","link":"https:\/\/jacques-canetti.com\/en\/produit\/music-scores\/partitions-prevert\/","title":{"rendered":"Jacques Pr\u00e9vert et S. Maroto &#8211; P. G\u00e9rard &#8211; S. Var\u00e8gues &#8211; C. Verger&#8217;s music scores"},"content":{"rendered":"<hr \/>\n<p>&nbsp;<\/p>\n<h2><strong>Artist story<\/strong><\/h2>\n<p>Jacques Pr\u00e9vert was born February 4, 1900 in Neuilly-sur-Seine. This is one of the most popular and prolific\u00a0French poets. The artist joined the surrealists in 1925 and became a symbol of France in the world. Until his death in 1977 he never stopped writing poems, novels, screenplays and songs.<\/p>\n<p>&nbsp;<\/p>\n","protected":false},"excerpt":{"rendered":"<div style=\"text-align: justify;\">\n<p><strong>Digital Sheet (PDF) of songs written by\u00a0Jacques Pr\u00e9vert<strong>,\u00a0<strong>set to music by Sebastian Maroto\u00a0and interpreted by<\/strong><strong>\u00a0Zette Maroto<\/strong><\/strong>.<\/strong><\/p>\n<p>To add to cart, scroll through the drop-down menu, select a partition and click add to cart. (Partitions sold separately)<\/p>\n<\/div>\n","protected":false},"featured_media":3534,"comment_status":"closed","ping_status":"closed","template":"","meta":{"_seopress_robots_primary_cat":"","_seopress_titles_title":"","_seopress_titles_desc":"","_seopress_robots_index":""},"product_brand":[],"product_cat":[135],"product_tag":[150,176,205,218,217],"class_list":{"0":"post-5266","1":"product","2":"type-product","3":"status-publish","4":"has-post-thumbnail","6":"product_cat-music-scores","7":"product_tag-christiane-verger-en","8":"product_tag-jacques-prevert-en","9":"product_tag-philippe-gerard-en","10":"product_tag-sebastien-maroto-en","11":"product_tag-stephane-varegues-en","12":"description-off","14":"first","15":"instock","16":"taxable","17":"shipping-taxable","18":"purchasable","19":"product-type-variable"},"_links":{"self":[{"href":"https:\/\/jacques-canetti.com\/en\/wp-json\/wp\/v2\/product\/5266","targetHints":{"allow":["GET"]}}],"collection":[{"href":"https:\/\/jacques-canetti.com\/en\/wp-json\/wp\/v2\/product"}],"about":[{"href":"https:\/\/jacques-canetti.com\/en\/wp-json\/wp\/v2\/types\/product"}],"replies":[{"embeddable":true,"href":"https:\/\/jacques-canetti.com\/en\/wp-json\/wp\/v2\/comments?post=5266"}],"wp:featuredmedia":[{"embeddable":true,"href":"https:\/\/jacques-canetti.com\/en\/wp-json\/wp\/v2\/media\/3534"}],"wp:attachment":[{"href":"https:\/\/jacques-canetti.com\/en\/wp-json\/wp\/v2\/media?parent=5266"}],"wp:term":[{"taxonomy":"product_brand","embeddable":true,"href":"https:\/\/jacques-canetti.com\/en\/wp-json\/wp\/v2\/product_brand?post=5266"},{"taxonomy":"product_cat","embeddable":true,"href":"https:\/\/jacques-canetti.com\/en\/wp-json\/wp\/v2\/product_cat?post=5266"},{"taxonomy":"product_tag","embeddable":true,"href":"https:\/\/jacques-canetti.com\/en\/wp-json\/wp\/v2\/product_tag?post=5266"}],"curies":[{"name":"wp","href":"https:\/\/api.w.org\/{rel}","templated":true}]}}