{"id":5470,"date":"2015-10-23T09:07:38","date_gmt":"2016-08-11T13:40:31","guid":{"rendered":"https:\/\/jacques-canetti.com\/en\/?post_type=product&#038;p=5470"},"modified":"2024-04-22T00:01:45","modified_gmt":"2024-04-21T22:01:45","slug":"2-vinyls-box-the-canetti-years-2-cd","status":"publish","type":"product","link":"https:\/\/jacques-canetti.com\/en\/produit\/cd-dvd-en\/2-vinyls-box-the-canetti-years-2-cd\/","title":{"rendered":"2 VINYLS BOX THE CANETTI YEARS + 2 CD"},"content":{"rendered":"<hr \/>\n<h2><\/h2>\n","protected":false},"excerpt":{"rendered":"<p><strong>2 VINYLS BOX\u00a0+ 2 CD<\/strong><\/p>\n<p>Original versions, high resolution mastering<\/p>\n<p><strong>Texts and photos<\/strong><\/p>\n<p><strong>The 3 Baudets theater historical posters (1947-1967)<\/strong><\/p>\n<p><span style=\"color: #ff0000;\"><strong>2015: Jacques Higelin at the Philharmonie de Paris, L\u00e9o Ferr\u00e9 at la Com\u00e9die Fran\u00e7aise, Juliette Gr\u00e9co on tour throughout France, Jacques Brel at the Prague National Theatre, Edith Piaf centenary in December, Charles Trenet re-enchanted by Benjamin Biolay, Brassens revisited by Alexis HK &#8230;<\/strong><\/span><\/p>\n<p><strong>Here are some happy events-songs that mark the coming weeks.<\/strong><\/p>\n<p><strong>All are linked to\u00a0the &#8220;Canetti Years&#8221; those legendary years that saw France emerge songwriters and performers.<\/strong><\/p>\n<p>We are in 1950 and the territory of that expression is not a country but a language : French.<\/p>\n<p>A new singing movement is born. Rebel, dissident, anti-military, carried by Trenet, Lemarque, Brassens, Brel, Leclerc, B\u00e9art, Ferr\u00e9, Aznavour, Vian, Gainsbourg, Sylvestre, etc.<\/p>\n<p>A visionary artistic director, Jacques Canetti, will meet in their infancy all these &#8220;unknown&#8221; and create the conditions for their development, whether on disk, in the Theatre of the 3 Baudets\u00a0or touring. He will build patiently &#8211; but surely! &#8211; The careers of these legends of the song.<\/p>\n<p>Fran\u00e7oise, daughter of Jacques Canetti, lived these &#8220;Canetti Years&#8221; and revive\u00a0them for you in this package that brings together the most representative songs of this period, in their original version remastered for an unequalled\u00a0sound quality.<\/p>\n<p><a href=\"https:\/\/jacques-canetti.com\/wp-content\/uploads\/2015\/10\/ANNEES-CANETTI-dos.jpg\"><img loading=\"lazy\" decoding=\"async\" class=\"size-medium wp-image-3229 aligncenter\" src=\"https:\/\/jacques-canetti.com\/wp-content\/uploads\/2015\/10\/ANNEES-CANETTI-dos-300x296.jpg\" alt=\"ANNEES CANETTI dos\" width=\"300\" height=\"296\" \/><\/a><\/p>\n<p><i>It also features <strong>a large poster made with the historical posters of the 3 Baudet Theatre (1947-1967)<\/strong>, where most of them started: What show did\u00a0<strong>Jacques Brel, Boris Vian and Jean Yanne <\/strong>meet<strong> ?<\/strong> What show sealed the friendship between <strong>F\u00e9lix Leclerc and Raymond Devos\u00a0<\/strong>? When <strong>Henri Salvador and Georges Brassens<\/strong> shared the same bill ? With whom\u00a0<strong>Serge Gainsbourg<\/strong> did start?<\/i><\/p>\n<p><i> <a href=\"https:\/\/jacques-canetti.com\/wp-content\/uploads\/2015\/10\/ANNEES-CANETTI-poster-recto.jpg\"><img loading=\"lazy\" decoding=\"async\" class=\" wp-image-3228 aligncenter\" src=\"https:\/\/jacques-canetti.com\/wp-content\/uploads\/2015\/10\/ANNEES-CANETTI-poster-recto-150x300.jpg\" alt=\"ANNEES CANETTI poster recto\" width=\"198\" height=\"396\" \/><\/a> <\/i><\/p>\n<p style=\"text-align: justify;\"><strong>This double vinyl + double CD box\u00a0tells the story of the French song writers through the discoveries of Jacques Canetti and the gems\u00a0of his label. A must-have for French music lovers !<\/strong><\/p>\n","protected":false},"featured_media":6440,"comment_status":"closed","ping_status":"closed","template":"","meta":{"_seopress_robots_primary_cat":"","_seopress_titles_title":"","_seopress_titles_desc":"","_seopress_robots_index":""},"product_brand":[],"product_cat":[130],"product_tag":[144,145,146,147,230,153,171,172,175,176,183,191,192,194,199,201,205,214],"class_list":{"0":"post-5470","1":"product","2":"type-product","3":"status-publish","4":"has-post-thumbnail","6":"product_cat-cd-dvd-en","7":"product_tag-boris-vian-en","8":"product_tag-brigitte-fontaine-en","9":"product_tag-catherine-sauvage-en","10":"product_tag-charles-aznavour-en","11":"product_tag-coffret-en","12":"product_tag-cora-vaucaire-en","13":"product_tag-jacques-brel-en","14":"product_tag-jacques-canetti-en","15":"product_tag-jacques-higelin-et-brigitte-fontaine-en","16":"product_tag-jacques-prevert-en","17":"product_tag-jeanne-moreau-en","18":"product_tag-louis-bessieres-en","19":"product_tag-lucienne-vernay-en","20":"product_tag-magali-noel-en","21":"product_tag-michel-legrand-en","22":"product_tag-mouloudji-en","23":"product_tag-philippe-gerard-en","24":"product_tag-serge-reggiani-en-2","25":"description-off","27":"first","28":"instock","29":"taxable","30":"shipping-taxable","31":"purchasable","32":"product-type-simple"},"_links":{"self":[{"href":"https:\/\/jacques-canetti.com\/en\/wp-json\/wp\/v2\/product\/5470","targetHints":{"allow":["GET"]}}],"collection":[{"href":"https:\/\/jacques-canetti.com\/en\/wp-json\/wp\/v2\/product"}],"about":[{"href":"https:\/\/jacques-canetti.com\/en\/wp-json\/wp\/v2\/types\/product"}],"replies":[{"embeddable":true,"href":"https:\/\/jacques-canetti.com\/en\/wp-json\/wp\/v2\/comments?post=5470"}],"wp:featuredmedia":[{"embeddable":true,"href":"https:\/\/jacques-canetti.com\/en\/wp-json\/wp\/v2\/media\/6440"}],"wp:attachment":[{"href":"https:\/\/jacques-canetti.com\/en\/wp-json\/wp\/v2\/media?parent=5470"}],"wp:term":[{"taxonomy":"product_brand","embeddable":true,"href":"https:\/\/jacques-canetti.com\/en\/wp-json\/wp\/v2\/product_brand?post=5470"},{"taxonomy":"product_cat","embeddable":true,"href":"https:\/\/jacques-canetti.com\/en\/wp-json\/wp\/v2\/product_cat?post=5470"},{"taxonomy":"product_tag","embeddable":true,"href":"https:\/\/jacques-canetti.com\/en\/wp-json\/wp\/v2\/product_tag?post=5470"}],"curies":[{"name":"wp","href":"https:\/\/api.w.org\/{rel}","templated":true}]}}