{"id":5474,"date":"2014-04-22T15:25:15","date_gmt":"2016-08-11T14:34:49","guid":{"rendered":"https:\/\/jacques-canetti.com\/en\/?post_type=product&#038;p=5474"},"modified":"2022-12-14T16:41:27","modified_gmt":"2022-12-14T15:41:27","slug":"the-alphabet-in-26-songs-from-boris-vian-and-lucienne-vernaymajestic-editions","status":"publish","type":"product","link":"https:\/\/jacques-canetti.com\/en\/produit\/cd-dvd-en\/the-alphabet-in-26-songs-from-boris-vian-and-lucienne-vernaymajestic-editions\/","title":{"rendered":"The Alphabet in 26 songs from Boris Vian and Lucienne Vernay\/Majestic Editions"},"content":{"rendered":"<div class=\"wpb-content-wrapper\"><hr \/>\n<h2><strong><img loading=\"lazy\" decoding=\"async\" class=\"alignleft wp-image-2388\" src=\"https:\/\/jacques-canetti.com\/wp-content\/uploads\/2014\/06\/play43.png\" alt=\"\" width=\"73\" height=\"71\" \/><\/strong><\/h2>\n<p>[vc_row][vc_column width=&#8221;5\/6&#8243;]<div class=\"gap\" style=\"line-height: 10px; height: 10px;\"><\/div>[vc_accordion collapsible=&#8221;yes&#8221; active_tab=&#8221;false&#8221;][vc_accordion_tab title=&#8221;<strong>CLICK TO LISTEN TO SONGS EXTRACTS<\/strong>&#8220;]<\/p>\n<div class=\"wp-playlist wp-audio-playlist wp-playlist-light\">\n\t\t\t<div class=\"wp-playlist-current-item\"><\/div>\n\t\t<audio controls=\"controls\" preload=\"none\" width=\"1178\"\n\t\t\t><\/audio>\n\t<div class=\"wp-playlist-next\"><\/div>\n\t<div class=\"wp-playlist-prev\"><\/div>\n\t<noscript>\n\t<ol>\n\t\t<li><a href='https:\/\/jacques-canetti.com\/wp-content\/uploads\/2014\/04\/L-comme-Louis.mp3'>L-Comme Louis<\/a><\/li><li><a href='https:\/\/jacques-canetti.com\/wp-content\/uploads\/2014\/04\/N-comme-Nicolas.mp3'>N comme Nicolas<\/a><\/li><li><a href='https:\/\/jacques-canetti.com\/wp-content\/uploads\/2014\/04\/Z-comme-Zo\u00e9.mp3'>Z Comme Zo\u00e9<\/a><\/li>\t<\/ol>\n\t<\/noscript>\n\t<script type=\"application\/json\" class=\"wp-playlist-script\">{\"type\":\"audio\",\"tracklist\":true,\"tracknumbers\":true,\"images\":true,\"artists\":true,\"tracks\":[{\"src\":\"https:\/\/jacques-canetti.com\/wp-content\/uploads\/2014\/04\/L-comme-Louis.mp3\",\"type\":\"audio\/mpeg\",\"title\":\"L-Comme Louis\",\"caption\":\"\",\"description\":\"\\u003Ci\\u003EPiste 12\\u003C\/i\\u003E tir\\u00e9 de \\u003Ci\\u003EAlbum inconnu (19\/06\/2014 11:45:16)\\u003C\/i\\u003E par Artiste inconnu. Piste 12. Genre&nbsp;: Genre inconnu\",\"meta\":{\"artist\":\"Artiste inconnu\",\"album\":\"Album inconnu (19\/06\/2014 11:45:16)\",\"genre\":\"Genre inconnu\",\"length_formatted\":\"0:15\"},\"image\":{\"src\":\"https:\/\/jacques-canetti.com\/wp-includes\/images\/media\/audio.svg\",\"width\":48,\"height\":64},\"thumb\":{\"src\":\"https:\/\/jacques-canetti.com\/wp-includes\/images\/media\/audio.svg\",\"width\":48,\"height\":64}},{\"src\":\"https:\/\/jacques-canetti.com\/wp-content\/uploads\/2014\/04\/N-comme-Nicolas.mp3\",\"type\":\"audio\/mpeg\",\"title\":\"N comme Nicolas\",\"caption\":\"\",\"description\":\"\\u003Ci\\u003EPiste 14\\u003C\/i\\u003E tir\\u00e9 de \\u003Ci\\u003EAlbum inconnu (19\/06\/2014 11:45:16)\\u003C\/i\\u003E par Artiste inconnu. Piste 14. Genre&nbsp;: Genre inconnu\",\"meta\":{\"artist\":\"Artiste inconnu\",\"album\":\"Album inconnu (19\/06\/2014 11:45:16)\",\"genre\":\"Genre inconnu\",\"length_formatted\":\"0:15\"},\"image\":{\"src\":\"https:\/\/jacques-canetti.com\/wp-includes\/images\/media\/audio.svg\",\"width\":48,\"height\":64},\"thumb\":{\"src\":\"https:\/\/jacques-canetti.com\/wp-includes\/images\/media\/audio.svg\",\"width\":48,\"height\":64}},{\"src\":\"https:\/\/jacques-canetti.com\/wp-content\/uploads\/2014\/04\/Z-comme-Zo\\u00e9.mp3\",\"type\":\"audio\/mpeg\",\"title\":\"Z Comme Zo\\u00e9\",\"caption\":\"\",\"description\":\"\\u003Ci\\u003EPiste 26\\u003C\/i\\u003E tir\\u00e9 de \\u003Ci\\u003EAlbum inconnu (19\/06\/2014 11:45:16)\\u003C\/i\\u003E par Artiste inconnu. Piste 26. Genre&nbsp;: Genre inconnu\",\"meta\":{\"artist\":\"Artiste inconnu\",\"album\":\"Album inconnu (19\/06\/2014 11:45:16)\",\"genre\":\"Genre inconnu\",\"length_formatted\":\"0:25\"},\"image\":{\"src\":\"https:\/\/jacques-canetti.com\/wp-includes\/images\/media\/audio.svg\",\"width\":48,\"height\":64},\"thumb\":{\"src\":\"https:\/\/jacques-canetti.com\/wp-includes\/images\/media\/audio.svg\",\"width\":48,\"height\":64}}]}<\/script>\n<\/div>\n\t\n<h2><span style=\"font-weight: normal;\">[\/vc_accordion_tab][\/vc_accordion][\/vc_column][\/vc_row]<\/span><\/h2>\n<hr \/>\n<h2><strong>Artist story<\/strong><\/h2>\n<p>Born in 1920, Boris Vian (aka Vernon Sullivan for its most sulphurous pounds) joined the Central School in 1939 and became an engineer in 1942. In 1954, he began singing in the Trois Baudets theater and will know a great success with his books and songs. Trumpeter, composer, performer, jazz journalist and surrealist genius writer, he launched the first rock songs in French with Michel Legrand, Henri Salvador and Jacques Canetti. He died of heart disease June 23, 1959, during the private screening of \u201cJ\u2019irais cracher sur vos tombes\u201d.<\/p>\n<\/div>","protected":false},"excerpt":{"rendered":"<p>Songbook &amp; CD audio box. These <strong>26 texts by Boris Vian<\/strong> are small treats for children&#8217;s literature, alternately malicious, mischievous and tender. On the music of Lucienne Vernay, arranged by the musicians of Debout Sur Le Zinc, letters of the alphabet are fun to sing. This Song Book is accompanied by an audio CD that invites you to discover the melody and instrumental accompaniment of 26 songs of this book. You will be able to sing or play the songs as you would with a real orchestra!<\/p>\n<p style=\"text-align: left;\"><a href=\"https:\/\/jacques-canetti.com\/wp-content\/uploads\/2014\/04\/Extrait-Ab\u00e9c\u00e9daire-Boris-Vian-HD_3.jpg\"><img loading=\"lazy\" decoding=\"async\" class=\"alignnone wp-image-5482 size-medium\" src=\"https:\/\/jacques-canetti.com\/wp-content\/uploads\/2016\/08\/Copie-de-Extrait-Abe\u0301ce\u0301daire-Boris-Vian-HD_1-227x300-227x300.jpg\" width=\"227\" height=\"300\" \/><\/a>\u00a0<a href=\"https:\/\/jacques-canetti.com\/wp-content\/uploads\/2014\/04\/Copie-de-Extrait-Ab\u00e9c\u00e9daire-Boris-Vian-HD_1.jpg\"><img loading=\"lazy\" decoding=\"async\" class=\"alignnone wp-image-5480 size-medium\" src=\"https:\/\/jacques-canetti.com\/wp-content\/uploads\/2016\/08\/Extrait-Abe\u0301ce\u0301daire-Boris-Vian-HD_3-1-226x300.jpg\" width=\"226\" height=\"300\" \/><\/a><\/p>\n<p>A as Anatole B as Berthe C as C\u00e9lestin D as D\u00e9sir E as Eug\u00e8ne F as Fran\u00e7ois G as Gaston H as Henri I as Irma J as Joseph K as Kl\u00e9ber L as Louis M as Marcel N as Nicolas O as Oscar P as Pierre Q as Quintal R as Raoul S as Suzanne T as Th\u00e9r\u00e8se U as Ursule V as Victor W as William X as Xavier Y as Yvonne Z as Zo\u00e9. <strong>This CD-book was nominated for the Award for Musical Creation of CSDEM.<\/strong><a href=\"http:\/\/www.csdem.org\/-Prix-de-la-Creation-Musicale-\" target=\"_blank\"><img loading=\"lazy\" decoding=\"async\" class=\"aligncenter wp-image-905\" src=\"https:\/\/jacques-canetti.com\/wp-content\/uploads\/2014\/04\/Label-CSDEM-300x300.jpg\" alt=\"Prix de la cr\u00e9ation musicale Label CSDEM\" width=\"120\" height=\"120\" srcset=\"https:\/\/jacques-canetti.com\/wp-content\/uploads\/2014\/04\/Label-CSDEM-300x300.jpg 300w, https:\/\/jacques-canetti.com\/wp-content\/uploads\/2014\/04\/Label-CSDEM-200x200.jpg 200w, https:\/\/jacques-canetti.com\/wp-content\/uploads\/2014\/04\/Label-CSDEM.jpg 938w\" sizes=\"auto, (max-width: 120px) 100vw, 120px\" \/><\/a><\/p>\n","protected":false},"featured_media":18643,"comment_status":"closed","ping_status":"closed","template":"","meta":{"_seopress_robots_primary_cat":"","_seopress_titles_title":"","_seopress_titles_desc":"","_seopress_robots_index":""},"product_brand":[],"product_cat":[130,134,135],"product_tag":[223,144,157,192],"class_list":{"0":"post-5474","1":"product","2":"type-product","3":"status-publish","4":"has-post-thumbnail","6":"product_cat-cd-dvd-en","7":"product_cat-books","8":"product_cat-music-scores","9":"product_tag-abecedaire-en","10":"product_tag-boris-vian-en","11":"product_tag-debout-sur-le-zinc-en","12":"product_tag-lucienne-vernay-en","13":"description-off","15":"first","16":"instock","17":"purchasable","18":"product-type-simple"},"_links":{"self":[{"href":"https:\/\/jacques-canetti.com\/en\/wp-json\/wp\/v2\/product\/5474","targetHints":{"allow":["GET"]}}],"collection":[{"href":"https:\/\/jacques-canetti.com\/en\/wp-json\/wp\/v2\/product"}],"about":[{"href":"https:\/\/jacques-canetti.com\/en\/wp-json\/wp\/v2\/types\/product"}],"replies":[{"embeddable":true,"href":"https:\/\/jacques-canetti.com\/en\/wp-json\/wp\/v2\/comments?post=5474"}],"wp:featuredmedia":[{"embeddable":true,"href":"https:\/\/jacques-canetti.com\/en\/wp-json\/wp\/v2\/media\/18643"}],"wp:attachment":[{"href":"https:\/\/jacques-canetti.com\/en\/wp-json\/wp\/v2\/media?parent=5474"}],"wp:term":[{"taxonomy":"product_brand","embeddable":true,"href":"https:\/\/jacques-canetti.com\/en\/wp-json\/wp\/v2\/product_brand?post=5474"},{"taxonomy":"product_cat","embeddable":true,"href":"https:\/\/jacques-canetti.com\/en\/wp-json\/wp\/v2\/product_cat?post=5474"},{"taxonomy":"product_tag","embeddable":true,"href":"https:\/\/jacques-canetti.com\/en\/wp-json\/wp\/v2\/product_tag?post=5474"}],"curies":[{"name":"wp","href":"https:\/\/api.w.org\/{rel}","templated":true}]}}