{"id":5486,"date":"2014-06-29T10:09:18","date_gmt":"2016-08-11T16:31:33","guid":{"rendered":"https:\/\/jacques-canetti.com\/en\/?post_type=product&#038;p=5486"},"modified":"2016-08-11T18:32:13","modified_gmt":"2016-08-11T16:32:13","slug":"labecedaire-en-26-chansonnettes-de-boris-vian-et-lucienne-vernay-version-partitions-numeriques","status":"publish","type":"product","link":"https:\/\/jacques-canetti.com\/en\/produit\/music-scores\/labecedaire-en-26-chansonnettes-de-boris-vian-et-lucienne-vernay-version-partitions-numeriques\/","title":{"rendered":"L&#8217;Ab\u00e9c\u00e9daire en 26 chansonnettes de Boris Vian et Lucienne Vernay (Version Partitions Num\u00e9riques)"},"content":{"rendered":"<div class=\"wpb-content-wrapper\"><hr \/>\n<h2><strong><img loading=\"lazy\" decoding=\"async\" class=\"alignleft wp-image-2388\" src=\"https:\/\/jacques-canetti.com\/wp-content\/uploads\/2014\/06\/play43.png\" alt=\"\" width=\"73\" height=\"71\" \/><\/strong><\/h2>\n<p>[vc_row][vc_column width=&#8221;5\/6&#8243;]<div class=\"gap\" style=\"line-height: 10px; height: 10px;\"><\/div>[vc_accordion collapsible=&#8221;yes&#8221; active_tab=&#8221;false&#8221;][vc_accordion_tab title=&#8221;<strong>CLIQUEZ POUR D\u00c9COUVRIR LES EXTRAITS \u00c0 L\u2019\u00c9COUTE<\/strong>&#8220;]<\/p>\n<div class=\"wp-playlist wp-audio-playlist wp-playlist-light\">\n\t\t\t<div class=\"wp-playlist-current-item\"><\/div>\n\t\t<audio controls=\"controls\" preload=\"none\" width=\"1178\"\n\t\t\t><\/audio>\n\t<div class=\"wp-playlist-next\"><\/div>\n\t<div class=\"wp-playlist-prev\"><\/div>\n\t<noscript>\n\t<ol>\n\t\t<li><a href='https:\/\/jacques-canetti.com\/wp-content\/uploads\/2014\/04\/L-comme-Louis.mp3'>L-Comme Louis<\/a><\/li><li><a href='https:\/\/jacques-canetti.com\/wp-content\/uploads\/2014\/04\/N-comme-Nicolas.mp3'>N comme Nicolas<\/a><\/li><li><a href='https:\/\/jacques-canetti.com\/wp-content\/uploads\/2014\/04\/Z-comme-Zo\u00e9.mp3'>Z Comme Zo\u00e9<\/a><\/li>\t<\/ol>\n\t<\/noscript>\n\t<script type=\"application\/json\" class=\"wp-playlist-script\">{\"type\":\"audio\",\"tracklist\":true,\"tracknumbers\":true,\"images\":true,\"artists\":true,\"tracks\":[{\"src\":\"https:\/\/jacques-canetti.com\/wp-content\/uploads\/2014\/04\/L-comme-Louis.mp3\",\"type\":\"audio\/mpeg\",\"title\":\"L-Comme Louis\",\"caption\":\"\",\"description\":\"\\u003Ci\\u003EPiste 12\\u003C\/i\\u003E tir\\u00e9 de \\u003Ci\\u003EAlbum inconnu (19\/06\/2014 11:45:16)\\u003C\/i\\u003E par Artiste inconnu. Piste 12. Genre&nbsp;: Genre inconnu\",\"meta\":{\"artist\":\"Artiste inconnu\",\"album\":\"Album inconnu (19\/06\/2014 11:45:16)\",\"genre\":\"Genre inconnu\",\"length_formatted\":\"0:15\"},\"image\":{\"src\":\"https:\/\/jacques-canetti.com\/wp-includes\/images\/media\/audio.svg\",\"width\":48,\"height\":64},\"thumb\":{\"src\":\"https:\/\/jacques-canetti.com\/wp-includes\/images\/media\/audio.svg\",\"width\":48,\"height\":64}},{\"src\":\"https:\/\/jacques-canetti.com\/wp-content\/uploads\/2014\/04\/N-comme-Nicolas.mp3\",\"type\":\"audio\/mpeg\",\"title\":\"N comme Nicolas\",\"caption\":\"\",\"description\":\"\\u003Ci\\u003EPiste 14\\u003C\/i\\u003E tir\\u00e9 de \\u003Ci\\u003EAlbum inconnu (19\/06\/2014 11:45:16)\\u003C\/i\\u003E par Artiste inconnu. Piste 14. Genre&nbsp;: Genre inconnu\",\"meta\":{\"artist\":\"Artiste inconnu\",\"album\":\"Album inconnu (19\/06\/2014 11:45:16)\",\"genre\":\"Genre inconnu\",\"length_formatted\":\"0:15\"},\"image\":{\"src\":\"https:\/\/jacques-canetti.com\/wp-includes\/images\/media\/audio.svg\",\"width\":48,\"height\":64},\"thumb\":{\"src\":\"https:\/\/jacques-canetti.com\/wp-includes\/images\/media\/audio.svg\",\"width\":48,\"height\":64}},{\"src\":\"https:\/\/jacques-canetti.com\/wp-content\/uploads\/2014\/04\/Z-comme-Zo\\u00e9.mp3\",\"type\":\"audio\/mpeg\",\"title\":\"Z Comme Zo\\u00e9\",\"caption\":\"\",\"description\":\"\\u003Ci\\u003EPiste 26\\u003C\/i\\u003E tir\\u00e9 de \\u003Ci\\u003EAlbum inconnu (19\/06\/2014 11:45:16)\\u003C\/i\\u003E par Artiste inconnu. Piste 26. Genre&nbsp;: Genre inconnu\",\"meta\":{\"artist\":\"Artiste inconnu\",\"album\":\"Album inconnu (19\/06\/2014 11:45:16)\",\"genre\":\"Genre inconnu\",\"length_formatted\":\"0:25\"},\"image\":{\"src\":\"https:\/\/jacques-canetti.com\/wp-includes\/images\/media\/audio.svg\",\"width\":48,\"height\":64},\"thumb\":{\"src\":\"https:\/\/jacques-canetti.com\/wp-includes\/images\/media\/audio.svg\",\"width\":48,\"height\":64}}]}<\/script>\n<\/div>\n\t\n<h2><span style=\"font-weight: normal;\">[\/vc_accordion_tab][\/vc_accordion][\/vc_column][\/vc_row]<\/span><\/h2>\n<hr \/>\n<h2><strong>Bio de l&#8217;artiste<\/strong><\/h2>\n<p>N\u00e9 en 1920, Boris Vian (alias Vernon Sullivan pour ses livres les plus sulfureux) int\u00e8gre l&#8217;\u00c9cole centrale en 1939 et devient ing\u00e9nieur en 1942. D\u00e8s 1954 il commence \u00e0 chanter au th\u00e9\u00e2tre des Trois Baudets et connaitra un grand succ\u00e8s avec ses livres et chansons. Trompettiste, compositeur, interpr\u00e8te, journaliste de jazz et \u00e9crivain surr\u00e9aliste de g\u00e9nie, il lance les premiers rocks en fran\u00e7ais avec Michel Legrand, Henri Salvador et Jacques Canetti. Il meurt d&#8217;une maladie cardiaque le 23 juin 1959, lors de la projection priv\u00e9e de \u00ab\u00a0j\u2019irai cracher sur vos tombes\u00a0\u00bb.<\/p>\n<\/div>","protected":false},"excerpt":{"rendered":"<p><span style=\"font-weight: bold; color: #4a4542;\">Digital sheets\u00a0(PDF)<\/span> These <strong>26 texts by Boris Vian\u00a0<\/strong>are small treats for children\u2019s literature, alternately malicious, mischievous and tender. On the music of Lucienne Vernay, arranged by the musicians of Debout Sur Le Zinc, letters of the alphabet are fun to sing. A as Anatole B as Berthe C as C\u00e9lestin D as D\u00e9sir E as Eug\u00e8ne F as Fran\u00e7ois G as Gaston H as Henri I as Irma J as Joseph K as Kl\u00e9ber L as Louis M as Marcel N as Nicolas O as Oscar P as Pierre Q as Quintal R as Raoul S as Suzanne T as Th\u00e9r\u00e8se U as Ursule V as Victor W as William X as Xavier Y as Yvonne Z as Zo\u00e9. <a href=\"http:\/\/www.csdem.org\/-Prix-de-la-Creation-Musicale-\" target=\"_blank\"><img loading=\"lazy\" decoding=\"async\" class=\"aligncenter wp-image-905\" src=\"https:\/\/jacques-canetti.com\/wp-content\/uploads\/2014\/04\/Label-CSDEM-300x300.jpg\" alt=\"Prix de la cr\u00e9ation musicale Label CSDEM\" width=\"120\" height=\"120\" srcset=\"https:\/\/jacques-canetti.com\/wp-content\/uploads\/2014\/04\/Label-CSDEM-300x300.jpg 300w, https:\/\/jacques-canetti.com\/wp-content\/uploads\/2014\/04\/Label-CSDEM-200x200.jpg 200w, https:\/\/jacques-canetti.com\/wp-content\/uploads\/2014\/04\/Label-CSDEM.jpg 938w\" sizes=\"auto, (max-width: 120px) 100vw, 120px\" \/><\/a><\/p>\n","protected":false},"featured_media":19710,"comment_status":"closed","ping_status":"closed","template":"","meta":{"_seopress_robots_primary_cat":"","_seopress_titles_title":"","_seopress_titles_desc":"","_seopress_robots_index":""},"product_brand":[],"product_cat":[135],"product_tag":[144,192],"class_list":{"0":"post-5486","1":"product","2":"type-product","3":"status-publish","4":"has-post-thumbnail","6":"product_cat-music-scores","7":"product_tag-boris-vian-en","8":"product_tag-lucienne-vernay-en","9":"description-off","11":"first","12":"instock","13":"downloadable","14":"virtual","15":"purchasable","16":"product-type-simple"},"_links":{"self":[{"href":"https:\/\/jacques-canetti.com\/en\/wp-json\/wp\/v2\/product\/5486","targetHints":{"allow":["GET"]}}],"collection":[{"href":"https:\/\/jacques-canetti.com\/en\/wp-json\/wp\/v2\/product"}],"about":[{"href":"https:\/\/jacques-canetti.com\/en\/wp-json\/wp\/v2\/types\/product"}],"replies":[{"embeddable":true,"href":"https:\/\/jacques-canetti.com\/en\/wp-json\/wp\/v2\/comments?post=5486"}],"wp:featuredmedia":[{"embeddable":true,"href":"https:\/\/jacques-canetti.com\/en\/wp-json\/wp\/v2\/media\/19710"}],"wp:attachment":[{"href":"https:\/\/jacques-canetti.com\/en\/wp-json\/wp\/v2\/media?parent=5486"}],"wp:term":[{"taxonomy":"product_brand","embeddable":true,"href":"https:\/\/jacques-canetti.com\/en\/wp-json\/wp\/v2\/product_brand?post=5486"},{"taxonomy":"product_cat","embeddable":true,"href":"https:\/\/jacques-canetti.com\/en\/wp-json\/wp\/v2\/product_cat?post=5486"},{"taxonomy":"product_tag","embeddable":true,"href":"https:\/\/jacques-canetti.com\/en\/wp-json\/wp\/v2\/product_tag?post=5486"}],"curies":[{"name":"wp","href":"https:\/\/api.w.org\/{rel}","templated":true}]}}